{"id":1029,"date":"2018-04-16T17:20:27","date_gmt":"2018-04-16T15:20:27","guid":{"rendered":"http:\/\/rebbz-winterhude.hamburg.de\/?page_id=1029"},"modified":"2018-04-16T17:21:04","modified_gmt":"2018-04-16T15:21:04","slug":"klassenfahrt-nach-berlin","status":"publish","type":"page","link":"https:\/\/rebbz-winterhude.hamburg.de\/?page_id=1029","title":{"rendered":"Klassenfahrt nach Berlin"},"content":{"rendered":"<p style=\"text-align: justify\">Vom 12.-16.06.2017 fuhren die Klassen 8\/9 und 10 auf Klassenfahrt nach Berlin. Mit dem Zug fuhren wir von Hamburg<img loading=\"lazy\" decoding=\"async\" class=\" wp-image-1031 alignright\" src=\"https:\/\/rebbz-winterhude.hamburg.de\/wp-content\/uploads\/sites\/656\/2018\/04\/19576011_10211642285924490_1425560943_n-240x300.jpg\" alt=\"\" width=\"263\" height=\"329\" srcset=\"https:\/\/rebbz-winterhude.hamburg.de\/wp-content\/uploads\/sites\/656\/2018\/04\/19576011_10211642285924490_1425560943_n-240x300.jpg 240w, https:\/\/rebbz-winterhude.hamburg.de\/wp-content\/uploads\/sites\/656\/2018\/04\/19576011_10211642285924490_1425560943_n.jpg 576w\" sizes=\"auto, (max-width: 263px) 100vw, 263px\" \/> direkt in die Hauptstadt. Unser Hostel \u201e Three Little Pigs\u201c (Drei kleine Schweinchen) hatte eine tolle Lage und befand sich im Zentrum am\u00a0\u00a0\u00a0\u00a0 Potsdamer Platz. Am ersten Abend st\u00fcrmten wir den Reichstag und genossen einen Blick aus der Glaskuppel beim Sonnenuntergang.\u00a0 Am n\u00e4chsten Tag ging es zu Madame Tussauds (dem Wachsfigurenkabinett), wo wir viele Prominente trafen. Von Cristiano Ronaldo bis Albert Einstein waren alle vor Ort! Am Abend ging es noch zum Feiern ins Matrix, eine gro\u00dfe Disco, die aus Berlin Tag und Nacht bekannt ist. Hier fand eine gro\u00dfe Sch\u00fclerparty statt. Mittwo<img loading=\"lazy\" decoding=\"async\" class=\"wp-image-1033 alignleft\" src=\"https:\/\/rebbz-winterhude.hamburg.de\/wp-content\/uploads\/sites\/656\/2018\/04\/20170614123759-300x225.jpg\" alt=\"\" width=\"193\" height=\"145\" srcset=\"https:\/\/rebbz-winterhude.hamburg.de\/wp-content\/uploads\/sites\/656\/2018\/04\/20170614123759-300x225.jpg 300w, https:\/\/rebbz-winterhude.hamburg.de\/wp-content\/uploads\/sites\/656\/2018\/04\/20170614123759-768x576.jpg 768w, https:\/\/rebbz-winterhude.hamburg.de\/wp-content\/uploads\/sites\/656\/2018\/04\/20170614123759-1024x768.jpg 1024w, https:\/\/rebbz-winterhude.hamburg.de\/wp-content\/uploads\/sites\/656\/2018\/04\/20170614123759.jpg 2048w\" sizes=\"auto, (max-width: 193px) 100vw, 193px\" \/>chs stand trotz der kurzen Nacht die Kultur im Vordergrund: Zu Fu\u00df erkundeten wir\u00a0 den Checkpoint Charlie, das Holocaustmahnmal und gingen durchs Brandenburger\u00a0 Tor. Der Donnerstag startete mit einer sonnig entspannten Spreefahrt. Anschlie\u00dfend wurde auf dem Alexanderplatz geshoppt und gechillt. Unseren letzten Abend verbrachten wir auf dem Tempelhofer Feld <img loading=\"lazy\" decoding=\"async\" class=\"wp-image-1034 alignright\" src=\"https:\/\/rebbz-winterhude.hamburg.de\/wp-content\/uploads\/sites\/656\/2018\/04\/20170614141605-300x225.jpg\" alt=\"\" width=\"153\" height=\"114\" srcset=\"https:\/\/rebbz-winterhude.hamburg.de\/wp-content\/uploads\/sites\/656\/2018\/04\/20170614141605-300x225.jpg 300w, https:\/\/rebbz-winterhude.hamburg.de\/wp-content\/uploads\/sites\/656\/2018\/04\/20170614141605-768x576.jpg 768w, https:\/\/rebbz-winterhude.hamburg.de\/wp-content\/uploads\/sites\/656\/2018\/04\/20170614141605-1024x768.jpg 1024w, https:\/\/rebbz-winterhude.hamburg.de\/wp-content\/uploads\/sites\/656\/2018\/04\/20170614141605.jpg 2048w\" sizes=\"auto, (max-width: 153px) 100vw, 153px\" \/>bei Beats und Fu\u00dfball. Am Freitag ging es schon wieder zur\u00fcck nach Hamburg.\u00a0 Wir hatten eine sonnige Woche und haben so ziemlich alles mitgenommen, was man von Berlin erwarten kann.<\/p>\n","protected":false},"excerpt":{"rendered":"<p>Vom 12.-16.06.2017 fuhren die Klassen 8\/9 und 10 auf Klassenfahrt nach Berlin. Mit dem Zug fuhren wir von Hamburg direkt in die Hauptstadt. Unser Hostel \u201e Three Little Pigs\u201c (Drei kleine Schweinchen) hatte eine tolle Lage und befand sich im Zentrum am\u00a0\u00a0\u00a0\u00a0 Potsdamer Platz. Am ersten Abend st\u00fcrmten wir den Reichstag und genossen einen Blick &hellip; <a href=\"https:\/\/rebbz-winterhude.hamburg.de\/?page_id=1029\" class=\"more-link\"><span class=\"screen-reader-text\">Klassenfahrt nach Berlin<\/span> weiterlesen <span class=\"meta-nav\">&rarr;<\/span><\/a><\/p>\n","protected":false},"author":761,"featured_media":0,"parent":0,"menu_order":0,"comment_status":"closed","ping_status":"closed","template":"","meta":{"_acf_changed":false,"footnotes":""},"class_list":["post-1029","page","type-page","status-publish","hentry"],"acf":[],"_links":{"self":[{"href":"https:\/\/rebbz-winterhude.hamburg.de\/index.php?rest_route=\/wp\/v2\/pages\/1029","targetHints":{"allow":["GET"]}}],"collection":[{"href":"https:\/\/rebbz-winterhude.hamburg.de\/index.php?rest_route=\/wp\/v2\/pages"}],"about":[{"href":"https:\/\/rebbz-winterhude.hamburg.de\/index.php?rest_route=\/wp\/v2\/types\/page"}],"author":[{"embeddable":true,"href":"https:\/\/rebbz-winterhude.hamburg.de\/index.php?rest_route=\/wp\/v2\/users\/761"}],"replies":[{"embeddable":true,"href":"https:\/\/rebbz-winterhude.hamburg.de\/index.php?rest_route=%2Fwp%2Fv2%2Fcomments&post=1029"}],"version-history":[{"count":0,"href":"https:\/\/rebbz-winterhude.hamburg.de\/index.php?rest_route=\/wp\/v2\/pages\/1029\/revisions"}],"wp:attachment":[{"href":"https:\/\/rebbz-winterhude.hamburg.de\/index.php?rest_route=%2Fwp%2Fv2%2Fmedia&parent=1029"}],"curies":[{"name":"wp","href":"https:\/\/api.w.org\/{rel}","templated":true}]}}