{"id":1041,"date":"2018-04-16T17:35:37","date_gmt":"2018-04-16T15:35:37","guid":{"rendered":"http:\/\/rebbz-winterhude.hamburg.de\/?page_id=1041"},"modified":"2018-04-16T17:35:37","modified_gmt":"2018-04-16T15:35:37","slug":"prima-klima-sprechstunde","status":"publish","type":"page","link":"https:\/\/rebbz-winterhude.hamburg.de\/?page_id=1041","title":{"rendered":"Prima-Klima-Sprechstunde"},"content":{"rendered":"<p style=\"text-align: justify\"><span style=\"font-family: 'Arial','sans-serif'\">Einmal die Woche findet am Esche<\/span><span style=\"font-family: 'Arial','sans-serif'\"><img loading=\"lazy\" decoding=\"async\" class=\" wp-image-1042 alignright\" src=\"https:\/\/rebbz-winterhude.hamburg.de\/wp-content\/uploads\/sites\/656\/2018\/04\/Fragezeichen-161x300.jpg\" alt=\"\" width=\"82\" height=\"153\" srcset=\"https:\/\/rebbz-winterhude.hamburg.de\/wp-content\/uploads\/sites\/656\/2018\/04\/Fragezeichen-161x300.jpg 161w, https:\/\/rebbz-winterhude.hamburg.de\/wp-content\/uploads\/sites\/656\/2018\/04\/Fragezeichen.jpg 360w\" sizes=\"auto, (max-width: 82px) 100vw, 82px\" \/><\/span><span style=\"font-family: 'Arial','sans-serif'\">nweg die Prima-Klima-Sprechstunde sta<\/span><span style=\"font-family: 'Arial','sans-serif'\">tt, in der Sch\u00fclerinnen<\/span><span style=\"font-family: 'Arial','sans-serif'\"> und<\/span><span style=\"font-family: 'Arial','sans-serif'\"> Sch\u00fcler sich Rat oder Hilfe holen k\u00f6nnen. Die Sprechstunde bietet den Rahmen bei Streit, Auseinandersetzungen, \u00c4rger, Mobbing, Angst oder Sorgen <\/span><img loading=\"lazy\" decoding=\"async\" class=\"wp-image-992 alignleft\" src=\"https:\/\/rebbz-winterhude.hamburg.de\/wp-content\/uploads\/sites\/656\/2018\/04\/Sch\u00fcler-\u00fcberlegen-300x240.jpg\" alt=\"\" width=\"193\" height=\"154\" srcset=\"https:\/\/rebbz-winterhude.hamburg.de\/wp-content\/uploads\/sites\/656\/2018\/04\/Sch\u00fcler-\u00fcberlegen-300x240.jpg 300w, https:\/\/rebbz-winterhude.hamburg.de\/wp-content\/uploads\/sites\/656\/2018\/04\/Sch\u00fcler-\u00fcberlegen-768x616.jpg 768w, https:\/\/rebbz-winterhude.hamburg.de\/wp-content\/uploads\/sites\/656\/2018\/04\/Sch\u00fcler-\u00fcberlegen.jpg 842w\" sizes=\"auto, (max-width: 193px) 100vw, 193px\" \/><span style=\"font-family: 'Arial','sans-serif'\">in Ruhe das Gespr\u00e4ch zu suchen und\/oder L\u00f6sungen zu finden. Eine Lehrkraft unterst\u00fctzt bei der L\u00f6sung der Probleme oder verweist auf m\u00f6gliche au\u00dferschulische Angebote. Die Kinder werden auf eigenen Wunsch oder auf Wunsch der Lehrkraft f\u00fcr die Prima-Klima-Sprechstunde angemeldet. Die Ergebnisse werden in einem Protokoll festgehalten und es werden Verabredungen zum weiteren Vo<\/span><span style=\"font-family: 'Arial','sans-serif'\">rgehen getroffen. Die S<\/span><span style=\"font-family: 'Arial','sans-serif'\">prechstunde bietet dabei eine vertrauensvolle Atmosph\u00e4re und ausreichend Zeit, um Dinge in Ruhe zu kl\u00e4ren. Die Sch\u00fclerinnen und Sch\u00fcler lernen so Handlungsstrategien, die einen angemessenen Umgang mit Problemen<\/span><span style=\"font-family: 'Arial','sans-serif'\"> erm\u00f6glichen (Gespr\u00e4chsregeln, Strategien zur Konfliktkl\u00e4rung, M\u00f6glichkeiten der Wiedergutmachung).\u00a0<\/span><\/p>\n","protected":false},"excerpt":{"rendered":"<p>Einmal die Woche findet am Eschenweg die Prima-Klima-Sprechstunde statt, in der Sch\u00fclerinnen und Sch\u00fcler sich Rat oder Hilfe holen k\u00f6nnen. Die Sprechstunde bietet den Rahmen bei Streit, Auseinandersetzungen, \u00c4rger, Mobbing, Angst oder Sorgen in Ruhe das Gespr\u00e4ch zu suchen und\/oder L\u00f6sungen zu finden. Eine Lehrkraft unterst\u00fctzt bei der L\u00f6sung der Probleme oder verweist auf m\u00f6gliche &hellip; <a href=\"https:\/\/rebbz-winterhude.hamburg.de\/?page_id=1041\" class=\"more-link\"><span class=\"screen-reader-text\">Prima-Klima-Sprechstunde<\/span> weiterlesen <span class=\"meta-nav\">&rarr;<\/span><\/a><\/p>\n","protected":false},"author":761,"featured_media":0,"parent":0,"menu_order":0,"comment_status":"closed","ping_status":"closed","template":"","meta":{"_acf_changed":false,"footnotes":""},"class_list":["post-1041","page","type-page","status-publish","hentry"],"acf":[],"_links":{"self":[{"href":"https:\/\/rebbz-winterhude.hamburg.de\/index.php?rest_route=\/wp\/v2\/pages\/1041","targetHints":{"allow":["GET"]}}],"collection":[{"href":"https:\/\/rebbz-winterhude.hamburg.de\/index.php?rest_route=\/wp\/v2\/pages"}],"about":[{"href":"https:\/\/rebbz-winterhude.hamburg.de\/index.php?rest_route=\/wp\/v2\/types\/page"}],"author":[{"embeddable":true,"href":"https:\/\/rebbz-winterhude.hamburg.de\/index.php?rest_route=\/wp\/v2\/users\/761"}],"replies":[{"embeddable":true,"href":"https:\/\/rebbz-winterhude.hamburg.de\/index.php?rest_route=%2Fwp%2Fv2%2Fcomments&post=1041"}],"version-history":[{"count":0,"href":"https:\/\/rebbz-winterhude.hamburg.de\/index.php?rest_route=\/wp\/v2\/pages\/1041\/revisions"}],"wp:attachment":[{"href":"https:\/\/rebbz-winterhude.hamburg.de\/index.php?rest_route=%2Fwp%2Fv2%2Fmedia&parent=1041"}],"curies":[{"name":"wp","href":"https:\/\/api.w.org\/{rel}","templated":true}]}}