{"id":1051,"date":"2018-04-16T17:46:33","date_gmt":"2018-04-16T15:46:33","guid":{"rendered":"http:\/\/rebbz-winterhude.hamburg.de\/?page_id=1051"},"modified":"2018-04-16T17:46:33","modified_gmt":"2018-04-16T15:46:33","slug":"weihnachtssingen-2","status":"publish","type":"page","link":"https:\/\/rebbz-winterhude.hamburg.de\/?page_id=1051","title":{"rendered":"Weihnachtssingen"},"content":{"rendered":"<p style=\"text-align: justify\">An jedem letzten oder vorletzten Schultag vor Weihnachten versammeln wir uns vor dem Schulgeb\u00e4ude und gehen gemeinsam in die St. Marien-Kirche in Hamburg Fuhlsb\u00fcttel. Hier erwarten uns Familien und Freunde unserer Sch\u00fclerinnen und Sch\u00fcler.<img loading=\"lazy\" decoding=\"async\" class=\"wp-image-1021 aligncenter\" src=\"https:\/\/rebbz-winterhude.hamburg.de\/wp-content\/uploads\/sites\/656\/2018\/04\/Noten-Musik-300x201.jpg\" alt=\"\" width=\"157\" height=\"105\" srcset=\"https:\/\/rebbz-winterhude.hamburg.de\/wp-content\/uploads\/sites\/656\/2018\/04\/Noten-Musik-300x201.jpg 300w, https:\/\/rebbz-winterhude.hamburg.de\/wp-content\/uploads\/sites\/656\/2018\/04\/Noten-Musik.jpg 588w\" sizes=\"auto, (max-width: 157px) 100vw, 157px\" \/>In weihnachtlichem Ambiente und der beeindruckenden Kulisse einer gro\u00dfen Kirche tragen alle Lerngruppen dem Publikum Adventslieder vor. Begleitet wird dieses durch die Moderation unserer Leitung Tina Reiche mit Barbara Friedrichs.<br \/>\nAnschlie\u00dfend d\u00fcrfen die Sch\u00fclerinnen und Sch\u00fcler gemeinsam mit ihren Familien in die Weihnachtsferien starten.<\/p>\n","protected":false},"excerpt":{"rendered":"<p>An jedem letzten oder vorletzten Schultag vor Weihnachten versammeln wir uns vor dem Schulgeb\u00e4ude und gehen gemeinsam in die St. Marien-Kirche in Hamburg Fuhlsb\u00fcttel. Hier erwarten uns Familien und Freunde unserer Sch\u00fclerinnen und Sch\u00fcler.In weihnachtlichem Ambiente und der beeindruckenden Kulisse einer gro\u00dfen Kirche tragen alle Lerngruppen dem Publikum Adventslieder vor. Begleitet wird dieses durch die &hellip; <a href=\"https:\/\/rebbz-winterhude.hamburg.de\/?page_id=1051\" class=\"more-link\"><span class=\"screen-reader-text\">Weihnachtssingen<\/span> weiterlesen <span class=\"meta-nav\">&rarr;<\/span><\/a><\/p>\n","protected":false},"author":761,"featured_media":0,"parent":0,"menu_order":0,"comment_status":"closed","ping_status":"closed","template":"","meta":{"_acf_changed":false,"footnotes":""},"class_list":["post-1051","page","type-page","status-publish","hentry"],"acf":[],"_links":{"self":[{"href":"https:\/\/rebbz-winterhude.hamburg.de\/index.php?rest_route=\/wp\/v2\/pages\/1051","targetHints":{"allow":["GET"]}}],"collection":[{"href":"https:\/\/rebbz-winterhude.hamburg.de\/index.php?rest_route=\/wp\/v2\/pages"}],"about":[{"href":"https:\/\/rebbz-winterhude.hamburg.de\/index.php?rest_route=\/wp\/v2\/types\/page"}],"author":[{"embeddable":true,"href":"https:\/\/rebbz-winterhude.hamburg.de\/index.php?rest_route=\/wp\/v2\/users\/761"}],"replies":[{"embeddable":true,"href":"https:\/\/rebbz-winterhude.hamburg.de\/index.php?rest_route=%2Fwp%2Fv2%2Fcomments&post=1051"}],"version-history":[{"count":0,"href":"https:\/\/rebbz-winterhude.hamburg.de\/index.php?rest_route=\/wp\/v2\/pages\/1051\/revisions"}],"wp:attachment":[{"href":"https:\/\/rebbz-winterhude.hamburg.de\/index.php?rest_route=%2Fwp%2Fv2%2Fmedia&parent=1051"}],"curies":[{"name":"wp","href":"https:\/\/api.w.org\/{rel}","templated":true}]}}