{"id":1120,"date":"2018-09-05T14:32:07","date_gmt":"2018-09-05T12:32:07","guid":{"rendered":"https:\/\/rebbz-winterhude.hamburg.de\/?page_id=1120"},"modified":"2018-09-05T14:32:07","modified_gmt":"2018-09-05T12:32:07","slug":"projektwoche-graffiti","status":"publish","type":"page","link":"https:\/\/rebbz-winterhude.hamburg.de\/?page_id=1120","title":{"rendered":"Projektwoche Graffiti"},"content":{"rendered":"<p style=\"text-align: justify\"><span style=\"font-size: 20px\"> Schule und HIPHOP?! JA, das geht!<\/span><\/p>\n<p><img loading=\"lazy\" decoding=\"async\" class=\"wp-image-1122 alignleft\" src=\"https:\/\/rebbz-winterhude.hamburg.de\/wp-content\/uploads\/sites\/656\/2018\/09\/Graffiti2-300x171.jpg\" alt=\"\" width=\"346\" height=\"197\" srcset=\"https:\/\/rebbz-winterhude.hamburg.de\/wp-content\/uploads\/sites\/656\/2018\/09\/Graffiti2-300x171.jpg 300w, https:\/\/rebbz-winterhude.hamburg.de\/wp-content\/uploads\/sites\/656\/2018\/09\/Graffiti2.jpg 599w\" sizes=\"auto, (max-width: 346px) 100vw, 346px\" \/><\/p>\n<p>&nbsp;<\/p>\n<p>&nbsp;<\/p>\n<p>&nbsp;<\/p>\n<p>&nbsp;<\/p>\n<p>&nbsp;<\/p>\n<p style=\"text-align: justify\">Die Klasse KOMPASS 9 erlebte eine spannende Projektwoche zum Thema \u201eGraffiti\u201c und tauchte damit ein St\u00fcck in die Hip-Hop-Kultur ein. Dabei entstanden k\u00fcnstlerische Plakate f\u00fcr das Schuljubil\u00e4um, selbstdesignte T-Shirts und ein gro\u00dffl\u00e4chiges <img loading=\"lazy\" decoding=\"async\" class=\"wp-image-1121 alignright\" src=\"https:\/\/rebbz-winterhude.hamburg.de\/wp-content\/uploads\/sites\/656\/2018\/09\/Graffiti-1-300x171.jpg\" alt=\"\" width=\"205\" height=\"117\" srcset=\"https:\/\/rebbz-winterhude.hamburg.de\/wp-content\/uploads\/sites\/656\/2018\/09\/Graffiti-1-300x171.jpg 300w, https:\/\/rebbz-winterhude.hamburg.de\/wp-content\/uploads\/sites\/656\/2018\/09\/Graffiti-1.jpg 592w\" sizes=\"auto, (max-width: 205px) 100vw, 205px\" \/>Graffiti auf dem Schulhof des Schulstandorts Eschenweg.<\/p>\n<p style=\"text-align: justify\"><strong>Ein herzliches Dankesch\u00f6n f\u00fcr dieses sch\u00f6ne Erlebnis geht an Frau Nordhoff und das Jugendkunsthaus Esche.<\/strong><\/p>\n","protected":false},"excerpt":{"rendered":"<p>Schule und HIPHOP?! JA, das geht! &nbsp; &nbsp; &nbsp; &nbsp; &nbsp; Die Klasse KOMPASS 9 erlebte eine spannende Projektwoche zum Thema \u201eGraffiti\u201c und tauchte damit ein St\u00fcck in die Hip-Hop-Kultur ein. Dabei entstanden k\u00fcnstlerische Plakate f\u00fcr das Schuljubil\u00e4um, selbstdesignte T-Shirts und ein gro\u00dffl\u00e4chiges Graffiti auf dem Schulhof des Schulstandorts Eschenweg. Ein herzliches Dankesch\u00f6n f\u00fcr dieses &hellip; <a href=\"https:\/\/rebbz-winterhude.hamburg.de\/?page_id=1120\" class=\"more-link\"><span class=\"screen-reader-text\">Projektwoche Graffiti<\/span> weiterlesen <span class=\"meta-nav\">&rarr;<\/span><\/a><\/p>\n","protected":false},"author":761,"featured_media":0,"parent":0,"menu_order":0,"comment_status":"closed","ping_status":"closed","template":"","meta":{"_acf_changed":false,"footnotes":""},"class_list":["post-1120","page","type-page","status-publish","hentry"],"acf":[],"_links":{"self":[{"href":"https:\/\/rebbz-winterhude.hamburg.de\/index.php?rest_route=\/wp\/v2\/pages\/1120","targetHints":{"allow":["GET"]}}],"collection":[{"href":"https:\/\/rebbz-winterhude.hamburg.de\/index.php?rest_route=\/wp\/v2\/pages"}],"about":[{"href":"https:\/\/rebbz-winterhude.hamburg.de\/index.php?rest_route=\/wp\/v2\/types\/page"}],"author":[{"embeddable":true,"href":"https:\/\/rebbz-winterhude.hamburg.de\/index.php?rest_route=\/wp\/v2\/users\/761"}],"replies":[{"embeddable":true,"href":"https:\/\/rebbz-winterhude.hamburg.de\/index.php?rest_route=%2Fwp%2Fv2%2Fcomments&post=1120"}],"version-history":[{"count":0,"href":"https:\/\/rebbz-winterhude.hamburg.de\/index.php?rest_route=\/wp\/v2\/pages\/1120\/revisions"}],"wp:attachment":[{"href":"https:\/\/rebbz-winterhude.hamburg.de\/index.php?rest_route=%2Fwp%2Fv2%2Fmedia&parent=1120"}],"curies":[{"name":"wp","href":"https:\/\/api.w.org\/{rel}","templated":true}]}}