{"id":1207,"date":"2018-09-19T07:47:05","date_gmt":"2018-09-19T05:47:05","guid":{"rendered":"https:\/\/rebbz-winterhude.hamburg.de\/?page_id=1207"},"modified":"2018-09-19T07:47:05","modified_gmt":"2018-09-19T05:47:05","slug":"fotowettbewerb-fuer-hamburger-schulen","status":"publish","type":"page","link":"https:\/\/rebbz-winterhude.hamburg.de\/?page_id=1207","title":{"rendered":"Fotowettbewerb f\u00fcr Hamburger Schulen"},"content":{"rendered":"<p>Die Klasse 8 hat an einem Fotowettbewerb f\u00fcr Hamburger Schulen teilgenommen:<span style=\"color: #800080\"><strong><img loading=\"lazy\" decoding=\"async\" class=\"size-medium wp-image-1209 alignright\" src=\"https:\/\/rebbz-winterhude.hamburg.de\/wp-content\/uploads\/sites\/656\/2018\/09\/Kunst-2-255x300.jpg\" alt=\"\" width=\"255\" height=\"300\" srcset=\"https:\/\/rebbz-winterhude.hamburg.de\/wp-content\/uploads\/sites\/656\/2018\/09\/Kunst-2-255x300.jpg 255w, https:\/\/rebbz-winterhude.hamburg.de\/wp-content\/uploads\/sites\/656\/2018\/09\/Kunst-2.jpg 599w\" sizes=\"auto, (max-width: 255px) 100vw, 255px\" \/><\/strong><\/span><\/p>\n<p><strong>F\u00fcnf tolle Werke wurden ausgew\u00e4hlt und an zwei Tagen in der \u201eFabrique\u201c im G\u00e4ngeviertel ausgestellt.<\/strong><\/p>\n<p><span style=\"color: #800080\"><strong>Herzlichen Gl\u00fcckwunsch an Celin, Isi, Jakub, Lukas und Stephen mit Marie! <\/strong><\/span><span style=\"color: #800080\"><strong><img loading=\"lazy\" decoding=\"async\" class=\"alignnone  wp-image-1208\" src=\"https:\/\/rebbz-winterhude.hamburg.de\/wp-content\/uploads\/sites\/656\/2018\/09\/Kunst-1-264x300.jpg\" alt=\"\" width=\"474\" height=\"538\" srcset=\"https:\/\/rebbz-winterhude.hamburg.de\/wp-content\/uploads\/sites\/656\/2018\/09\/Kunst-1-264x300.jpg 264w, https:\/\/rebbz-winterhude.hamburg.de\/wp-content\/uploads\/sites\/656\/2018\/09\/Kunst-1.jpg 526w\" sizes=\"auto, (max-width: 474px) 100vw, 474px\" \/><\/strong><\/span><\/p>\n","protected":false},"excerpt":{"rendered":"<p>Die Klasse 8 hat an einem Fotowettbewerb f\u00fcr Hamburger Schulen teilgenommen: F\u00fcnf tolle Werke wurden ausgew\u00e4hlt und an zwei Tagen in der \u201eFabrique\u201c im G\u00e4ngeviertel ausgestellt. Herzlichen Gl\u00fcckwunsch an Celin, Isi, Jakub, Lukas und Stephen mit Marie!<\/p>\n","protected":false},"author":761,"featured_media":0,"parent":0,"menu_order":0,"comment_status":"closed","ping_status":"closed","template":"","meta":{"_acf_changed":false,"footnotes":""},"class_list":["post-1207","page","type-page","status-publish","hentry"],"acf":[],"_links":{"self":[{"href":"https:\/\/rebbz-winterhude.hamburg.de\/index.php?rest_route=\/wp\/v2\/pages\/1207","targetHints":{"allow":["GET"]}}],"collection":[{"href":"https:\/\/rebbz-winterhude.hamburg.de\/index.php?rest_route=\/wp\/v2\/pages"}],"about":[{"href":"https:\/\/rebbz-winterhude.hamburg.de\/index.php?rest_route=\/wp\/v2\/types\/page"}],"author":[{"embeddable":true,"href":"https:\/\/rebbz-winterhude.hamburg.de\/index.php?rest_route=\/wp\/v2\/users\/761"}],"replies":[{"embeddable":true,"href":"https:\/\/rebbz-winterhude.hamburg.de\/index.php?rest_route=%2Fwp%2Fv2%2Fcomments&post=1207"}],"version-history":[{"count":0,"href":"https:\/\/rebbz-winterhude.hamburg.de\/index.php?rest_route=\/wp\/v2\/pages\/1207\/revisions"}],"wp:attachment":[{"href":"https:\/\/rebbz-winterhude.hamburg.de\/index.php?rest_route=%2Fwp%2Fv2%2Fmedia&parent=1207"}],"curies":[{"name":"wp","href":"https:\/\/api.w.org\/{rel}","templated":true}]}}