{"id":1311,"date":"2019-03-07T08:42:16","date_gmt":"2019-03-07T07:42:16","guid":{"rendered":"https:\/\/rebbz-winterhude.hamburg.de\/?page_id=1311"},"modified":"2019-03-07T08:42:16","modified_gmt":"2019-03-07T07:42:16","slug":"hear-world","status":"publish","type":"page","link":"https:\/\/rebbz-winterhude.hamburg.de\/?page_id=1311","title":{"rendered":"HEAR WOR(L)D"},"content":{"rendered":"<p><strong>HEAR WOR(L)D \u2013 eine Sch\u00fcler-Kunstaktion des Thalia Theaters<\/strong><\/p>\n<p style=\"text-align: justify\">Wir, die Klassen 7 bis 10, geh\u00f6rten im Januar 2019 zu den 1500 Sch\u00fclerinnen und Sch\u00fclern aus Hamburg, die sich an dieser Aktion beteiligt haben, um <strong>Kindern und Jugendlichen eine Stimme zu geben.<\/strong><\/p>\n<p style=\"text-align: justify\">Im Unterricht haben wir <strong>Biographien mit Hilfe der Internetrecherche oder aber durch Interviews erforscht und uns \u00fcberlegt, was das M\u00e4dchen oder der Junge sagen m\u00f6chte, um auf sein Schicksal hinzuweisen.<\/strong> Denn nicht alle Kinder und Jugendliche leben in Frieden und Geborgenheit.<\/p>\n<p><img loading=\"lazy\" decoding=\"async\" class=\"size-medium wp-image-1312 alignright\" src=\"https:\/\/rebbz-winterhude.hamburg.de\/wp-content\/uploads\/sites\/656\/2019\/03\/4-176x300.jpg\" alt=\"\" width=\"176\" height=\"300\" srcset=\"https:\/\/rebbz-winterhude.hamburg.de\/wp-content\/uploads\/sites\/656\/2019\/03\/4-176x300.jpg 176w, https:\/\/rebbz-winterhude.hamburg.de\/wp-content\/uploads\/sites\/656\/2019\/03\/4.jpg 429w\" sizes=\"auto, (max-width: 176px) 100vw, 176px\" \/> <img loading=\"lazy\" decoding=\"async\" class=\"alignnone size-medium wp-image-1313\" src=\"https:\/\/rebbz-winterhude.hamburg.de\/wp-content\/uploads\/sites\/656\/2019\/03\/5-209x300.jpg\" alt=\"\" width=\"209\" height=\"300\" srcset=\"https:\/\/rebbz-winterhude.hamburg.de\/wp-content\/uploads\/sites\/656\/2019\/03\/5-209x300.jpg 209w, https:\/\/rebbz-winterhude.hamburg.de\/wp-content\/uploads\/sites\/656\/2019\/03\/5.jpg 315w\" sizes=\"auto, (max-width: 209px) 100vw, 209px\" \/><\/p>\n<p style=\"text-align: justify\"><strong>Die Worte<\/strong> dieser Kinder und Jugendlichen haben wir dann <strong>am Gerhard-Hauptmann -Platz<\/strong> zusammen mit Theaterp\u00e4dagogen des Thalia-Theaters angebracht!<\/p>\n<p style=\"text-align: center\"><a href=\"https:\/\/www.thalia-theater.de\/jung&amp;mehr\/festivals\/lessingtage\"><strong>Mehr Infos zu den Lessingtagen<\/strong><\/a><\/p>\n","protected":false},"excerpt":{"rendered":"<p>HEAR WOR(L)D \u2013 eine Sch\u00fcler-Kunstaktion des Thalia Theaters Wir, die Klassen 7 bis 10, geh\u00f6rten im Januar 2019 zu den 1500 Sch\u00fclerinnen und Sch\u00fclern aus Hamburg, die sich an dieser Aktion beteiligt haben, um Kindern und Jugendlichen eine Stimme zu geben. Im Unterricht haben wir Biographien mit Hilfe der Internetrecherche oder aber durch Interviews erforscht &hellip; <a href=\"https:\/\/rebbz-winterhude.hamburg.de\/?page_id=1311\" class=\"more-link\"><span class=\"screen-reader-text\">HEAR WOR(L)D<\/span> weiterlesen <span class=\"meta-nav\">&rarr;<\/span><\/a><\/p>\n","protected":false},"author":761,"featured_media":0,"parent":0,"menu_order":0,"comment_status":"closed","ping_status":"closed","template":"","meta":{"_acf_changed":false,"footnotes":""},"class_list":["post-1311","page","type-page","status-publish","hentry"],"acf":[],"_links":{"self":[{"href":"https:\/\/rebbz-winterhude.hamburg.de\/index.php?rest_route=\/wp\/v2\/pages\/1311","targetHints":{"allow":["GET"]}}],"collection":[{"href":"https:\/\/rebbz-winterhude.hamburg.de\/index.php?rest_route=\/wp\/v2\/pages"}],"about":[{"href":"https:\/\/rebbz-winterhude.hamburg.de\/index.php?rest_route=\/wp\/v2\/types\/page"}],"author":[{"embeddable":true,"href":"https:\/\/rebbz-winterhude.hamburg.de\/index.php?rest_route=\/wp\/v2\/users\/761"}],"replies":[{"embeddable":true,"href":"https:\/\/rebbz-winterhude.hamburg.de\/index.php?rest_route=%2Fwp%2Fv2%2Fcomments&post=1311"}],"version-history":[{"count":0,"href":"https:\/\/rebbz-winterhude.hamburg.de\/index.php?rest_route=\/wp\/v2\/pages\/1311\/revisions"}],"wp:attachment":[{"href":"https:\/\/rebbz-winterhude.hamburg.de\/index.php?rest_route=%2Fwp%2Fv2%2Fmedia&parent=1311"}],"curies":[{"name":"wp","href":"https:\/\/api.w.org\/{rel}","templated":true}]}}