{"id":1324,"date":"2019-03-07T09:32:49","date_gmt":"2019-03-07T08:32:49","guid":{"rendered":"https:\/\/rebbz-winterhude.hamburg.de\/?page_id=1324"},"modified":"2019-03-07T09:32:49","modified_gmt":"2019-03-07T08:32:49","slug":"treppenlauf","status":"publish","type":"page","link":"https:\/\/rebbz-winterhude.hamburg.de\/?page_id=1324","title":{"rendered":"Treppenlauf"},"content":{"rendered":"<p style=\"text-align: center\"><span style=\"color: #003366\"><strong>Mit Schwung in die Ferien!<\/strong><\/span><\/p>\n<p>Am 01.03. mobilisierten die Sch\u00fclerinnern und Sch\u00fcler nochmal alle Kr\u00e4fte und st\u00fcrmten durchs Treppenhaus.\u00a0 <img loading=\"lazy\" decoding=\"async\" class=\"wp-image-1326  alignright\" src=\"https:\/\/rebbz-winterhude.hamburg.de\/wp-content\/uploads\/sites\/656\/2019\/03\/IMG-20190301-WA0004-e1551947359449-207x300.jpg\" alt=\"\" width=\"152\" height=\"220\" srcset=\"https:\/\/rebbz-winterhude.hamburg.de\/wp-content\/uploads\/sites\/656\/2019\/03\/IMG-20190301-WA0004-e1551947359449-207x300.jpg 207w, https:\/\/rebbz-winterhude.hamburg.de\/wp-content\/uploads\/sites\/656\/2019\/03\/IMG-20190301-WA0004-e1551947359449-706x1024.jpg 706w, https:\/\/rebbz-winterhude.hamburg.de\/wp-content\/uploads\/sites\/656\/2019\/03\/IMG-20190301-WA0004-e1551947359449.jpg 764w\" sizes=\"auto, (max-width: 152px) 100vw, 152px\" \/><\/p>\n<p style=\"text-align: justify\"><span style=\"color: #003366\"><strong>Wer schafft die meisten Auf-und Abstiege in 10 Minuten?<\/strong><\/span> Es galt alle drei Stockwerke vom Keller bis unters Dachgeschoss zu erklimmen. Aber an Pausen, war nicht zu denken! Voller Tatendrang stellten sich die Sch\u00fclerinnern und Sch\u00fcler mit ihren Klassen der Herausforderung! Keiner machte schlapp<img loading=\"lazy\" decoding=\"async\" class=\"size-medium wp-image-1325 alignleft\" src=\"https:\/\/rebbz-winterhude.hamburg.de\/wp-content\/uploads\/sites\/656\/2019\/03\/IMG-20190301-WA0003-225x300.jpg\" alt=\"\" width=\"225\" height=\"300\" srcset=\"https:\/\/rebbz-winterhude.hamburg.de\/wp-content\/uploads\/sites\/656\/2019\/03\/IMG-20190301-WA0003-225x300.jpg 225w, https:\/\/rebbz-winterhude.hamburg.de\/wp-content\/uploads\/sites\/656\/2019\/03\/IMG-20190301-WA0003-768x1024.jpg 768w, https:\/\/rebbz-winterhude.hamburg.de\/wp-content\/uploads\/sites\/656\/2019\/03\/IMG-20190301-WA0003.jpg 1200w\" sizes=\"auto, (max-width: 225px) 100vw, 225px\" \/> und dank der gro\u00dfartigen gegenseitigen Unterst\u00fctzung blieben alle am Ball!<\/p>\n<p style=\"text-align: justify\"><strong><span style=\"color: #003366\">Ein toller Abschluss &#8211; und die Ferien haben sich die Sch\u00fclerinnen und Sch\u00fcler nun wirklich verdient!<\/span><\/strong><\/p>\n","protected":false},"excerpt":{"rendered":"<p>Mit Schwung in die Ferien! Am 01.03. mobilisierten die Sch\u00fclerinnern und Sch\u00fcler nochmal alle Kr\u00e4fte und st\u00fcrmten durchs Treppenhaus.\u00a0 Wer schafft die meisten Auf-und Abstiege in 10 Minuten? Es galt alle drei Stockwerke vom Keller bis unters Dachgeschoss zu erklimmen. Aber an Pausen, war nicht zu denken! Voller Tatendrang stellten sich die Sch\u00fclerinnern und Sch\u00fcler &hellip; <a href=\"https:\/\/rebbz-winterhude.hamburg.de\/?page_id=1324\" class=\"more-link\"><span class=\"screen-reader-text\">Treppenlauf<\/span> weiterlesen <span class=\"meta-nav\">&rarr;<\/span><\/a><\/p>\n","protected":false},"author":761,"featured_media":0,"parent":0,"menu_order":0,"comment_status":"closed","ping_status":"closed","template":"","meta":{"_acf_changed":false,"footnotes":""},"class_list":["post-1324","page","type-page","status-publish","hentry"],"acf":[],"_links":{"self":[{"href":"https:\/\/rebbz-winterhude.hamburg.de\/index.php?rest_route=\/wp\/v2\/pages\/1324","targetHints":{"allow":["GET"]}}],"collection":[{"href":"https:\/\/rebbz-winterhude.hamburg.de\/index.php?rest_route=\/wp\/v2\/pages"}],"about":[{"href":"https:\/\/rebbz-winterhude.hamburg.de\/index.php?rest_route=\/wp\/v2\/types\/page"}],"author":[{"embeddable":true,"href":"https:\/\/rebbz-winterhude.hamburg.de\/index.php?rest_route=\/wp\/v2\/users\/761"}],"replies":[{"embeddable":true,"href":"https:\/\/rebbz-winterhude.hamburg.de\/index.php?rest_route=%2Fwp%2Fv2%2Fcomments&post=1324"}],"version-history":[{"count":0,"href":"https:\/\/rebbz-winterhude.hamburg.de\/index.php?rest_route=\/wp\/v2\/pages\/1324\/revisions"}],"wp:attachment":[{"href":"https:\/\/rebbz-winterhude.hamburg.de\/index.php?rest_route=%2Fwp%2Fv2%2Fmedia&parent=1324"}],"curies":[{"name":"wp","href":"https:\/\/api.w.org\/{rel}","templated":true}]}}