{"id":1360,"date":"2019-05-18T09:33:22","date_gmt":"2019-05-18T07:33:22","guid":{"rendered":"https:\/\/rebbz-winterhude.hamburg.de\/?page_id=1360"},"modified":"2019-05-18T09:33:22","modified_gmt":"2019-05-18T07:33:22","slug":"classico-orchesterinstrumente-workshop-elbphilharmonie","status":"publish","type":"page","link":"https:\/\/rebbz-winterhude.hamburg.de\/?page_id=1360","title":{"rendered":"Classico-Orchesterinstrumente-Workshop (Elbphilharmonie)"},"content":{"rendered":"<p><strong>In der Elphi die erste Geige spielen!<\/strong><img loading=\"lazy\" decoding=\"async\" class=\" wp-image-1361 alignright\" src=\"https:\/\/rebbz-winterhude.hamburg.de\/wp-content\/uploads\/sites\/656\/2019\/05\/Elphi1-169x300.jpg\" alt=\"\" width=\"126\" height=\"224\" srcset=\"https:\/\/rebbz-winterhude.hamburg.de\/wp-content\/uploads\/sites\/656\/2019\/05\/Elphi1-169x300.jpg 169w, https:\/\/rebbz-winterhude.hamburg.de\/wp-content\/uploads\/sites\/656\/2019\/05\/Elphi1-768x1365.jpg 768w, https:\/\/rebbz-winterhude.hamburg.de\/wp-content\/uploads\/sites\/656\/2019\/05\/Elphi1-576x1024.jpg 576w, https:\/\/rebbz-winterhude.hamburg.de\/wp-content\/uploads\/sites\/656\/2019\/05\/Elphi1.jpg 1152w\" sizes=\"auto, (max-width: 126px) 100vw, 126px\" \/><\/p>\n<p style=\"text-align: justify\">Am 25.03 besuchten die SuS der Klassen 7 den Classico-Orchesterinstrumente Workshop in der Elbphilharmonie. Ohne viel Gerede ging es schnell an die faszinierenden Instrumente, die die Sch\u00fclerinnern und Sch\u00fcler alle ausprobieren und spielen durften.<img loading=\"lazy\" decoding=\"async\" class=\"aligncenter wp-image-1363 size-large\" src=\"https:\/\/rebbz-winterhude.hamburg.de\/wp-content\/uploads\/sites\/656\/2019\/05\/Elphi2-1-1024x265.jpg\" alt=\"\" width=\"474\" height=\"123\" srcset=\"https:\/\/rebbz-winterhude.hamburg.de\/wp-content\/uploads\/sites\/656\/2019\/05\/Elphi2-1-1024x265.jpg 1024w, https:\/\/rebbz-winterhude.hamburg.de\/wp-content\/uploads\/sites\/656\/2019\/05\/Elphi2-1-300x78.jpg 300w, https:\/\/rebbz-winterhude.hamburg.de\/wp-content\/uploads\/sites\/656\/2019\/05\/Elphi2-1-768x199.jpg 768w, https:\/\/rebbz-winterhude.hamburg.de\/wp-content\/uploads\/sites\/656\/2019\/05\/Elphi2-1.jpg 2048w\" sizes=\"auto, (max-width: 474px) 100vw, 474px\" \/><\/p>\n<p style=\"text-align: justify\">Von Harfe bis Trompete \u00fcber Kontrabass konnten zahlreiche Streich-, Blas- und Schlaginstrumente gespielt werden. Die Musik zum &#8222;Anfassen&#8220; riss die Sch\u00fclerinnen und Sch\u00fcler schnell in ihren Bann, was lautstark zu h\u00f6ren war.<\/p>\n<p style=\"text-align: justify\">Wir bedanken uns bei Susanne Nordhoff, die uns im Rahmen des Kulturabos dieses tolle Erlebnis erm\u00f6glicht hat.<\/p>\n<p>&nbsp;<\/p>\n<p>&nbsp;<\/p>\n<p>&nbsp;<\/p>\n","protected":false},"excerpt":{"rendered":"<p>In der Elphi die erste Geige spielen! Am 25.03 besuchten die SuS der Klassen 7 den Classico-Orchesterinstrumente Workshop in der Elbphilharmonie. Ohne viel Gerede ging es schnell an die faszinierenden Instrumente, die die Sch\u00fclerinnern und Sch\u00fcler alle ausprobieren und spielen durften. Von Harfe bis Trompete \u00fcber Kontrabass konnten zahlreiche Streich-, Blas- und Schlaginstrumente gespielt werden. &hellip; <a href=\"https:\/\/rebbz-winterhude.hamburg.de\/?page_id=1360\" class=\"more-link\"><span class=\"screen-reader-text\">Classico-Orchesterinstrumente-Workshop (Elbphilharmonie)<\/span> weiterlesen <span class=\"meta-nav\">&rarr;<\/span><\/a><\/p>\n","protected":false},"author":761,"featured_media":0,"parent":0,"menu_order":0,"comment_status":"closed","ping_status":"closed","template":"","meta":{"_acf_changed":false,"footnotes":""},"class_list":["post-1360","page","type-page","status-publish","hentry"],"acf":[],"_links":{"self":[{"href":"https:\/\/rebbz-winterhude.hamburg.de\/index.php?rest_route=\/wp\/v2\/pages\/1360","targetHints":{"allow":["GET"]}}],"collection":[{"href":"https:\/\/rebbz-winterhude.hamburg.de\/index.php?rest_route=\/wp\/v2\/pages"}],"about":[{"href":"https:\/\/rebbz-winterhude.hamburg.de\/index.php?rest_route=\/wp\/v2\/types\/page"}],"author":[{"embeddable":true,"href":"https:\/\/rebbz-winterhude.hamburg.de\/index.php?rest_route=\/wp\/v2\/users\/761"}],"replies":[{"embeddable":true,"href":"https:\/\/rebbz-winterhude.hamburg.de\/index.php?rest_route=%2Fwp%2Fv2%2Fcomments&post=1360"}],"version-history":[{"count":0,"href":"https:\/\/rebbz-winterhude.hamburg.de\/index.php?rest_route=\/wp\/v2\/pages\/1360\/revisions"}],"wp:attachment":[{"href":"https:\/\/rebbz-winterhude.hamburg.de\/index.php?rest_route=%2Fwp%2Fv2%2Fmedia&parent=1360"}],"curies":[{"name":"wp","href":"https:\/\/api.w.org\/{rel}","templated":true}]}}