{"id":1379,"date":"2019-05-18T10:15:01","date_gmt":"2019-05-18T08:15:01","guid":{"rendered":"https:\/\/rebbz-winterhude.hamburg.de\/?page_id=1379"},"modified":"2019-05-18T10:15:01","modified_gmt":"2019-05-18T08:15:01","slug":"vernissage-in-der-brucknerstrasse","status":"publish","type":"page","link":"https:\/\/rebbz-winterhude.hamburg.de\/?page_id=1379","title":{"rendered":"Vernissage in der Brucknerstra\u00dfe"},"content":{"rendered":"<p style=\"text-align: justify\">Festlich geschm\u00fcckte Tische, Oran<img loading=\"lazy\" decoding=\"async\" class=\" wp-image-1380 alignleft\" src=\"https:\/\/rebbz-winterhude.hamburg.de\/wp-content\/uploads\/sites\/656\/2019\/05\/Vernissage-1-300x225.jpg\" alt=\"\" width=\"179\" height=\"134\" srcset=\"https:\/\/rebbz-winterhude.hamburg.de\/wp-content\/uploads\/sites\/656\/2019\/05\/Vernissage-1-300x225.jpg 300w, https:\/\/rebbz-winterhude.hamburg.de\/wp-content\/uploads\/sites\/656\/2019\/05\/Vernissage-1-768x576.jpg 768w, https:\/\/rebbz-winterhude.hamburg.de\/wp-content\/uploads\/sites\/656\/2019\/05\/Vernissage-1-1024x768.jpg 1024w, https:\/\/rebbz-winterhude.hamburg.de\/wp-content\/uploads\/sites\/656\/2019\/05\/Vernissage-1.jpg 2048w\" sizes=\"auto, (max-width: 179px) 100vw, 179px\" \/>gensaft aus Sektgl\u00e4sern, ein gro\u00dfer Countdown&#8230;und schlie\u00dflich ein t\u00f6sender Applaus nach der Enth\u00fcllung des Kunsterwerkes.<img loading=\"lazy\" decoding=\"async\" class=\"wp-image-1381 alignright\" src=\"https:\/\/rebbz-winterhude.hamburg.de\/wp-content\/uploads\/sites\/656\/2019\/05\/Vernissage2-250x300.jpg\" alt=\"\" width=\"166\" height=\"199\" srcset=\"https:\/\/rebbz-winterhude.hamburg.de\/wp-content\/uploads\/sites\/656\/2019\/05\/Vernissage2-250x300.jpg 250w, https:\/\/rebbz-winterhude.hamburg.de\/wp-content\/uploads\/sites\/656\/2019\/05\/Vernissage2-768x920.jpg 768w, https:\/\/rebbz-winterhude.hamburg.de\/wp-content\/uploads\/sites\/656\/2019\/05\/Vernissage2-855x1024.jpg 855w, https:\/\/rebbz-winterhude.hamburg.de\/wp-content\/uploads\/sites\/656\/2019\/05\/Vernissage2.jpg 1638w\" sizes=\"auto, (max-width: 166px) 100vw, 166px\" \/><\/p>\n<p style=\"text-align: justify\">Am 03.05. enth\u00fcllten wir in einer Vernissage ein Meisterwerk, das im Rahmen eine Graffiti-Projektes in Kooperation mit dem Jugendkunsthaus Esche von unseren Sch\u00fclerinnen und Sch\u00fclern erstellt wurde. Das sch\u00f6ne Bild schm\u00fcckt nun den Flur und zeigt, dass tolle Kunstprojekte mit motivierten Sch\u00fclerinnen und Sch\u00fclern&nbsp;&nbsp; Fr\u00fcchte tragen und spitzen Ergebnisse hervorbringen.<img loading=\"lazy\" decoding=\"async\" class=\"size-medium wp-image-1382 aligncenter\" src=\"https:\/\/rebbz-winterhude.hamburg.de\/wp-content\/uploads\/sites\/656\/2019\/05\/Vernissage4-300x275.jpg\" alt=\"\" width=\"300\" height=\"275\" srcset=\"https:\/\/rebbz-winterhude.hamburg.de\/wp-content\/uploads\/sites\/656\/2019\/05\/Vernissage4-300x275.jpg 300w, https:\/\/rebbz-winterhude.hamburg.de\/wp-content\/uploads\/sites\/656\/2019\/05\/Vernissage4-768x703.jpg 768w, https:\/\/rebbz-winterhude.hamburg.de\/wp-content\/uploads\/sites\/656\/2019\/05\/Vernissage4-1024x937.jpg 1024w, https:\/\/rebbz-winterhude.hamburg.de\/wp-content\/uploads\/sites\/656\/2019\/05\/Vernissage4.jpg 2048w\" sizes=\"auto, (max-width: 300px) 100vw, 300px\" \/><\/p>\n<p style=\"text-align: justify\">Auf diesem Wege nochmal ein gro\u00dfes Dankesch\u00f6n an das Jugendkunsthaus Esche und die Sch\u00fclerinnen und Sch\u00fcler, die an der Erstellung des Graffiti-Bildes beteiligt waren (Jose, Ann-Cathrin, Lenny, Joshua, Michelle und Jaquel\u00edne).<\/p>\n<p>&nbsp;<\/p>\n<p>&nbsp;<\/p>\n","protected":false},"excerpt":{"rendered":"<p>Festlich geschm\u00fcckte Tische, Orangensaft aus Sektgl\u00e4sern, ein gro\u00dfer Countdown&#8230;und schlie\u00dflich ein t\u00f6sender Applaus nach der Enth\u00fcllung des Kunsterwerkes. Am 03.05. enth\u00fcllten wir in einer Vernissage ein Meisterwerk, das im Rahmen eine Graffiti-Projektes in Kooperation mit dem Jugendkunsthaus Esche von unseren Sch\u00fclerinnen und Sch\u00fclern erstellt wurde. Das sch\u00f6ne Bild schm\u00fcckt nun den Flur und zeigt, dass &hellip; <a href=\"https:\/\/rebbz-winterhude.hamburg.de\/?page_id=1379\" class=\"more-link\"><span class=\"screen-reader-text\">Vernissage in der Brucknerstra\u00dfe<\/span> weiterlesen <span class=\"meta-nav\">&rarr;<\/span><\/a><\/p>\n","protected":false},"author":761,"featured_media":0,"parent":0,"menu_order":0,"comment_status":"closed","ping_status":"closed","template":"","meta":{"_acf_changed":false,"footnotes":""},"class_list":["post-1379","page","type-page","status-publish","hentry"],"acf":[],"_links":{"self":[{"href":"https:\/\/rebbz-winterhude.hamburg.de\/index.php?rest_route=\/wp\/v2\/pages\/1379","targetHints":{"allow":["GET"]}}],"collection":[{"href":"https:\/\/rebbz-winterhude.hamburg.de\/index.php?rest_route=\/wp\/v2\/pages"}],"about":[{"href":"https:\/\/rebbz-winterhude.hamburg.de\/index.php?rest_route=\/wp\/v2\/types\/page"}],"author":[{"embeddable":true,"href":"https:\/\/rebbz-winterhude.hamburg.de\/index.php?rest_route=\/wp\/v2\/users\/761"}],"replies":[{"embeddable":true,"href":"https:\/\/rebbz-winterhude.hamburg.de\/index.php?rest_route=%2Fwp%2Fv2%2Fcomments&post=1379"}],"version-history":[{"count":0,"href":"https:\/\/rebbz-winterhude.hamburg.de\/index.php?rest_route=\/wp\/v2\/pages\/1379\/revisions"}],"wp:attachment":[{"href":"https:\/\/rebbz-winterhude.hamburg.de\/index.php?rest_route=%2Fwp%2Fv2%2Fmedia&parent=1379"}],"curies":[{"name":"wp","href":"https:\/\/api.w.org\/{rel}","templated":true}]}}