{"id":1412,"date":"2019-09-07T12:17:01","date_gmt":"2019-09-07T10:17:01","guid":{"rendered":"https:\/\/rebbz-winterhude.hamburg.de\/?page_id=1412"},"modified":"2019-09-07T12:41:52","modified_gmt":"2019-09-07T10:41:52","slug":"die-rathausratten","status":"publish","type":"page","link":"https:\/\/rebbz-winterhude.hamburg.de\/?page_id=1412","title":{"rendered":"Die Rathausratten"},"content":{"rendered":"<p><img loading=\"lazy\" decoding=\"async\" class=\"wp-image-1425 alignleft\" style=\"text-align: justify\" src=\"https:\/\/rebbz-winterhude.hamburg.de\/wp-content\/uploads\/sites\/656\/2019\/09\/Ratte-2-237x300.jpg\" alt=\"\" width=\"173\" height=\"219\" srcset=\"https:\/\/rebbz-winterhude.hamburg.de\/wp-content\/uploads\/sites\/656\/2019\/09\/Ratte-2-237x300.jpg 237w, https:\/\/rebbz-winterhude.hamburg.de\/wp-content\/uploads\/sites\/656\/2019\/09\/Ratte-2.jpg 564w\" sizes=\"auto, (max-width: 173px) 100vw, 173px\" \/><\/p>\n<p style=\"text-align: justify\">Sch\u00fclerinnen&nbsp;und Sch\u00fcler aus den Stufen 7 bis 10 hatten die M\u00f6glichkeit, die K\u00fcnstlerin Lili Fischer am Donnerstag, 29. August 2019, bei ihrer Performance \u201eDie Rathausratte\u201c &nbsp;im Hamburger Rathaus zu unterst\u00fctzen.<\/p>\n<p style=\"text-align: justify\">Dazu schl\u00fcp<span style=\"text-align: justify\">ften die Sch\u00fclerinnen und Sch\u00fcler in ein Ratten<\/span>kost\u00fcm und nahmen politische Witterung im Rathaus auf. &nbsp;Es wurde gefiept und gefaucht, entspannt und getanzt!&nbsp;Vor der Performance konnte die Gruppe \u00fcbrigens die R\u00e4ume der B\u00fcrgerschaft erkunden und einen Blick in&nbsp;die Arbeitsr\u00e4ume des Senates und des B\u00fcrgermeisters werfen. F\u00fcr das Arbeitsfr\u00fchst\u00fcck sorgte Frau Nordhoff, somit konnten wir alle bereits am Mittwoch gest\u00e4rkt in die Generalprobe gehen.<img loading=\"lazy\" decoding=\"async\" class=\"wp-image-1424 aligncenter\" src=\"https:\/\/rebbz-winterhude.hamburg.de\/wp-content\/uploads\/sites\/656\/2019\/09\/Ratte-1-228x300.jpg\" alt=\"\" width=\"179\" height=\"236\" srcset=\"https:\/\/rebbz-winterhude.hamburg.de\/wp-content\/uploads\/sites\/656\/2019\/09\/Ratte-1-228x300.jpg 228w, https:\/\/rebbz-winterhude.hamburg.de\/wp-content\/uploads\/sites\/656\/2019\/09\/Ratte-1.jpg 626w\" sizes=\"auto, (max-width: 179px) 100vw, 179px\" \/><\/p>\n","protected":false},"excerpt":{"rendered":"<p>Sch\u00fclerinnen&nbsp;und Sch\u00fcler aus den Stufen 7 bis 10 hatten die M\u00f6glichkeit, die K\u00fcnstlerin Lili Fischer am Donnerstag, 29. August 2019, bei ihrer Performance \u201eDie Rathausratte\u201c &nbsp;im Hamburger Rathaus zu unterst\u00fctzen. Dazu schl\u00fcpften die Sch\u00fclerinnen und Sch\u00fcler in ein Rattenkost\u00fcm und nahmen politische Witterung im Rathaus auf. &nbsp;Es wurde gefiept und gefaucht, entspannt und getanzt!&nbsp;Vor der &hellip; <a href=\"https:\/\/rebbz-winterhude.hamburg.de\/?page_id=1412\" class=\"more-link\"><span class=\"screen-reader-text\">Die Rathausratten<\/span> weiterlesen <span class=\"meta-nav\">&rarr;<\/span><\/a><\/p>\n","protected":false},"author":761,"featured_media":0,"parent":0,"menu_order":0,"comment_status":"closed","ping_status":"closed","template":"","meta":{"_acf_changed":false,"footnotes":""},"class_list":["post-1412","page","type-page","status-publish","hentry"],"acf":[],"_links":{"self":[{"href":"https:\/\/rebbz-winterhude.hamburg.de\/index.php?rest_route=\/wp\/v2\/pages\/1412","targetHints":{"allow":["GET"]}}],"collection":[{"href":"https:\/\/rebbz-winterhude.hamburg.de\/index.php?rest_route=\/wp\/v2\/pages"}],"about":[{"href":"https:\/\/rebbz-winterhude.hamburg.de\/index.php?rest_route=\/wp\/v2\/types\/page"}],"author":[{"embeddable":true,"href":"https:\/\/rebbz-winterhude.hamburg.de\/index.php?rest_route=\/wp\/v2\/users\/761"}],"replies":[{"embeddable":true,"href":"https:\/\/rebbz-winterhude.hamburg.de\/index.php?rest_route=%2Fwp%2Fv2%2Fcomments&post=1412"}],"version-history":[{"count":1,"href":"https:\/\/rebbz-winterhude.hamburg.de\/index.php?rest_route=\/wp\/v2\/pages\/1412\/revisions"}],"predecessor-version":[{"id":1428,"href":"https:\/\/rebbz-winterhude.hamburg.de\/index.php?rest_route=\/wp\/v2\/pages\/1412\/revisions\/1428"}],"wp:attachment":[{"href":"https:\/\/rebbz-winterhude.hamburg.de\/index.php?rest_route=%2Fwp%2Fv2%2Fmedia&parent=1412"}],"curies":[{"name":"wp","href":"https:\/\/api.w.org\/{rel}","templated":true}]}}