{"id":1435,"date":"2019-10-28T16:44:58","date_gmt":"2019-10-28T15:44:58","guid":{"rendered":"https:\/\/rebbz-winterhude.hamburg.de\/?page_id=1435"},"modified":"2019-10-28T16:44:58","modified_gmt":"2019-10-28T15:44:58","slug":"mobbing-praeventionswoche","status":"publish","type":"page","link":"https:\/\/rebbz-winterhude.hamburg.de\/?page_id=1435","title":{"rendered":"Mobbing-Pr\u00e4ventionswoche"},"content":{"rendered":"<p style=\"text-align: justify\"><em><span style=\"color: #000080\">Wir (Klasse 5) hatten nach den Herbstferien das Thema Mobbing. Es war eine Projektwoche ohne Hausaufgaben und wir haben fast keinen Stift benutzt. Das war gut!&nbsp;<\/span><\/em><br \/>\n<em><span style=\"color: #000080\"><strong>Mobbing ist, wenn ein einzelnes Kind \u00fcber mehrere Tage immer wieder ge\u00e4rgert oder bel\u00e4stigt wird.<\/strong> Es gibt einen T\u00e4ter, das Opfer, Mitl\u00e4ufer und Zuschauer. Es werden jeden Tag ca 500,000 Menschen gemobbt. Es gibt&nbsp; verschiedene&nbsp; Mobbingarten&nbsp; zum Beispiel: ignorieren, ausschlie\u00dfen oder h\u00e4nseln und beleidigen.&nbsp; Den Kindern geht es dann schlecht. Wenn man gemobbt wird oder das sieht geht man zu einem Lehrer oder zu den Eltern oder im schlimmsten Fall zur Polizei.&nbsp;(von Sebastian und Linus)<\/span><\/em><img loading=\"lazy\" decoding=\"async\" class=\"size-medium wp-image-1436 aligncenter\" style=\"color: #33cccc;font-size: 20px\" src=\"https:\/\/rebbz-winterhude.hamburg.de\/wp-content\/uploads\/sites\/656\/2019\/10\/20191025_131430-COLLAGE-300x300.jpg\" alt=\"\" width=\"300\" height=\"300\" srcset=\"https:\/\/rebbz-winterhude.hamburg.de\/wp-content\/uploads\/sites\/656\/2019\/10\/20191025_131430-COLLAGE-300x300.jpg 300w, https:\/\/rebbz-winterhude.hamburg.de\/wp-content\/uploads\/sites\/656\/2019\/10\/20191025_131430-COLLAGE-150x150.jpg 150w, https:\/\/rebbz-winterhude.hamburg.de\/wp-content\/uploads\/sites\/656\/2019\/10\/20191025_131430-COLLAGE-768x768.jpg 768w, https:\/\/rebbz-winterhude.hamburg.de\/wp-content\/uploads\/sites\/656\/2019\/10\/20191025_131430-COLLAGE.jpg 1024w\" sizes=\"auto, (max-width: 300px) 100vw, 300px\" \/><\/p>\n<p style=\"text-align: justify\"><strong><span style=\"color: #008000\"><u>Die Folgen von Mobbing:<\/u><\/span><\/strong><br \/>\n<em><span style=\"color: #008000\">Mobbingopfer bekommen Schlafst\u00f6rungen, Essst\u00f6rungen, Amokphantasien, Selbstmordgedanken, Kopf- oder Magenschmerzen und sind traurig und einsam.&nbsp;(von Dwayne)<\/span><\/em><\/p>\n<p><em>Wir haben viele verschiedene \u00dcbungen und Spiele gemacht. Zu<\/em>m Beispiel:<\/p>\n<p style=\"text-align: justify\"><strong><span style=\"color: #993366\"><u>Das K\u00f6nigspiel<\/u><\/span><\/strong><br \/>\n<em><span style=\"color: #993366\">Wir haben das K\u00f6nigspiel gespielt. Einer war der K\u00f6nig und einer war der T\u00e4ter. Der T\u00e4ter hat viele Schimpfw\u00f6rter gesagt. Der K\u00f6nig sagt \u201eInteressiert mich nicht\u201c oder \u201eDas stimmt nicht\u201c und geht weg. Ein K\u00f6nig ist ruhig. Wir haben ge\u00fcbt einen K\u00f6nig zu spielen. &nbsp;Es ist gut, wenn man nicht mitmacht.&nbsp;(von Julie)<\/span><\/em><\/p>\n<p style=\"text-align: justify\"><strong><span style=\"color: #ff6600\"><u>Unsere Wutkiste<\/u><\/span><\/strong><br \/>\n<em><span style=\"color: #ff6600\">Wir machen eine Wutkiste. In der Wutkiste sind z.B. ein Stressball, ein Kissen, ein Block, eine Decke oder ein Kuscheltier.&nbsp; Wir haben besprochen, wie man die Wut rauslassen kann, ohne jemandem weh zu tun.&nbsp;(von Patrice)<\/span><\/em><\/p>\n<p><span style=\"text-decoration: underline\"><span style=\"color: #33cccc;font-size: 20px;text-decoration: underline\"><em>Seid nett zueinander und behandelt andere, wie ihr behandelt werden wollt!&nbsp;(von Baker<\/em>)<\/span><\/span><\/p>\n","protected":false},"excerpt":{"rendered":"<p>Wir (Klasse 5) hatten nach den Herbstferien das Thema Mobbing. Es war eine Projektwoche ohne Hausaufgaben und wir haben fast keinen Stift benutzt. Das war gut!&nbsp; Mobbing ist, wenn ein einzelnes Kind \u00fcber mehrere Tage immer wieder ge\u00e4rgert oder bel\u00e4stigt wird. Es gibt einen T\u00e4ter, das Opfer, Mitl\u00e4ufer und Zuschauer. Es werden jeden Tag ca &hellip; <a href=\"https:\/\/rebbz-winterhude.hamburg.de\/?page_id=1435\" class=\"more-link\"><span class=\"screen-reader-text\">Mobbing-Pr\u00e4ventionswoche<\/span> weiterlesen <span class=\"meta-nav\">&rarr;<\/span><\/a><\/p>\n","protected":false},"author":761,"featured_media":0,"parent":0,"menu_order":0,"comment_status":"closed","ping_status":"closed","template":"","meta":{"_acf_changed":false,"footnotes":""},"class_list":["post-1435","page","type-page","status-publish","hentry"],"acf":[],"_links":{"self":[{"href":"https:\/\/rebbz-winterhude.hamburg.de\/index.php?rest_route=\/wp\/v2\/pages\/1435","targetHints":{"allow":["GET"]}}],"collection":[{"href":"https:\/\/rebbz-winterhude.hamburg.de\/index.php?rest_route=\/wp\/v2\/pages"}],"about":[{"href":"https:\/\/rebbz-winterhude.hamburg.de\/index.php?rest_route=\/wp\/v2\/types\/page"}],"author":[{"embeddable":true,"href":"https:\/\/rebbz-winterhude.hamburg.de\/index.php?rest_route=\/wp\/v2\/users\/761"}],"replies":[{"embeddable":true,"href":"https:\/\/rebbz-winterhude.hamburg.de\/index.php?rest_route=%2Fwp%2Fv2%2Fcomments&post=1435"}],"version-history":[{"count":0,"href":"https:\/\/rebbz-winterhude.hamburg.de\/index.php?rest_route=\/wp\/v2\/pages\/1435\/revisions"}],"wp:attachment":[{"href":"https:\/\/rebbz-winterhude.hamburg.de\/index.php?rest_route=%2Fwp%2Fv2%2Fmedia&parent=1435"}],"curies":[{"name":"wp","href":"https:\/\/api.w.org\/{rel}","templated":true}]}}