{"id":1450,"date":"2019-12-02T18:35:38","date_gmt":"2019-12-02T17:35:38","guid":{"rendered":"https:\/\/rebbz-winterhude.hamburg.de\/?page_id=1450"},"modified":"2019-12-12T15:59:29","modified_gmt":"2019-12-12T14:59:29","slug":"wir-besprayen-einen-mobilen-schlafwagen-fuer-obdachlose","status":"publish","type":"page","link":"https:\/\/rebbz-winterhude.hamburg.de\/?page_id=1450","title":{"rendered":"Wir besprayen einen mobilen Wagen f\u00fcr Obdachlose"},"content":{"rendered":"<p style=\"text-align: justify\"><span style=\"color: #800000\"><strong>Wir unterst\u00fctzen das Projekt \u201eMobiler Wagen f\u00fcr Obdachlose\u201c!<\/strong><\/span><\/p>\n<p><img loading=\"lazy\" decoding=\"async\" class=\"wp-image-1451 alignleft\" src=\"https:\/\/rebbz-winterhude.hamburg.de\/wp-content\/uploads\/sites\/656\/2019\/12\/IMG_1808-e1575307811449-225x300.jpg\" alt=\"\" width=\"238\" height=\"317\" srcset=\"https:\/\/rebbz-winterhude.hamburg.de\/wp-content\/uploads\/sites\/656\/2019\/12\/IMG_1808-e1575307811449-225x300.jpg 225w, https:\/\/rebbz-winterhude.hamburg.de\/wp-content\/uploads\/sites\/656\/2019\/12\/IMG_1808-e1575307811449.jpg 480w\" sizes=\"auto, (max-width: 238px) 100vw, 238px\" \/><\/p>\n<p style=\"text-align: justify\">Geplant von einer Sch\u00fclerin aus Allerm\u00f6he, gebaut auf der Veddel mit Unterst\u00fctzung des Vereins Clubkinder e.V. und von Barmbeker Sch\u00fclerinnen und Sch\u00fclern in Altona mit Graffitis besprayt:<\/p>\n<p style=\"text-align: justify\"><strong><span style=\"color: #800000\">Der Bollerwagen.<\/span><\/strong><\/p>\n<p style=\"text-align: justify\">Am Tag k\u00f6nnen mit dem Wagen die pers\u00f6nlichen Sachen transportiert werden. In der Nacht wird der Wagen ausgeklappt und dient als erh\u00f6hter Schlafplatz, der vor K\u00e4lte und N\u00e4sse sch\u00fctzt.<\/p>\n<p style=\"text-align: justify\">Bis&nbsp;<img loading=\"lazy\" decoding=\"async\" class=\"size-medium wp-image-1452 alignright\" src=\"https:\/\/rebbz-winterhude.hamburg.de\/wp-content\/uploads\/sites\/656\/2019\/12\/IMG_2502-300x300.jpg\" alt=\"\" width=\"300\" height=\"300\" srcset=\"https:\/\/rebbz-winterhude.hamburg.de\/wp-content\/uploads\/sites\/656\/2019\/12\/IMG_2502-300x300.jpg 300w, https:\/\/rebbz-winterhude.hamburg.de\/wp-content\/uploads\/sites\/656\/2019\/12\/IMG_2502-150x150.jpg 150w, https:\/\/rebbz-winterhude.hamburg.de\/wp-content\/uploads\/sites\/656\/2019\/12\/IMG_2502-768x768.jpg 768w, https:\/\/rebbz-winterhude.hamburg.de\/wp-content\/uploads\/sites\/656\/2019\/12\/IMG_2502-1024x1024.jpg 1024w, https:\/\/rebbz-winterhude.hamburg.de\/wp-content\/uploads\/sites\/656\/2019\/12\/IMG_2502.jpg 1920w\" sizes=\"auto, (max-width: 300px) 100vw, 300px\" \/>Ende Oktober 2019 lief die Ausstellung \u201eSocial Design\u201c im Museum f\u00fcr Kunst und Gewerbe. Hier entdeckte Susanne Nordhoff, unsere Kulturagentin, den Prototypen des mobilen Schlafwagens. Zusammen mit Delles, dem Leiter unseres Graffitikurses im Jugendkunsthaus \u201eEsche\u201c und unseren graffitibegeisterten K\u00fcnstlerinnen und K\u00fcnstlern durften unsere Sch\u00fclerinnen und Sch\u00fcler einen Wagen individuell gestalten.<\/p>\n<p><img loading=\"lazy\" decoding=\"async\" class=\"size-medium wp-image-1453 aligncenter\" src=\"https:\/\/rebbz-winterhude.hamburg.de\/wp-content\/uploads\/sites\/656\/2019\/12\/IMG_1805-300x225.jpg\" alt=\"\" width=\"300\" height=\"225\" srcset=\"https:\/\/rebbz-winterhude.hamburg.de\/wp-content\/uploads\/sites\/656\/2019\/12\/IMG_1805-300x225.jpg 300w, https:\/\/rebbz-winterhude.hamburg.de\/wp-content\/uploads\/sites\/656\/2019\/12\/IMG_1805.jpg 640w\" sizes=\"auto, (max-width: 300px) 100vw, 300px\" \/><\/p>\n<p style=\"text-align: justify\">Ende November, vor dem Einbruch der gro\u00dfen Winterk\u00e4lte, kam es dann zu \u00dcbergabe des besprayten Wagens. Das Ergebnis kann sich sehen lassen!<\/p>\n<p style=\"text-align: justify\"><span style=\"color: #800000\"><strong>Wir bedanken uns, dass wir Teil dieses tollen Projektes sein durften und sind gespannt, ob wir den ein oder anderen bunten Wagen auf Hamburgs Stra\u00dfen entdecken werden.<\/strong><\/span><\/p>\n","protected":false},"excerpt":{"rendered":"<p>Wir unterst\u00fctzen das Projekt \u201eMobiler Wagen f\u00fcr Obdachlose\u201c! Geplant von einer Sch\u00fclerin aus Allerm\u00f6he, gebaut auf der Veddel mit Unterst\u00fctzung des Vereins Clubkinder e.V. und von Barmbeker Sch\u00fclerinnen und Sch\u00fclern in Altona mit Graffitis besprayt: Der Bollerwagen. Am Tag k\u00f6nnen mit dem Wagen die pers\u00f6nlichen Sachen transportiert werden. In der Nacht wird der Wagen ausgeklappt &hellip; <a href=\"https:\/\/rebbz-winterhude.hamburg.de\/?page_id=1450\" class=\"more-link\"><span class=\"screen-reader-text\">Wir besprayen einen mobilen Wagen f\u00fcr Obdachlose<\/span> weiterlesen <span class=\"meta-nav\">&rarr;<\/span><\/a><\/p>\n","protected":false},"author":761,"featured_media":0,"parent":0,"menu_order":0,"comment_status":"closed","ping_status":"closed","template":"","meta":{"_acf_changed":false,"footnotes":""},"class_list":["post-1450","page","type-page","status-publish","hentry"],"acf":[],"_links":{"self":[{"href":"https:\/\/rebbz-winterhude.hamburg.de\/index.php?rest_route=\/wp\/v2\/pages\/1450","targetHints":{"allow":["GET"]}}],"collection":[{"href":"https:\/\/rebbz-winterhude.hamburg.de\/index.php?rest_route=\/wp\/v2\/pages"}],"about":[{"href":"https:\/\/rebbz-winterhude.hamburg.de\/index.php?rest_route=\/wp\/v2\/types\/page"}],"author":[{"embeddable":true,"href":"https:\/\/rebbz-winterhude.hamburg.de\/index.php?rest_route=\/wp\/v2\/users\/761"}],"replies":[{"embeddable":true,"href":"https:\/\/rebbz-winterhude.hamburg.de\/index.php?rest_route=%2Fwp%2Fv2%2Fcomments&post=1450"}],"version-history":[{"count":0,"href":"https:\/\/rebbz-winterhude.hamburg.de\/index.php?rest_route=\/wp\/v2\/pages\/1450\/revisions"}],"wp:attachment":[{"href":"https:\/\/rebbz-winterhude.hamburg.de\/index.php?rest_route=%2Fwp%2Fv2%2Fmedia&parent=1450"}],"curies":[{"name":"wp","href":"https:\/\/api.w.org\/{rel}","templated":true}]}}