{"id":1458,"date":"2019-12-12T16:14:28","date_gmt":"2019-12-12T15:14:28","guid":{"rendered":"https:\/\/rebbz-winterhude.hamburg.de\/?page_id=1458"},"modified":"2019-12-12T16:14:28","modified_gmt":"2019-12-12T15:14:28","slug":"einfach-backen-plaetzchen-fuer-alle","status":"publish","type":"page","link":"https:\/\/rebbz-winterhude.hamburg.de\/?page_id=1458","title":{"rendered":"Einfach Backen &#8211; Pl\u00e4tzchen f\u00fcr Alle!"},"content":{"rendered":"<p><span style=\"color: #000080\"><strong><span style=\"font-size: 20px\">An die Kekse &#8211; fertig &#8211; los!<img loading=\"lazy\" decoding=\"async\" class=\" wp-image-1459 alignleft\" src=\"https:\/\/rebbz-winterhude.hamburg.de\/wp-content\/uploads\/sites\/656\/2019\/12\/7b5bb6ca-f747-43d4-8416-5940daca7053-225x300.jpg\" alt=\"\" width=\"114\" height=\"152\" srcset=\"https:\/\/rebbz-winterhude.hamburg.de\/wp-content\/uploads\/sites\/656\/2019\/12\/7b5bb6ca-f747-43d4-8416-5940daca7053-225x300.jpg 225w, https:\/\/rebbz-winterhude.hamburg.de\/wp-content\/uploads\/sites\/656\/2019\/12\/7b5bb6ca-f747-43d4-8416-5940daca7053-768x1024.jpg 768w, https:\/\/rebbz-winterhude.hamburg.de\/wp-content\/uploads\/sites\/656\/2019\/12\/7b5bb6ca-f747-43d4-8416-5940daca7053.jpg 1200w\" sizes=\"auto, (max-width: 114px) 100vw, 114px\" \/> <img loading=\"lazy\" decoding=\"async\" class=\" wp-image-1461 alignright\" src=\"https:\/\/rebbz-winterhude.hamburg.de\/wp-content\/uploads\/sites\/656\/2019\/12\/f49e23e3-fc92-4bd8-a059-0a59b2042da2-202x300.jpg\" alt=\"\" width=\"175\" height=\"260\" srcset=\"https:\/\/rebbz-winterhude.hamburg.de\/wp-content\/uploads\/sites\/656\/2019\/12\/f49e23e3-fc92-4bd8-a059-0a59b2042da2-202x300.jpg 202w, https:\/\/rebbz-winterhude.hamburg.de\/wp-content\/uploads\/sites\/656\/2019\/12\/f49e23e3-fc92-4bd8-a059-0a59b2042da2-768x1141.jpg 768w, https:\/\/rebbz-winterhude.hamburg.de\/wp-content\/uploads\/sites\/656\/2019\/12\/f49e23e3-fc92-4bd8-a059-0a59b2042da2-689x1024.jpg 689w, https:\/\/rebbz-winterhude.hamburg.de\/wp-content\/uploads\/sites\/656\/2019\/12\/f49e23e3-fc92-4bd8-a059-0a59b2042da2.jpg 877w\" sizes=\"auto, (max-width: 175px) 100vw, 175px\" \/><\/span><\/strong><\/span><\/p>\n<p style=\"text-align: justify\">Am Dienstag, 03. Dezember, haben wir mit vielen anderen Hamburger Sch\u00fclerinnen und Sch\u00fclern, Pl\u00e4tzchen bei Hanseatic Help e.V. gebacken.<br \/>\nRolf Zuckowski hatte an diesem Tag einen Liveauftritt.&nbsp; Auch wir Zehntkl\u00e4ssler kennen nat\u00fcrlich seinen bekanntesten Weihnachtssong!<br \/>\nDie Kekse gehen&nbsp; an das Winternotprogramm und Hamburger Obdachloseninitiativen.<\/p>\n<p><span style=\"text-decoration: underline\"><a href=\"https:\/\/www.hanseatic-help.org\/aktuelles\/\">https:\/\/www.hanseatic-help.org\/aktuelles\/<\/a><\/span><\/p>\n<p><strong style=\"color: #000080\"><span style=\"font-size: 20px\"><img loading=\"lazy\" decoding=\"async\" class=\"size-medium wp-image-1460 aligncenter\" src=\"https:\/\/rebbz-winterhude.hamburg.de\/wp-content\/uploads\/sites\/656\/2019\/12\/aaf0c326-e05b-4120-8491-8ab3824b8ca0-225x300.jpg\" alt=\"\" width=\"225\" height=\"300\" srcset=\"https:\/\/rebbz-winterhude.hamburg.de\/wp-content\/uploads\/sites\/656\/2019\/12\/aaf0c326-e05b-4120-8491-8ab3824b8ca0-225x300.jpg 225w, https:\/\/rebbz-winterhude.hamburg.de\/wp-content\/uploads\/sites\/656\/2019\/12\/aaf0c326-e05b-4120-8491-8ab3824b8ca0-768x1024.jpg 768w, https:\/\/rebbz-winterhude.hamburg.de\/wp-content\/uploads\/sites\/656\/2019\/12\/aaf0c326-e05b-4120-8491-8ab3824b8ca0.jpg 1200w\" sizes=\"auto, (max-width: 225px) 100vw, 225px\" \/><\/span><\/strong><\/p>\n<p><span style=\"color: #000080\"><span style=\"font-size: 20px\"><b>&nbsp;<\/b><\/span><\/span><\/p>\n","protected":false},"excerpt":{"rendered":"<p>An die Kekse &#8211; fertig &#8211; los! Am Dienstag, 03. Dezember, haben wir mit vielen anderen Hamburger Sch\u00fclerinnen und Sch\u00fclern, Pl\u00e4tzchen bei Hanseatic Help e.V. gebacken. Rolf Zuckowski hatte an diesem Tag einen Liveauftritt.&nbsp; Auch wir Zehntkl\u00e4ssler kennen nat\u00fcrlich seinen bekanntesten Weihnachtssong! Die Kekse gehen&nbsp; an das Winternotprogramm und Hamburger Obdachloseninitiativen. https:\/\/www.hanseatic-help.org\/aktuelles\/ &nbsp;<\/p>\n","protected":false},"author":761,"featured_media":0,"parent":0,"menu_order":0,"comment_status":"closed","ping_status":"closed","template":"","meta":{"_acf_changed":false,"footnotes":""},"class_list":["post-1458","page","type-page","status-publish","hentry"],"acf":[],"_links":{"self":[{"href":"https:\/\/rebbz-winterhude.hamburg.de\/index.php?rest_route=\/wp\/v2\/pages\/1458","targetHints":{"allow":["GET"]}}],"collection":[{"href":"https:\/\/rebbz-winterhude.hamburg.de\/index.php?rest_route=\/wp\/v2\/pages"}],"about":[{"href":"https:\/\/rebbz-winterhude.hamburg.de\/index.php?rest_route=\/wp\/v2\/types\/page"}],"author":[{"embeddable":true,"href":"https:\/\/rebbz-winterhude.hamburg.de\/index.php?rest_route=\/wp\/v2\/users\/761"}],"replies":[{"embeddable":true,"href":"https:\/\/rebbz-winterhude.hamburg.de\/index.php?rest_route=%2Fwp%2Fv2%2Fcomments&post=1458"}],"version-history":[{"count":0,"href":"https:\/\/rebbz-winterhude.hamburg.de\/index.php?rest_route=\/wp\/v2\/pages\/1458\/revisions"}],"wp:attachment":[{"href":"https:\/\/rebbz-winterhude.hamburg.de\/index.php?rest_route=%2Fwp%2Fv2%2Fmedia&parent=1458"}],"curies":[{"name":"wp","href":"https:\/\/api.w.org\/{rel}","templated":true}]}}