{"id":1465,"date":"2019-12-31T12:33:54","date_gmt":"2019-12-31T11:33:54","guid":{"rendered":"https:\/\/rebbz-winterhude.hamburg.de\/?page_id=1465"},"modified":"2019-12-31T12:49:22","modified_gmt":"2019-12-31T11:49:22","slug":"jumphouse","status":"publish","type":"page","link":"https:\/\/rebbz-winterhude.hamburg.de\/?page_id=1465","title":{"rendered":"Jumphouse"},"content":{"rendered":"<p style=\"text-align: justify\"><img loading=\"lazy\" decoding=\"async\" class=\" wp-image-998 alignright\" src=\"https:\/\/rebbz-winterhude.hamburg.de\/wp-content\/uploads\/sites\/656\/2018\/04\/Kleckse-blau-300x288.jpg\" alt=\"\" width=\"89\" height=\"85\" srcset=\"https:\/\/rebbz-winterhude.hamburg.de\/wp-content\/uploads\/sites\/656\/2018\/04\/Kleckse-blau-300x288.jpg 300w, https:\/\/rebbz-winterhude.hamburg.de\/wp-content\/uploads\/sites\/656\/2018\/04\/Kleckse-blau.jpg 615w\" sizes=\"auto, (max-width: 89px) 100vw, 89px\" \/>Am Dienstag, dem 17.12.2019, fuhren die Klassen 9 ins Jumphouse nach Poppenb\u00fcttel. Nach einer kurzen Einf\u00fchrung in das Regelwerk wurden die Sch\u00fcler*innen 90 Minuten lang nacheinander durch 5 verschiedene Sprungr\u00e4ume gef\u00fchrt und angeleitet.<\/p>\n<p><span style=\"color: #0000ff\"><strong>Erstaunlich, was man beim Springen so alles machen kann: Basketball spielen, Staffell\u00e4ufe, V\u00f6lkerball! In jedem Fall wird geschwitzt, geschwitzt, geschwitzt!<\/strong><\/span><\/p>\n<p style=\"text-align: justify\"><img loading=\"lazy\" decoding=\"async\" class=\" wp-image-981 alignleft\" src=\"https:\/\/rebbz-winterhude.hamburg.de\/wp-content\/uploads\/sites\/656\/2018\/03\/seitlich-gr\u00fcn-grob-e1523889862284-204x300.jpg\" alt=\"\" width=\"74\" height=\"109\" srcset=\"https:\/\/rebbz-winterhude.hamburg.de\/wp-content\/uploads\/sites\/656\/2018\/03\/seitlich-gr\u00fcn-grob-e1523889862284-204x300.jpg 204w, https:\/\/rebbz-winterhude.hamburg.de\/wp-content\/uploads\/sites\/656\/2018\/03\/seitlich-gr\u00fcn-grob-e1523889862284.jpg 432w\" sizes=\"auto, (max-width: 74px) 100vw, 74px\" \/>Vom einfachen Springen auf Trampolins zu schr\u00e4gen Spr\u00fcngen gegen die Wand, Balanceparcours oder Spr\u00fcnge in verschiedene Schaumstoffb\u00e4der ging es weiter zur n\u00e4chsten Herausforderung:<strong> H\u00d6HE!<\/strong><\/p>\n<p style=\"text-align: justify\"><span style=\"color: #333399\"><strong>Unterm Dach balancierten mutige Sch\u00fcler*innen \u00fcber Hindernisse, kletterten noch h\u00f6her und auch wieder herunter. Das war nur was f\u00fcr die schwindelfreiesten unter uns! <\/strong><\/span>Nach anf\u00e4nglich eher zur\u00fcckhaltender Laune \u00e4nderte sich die Stimmung schnell in eine ausgelassene und fr\u00f6hlich Atmosph\u00e4re .<\/p>\n<p style=\"text-align: justify\"><strong><span style=\"color: #003366\">Wir hatten einen sch\u00f6nen Tag. Anstrengung wie im Fitnessstudio \u2013 aber viel cooler!<\/span><\/strong><\/p>\n","protected":false},"excerpt":{"rendered":"<p>Am Dienstag, dem 17.12.2019, fuhren die Klassen 9 ins Jumphouse nach Poppenb\u00fcttel. Nach einer kurzen Einf\u00fchrung in das Regelwerk wurden die Sch\u00fcler*innen 90 Minuten lang nacheinander durch 5 verschiedene Sprungr\u00e4ume gef\u00fchrt und angeleitet. Erstaunlich, was man beim Springen so alles machen kann: Basketball spielen, Staffell\u00e4ufe, V\u00f6lkerball! In jedem Fall wird geschwitzt, geschwitzt, geschwitzt! Vom einfachen &hellip; <a href=\"https:\/\/rebbz-winterhude.hamburg.de\/?page_id=1465\" class=\"more-link\"><span class=\"screen-reader-text\">Jumphouse<\/span> weiterlesen <span class=\"meta-nav\">&rarr;<\/span><\/a><\/p>\n","protected":false},"author":761,"featured_media":0,"parent":0,"menu_order":0,"comment_status":"closed","ping_status":"closed","template":"","meta":{"_acf_changed":false,"footnotes":""},"class_list":["post-1465","page","type-page","status-publish","hentry"],"acf":[],"_links":{"self":[{"href":"https:\/\/rebbz-winterhude.hamburg.de\/index.php?rest_route=\/wp\/v2\/pages\/1465","targetHints":{"allow":["GET"]}}],"collection":[{"href":"https:\/\/rebbz-winterhude.hamburg.de\/index.php?rest_route=\/wp\/v2\/pages"}],"about":[{"href":"https:\/\/rebbz-winterhude.hamburg.de\/index.php?rest_route=\/wp\/v2\/types\/page"}],"author":[{"embeddable":true,"href":"https:\/\/rebbz-winterhude.hamburg.de\/index.php?rest_route=\/wp\/v2\/users\/761"}],"replies":[{"embeddable":true,"href":"https:\/\/rebbz-winterhude.hamburg.de\/index.php?rest_route=%2Fwp%2Fv2%2Fcomments&post=1465"}],"version-history":[{"count":1,"href":"https:\/\/rebbz-winterhude.hamburg.de\/index.php?rest_route=\/wp\/v2\/pages\/1465\/revisions"}],"predecessor-version":[{"id":1468,"href":"https:\/\/rebbz-winterhude.hamburg.de\/index.php?rest_route=\/wp\/v2\/pages\/1465\/revisions\/1468"}],"wp:attachment":[{"href":"https:\/\/rebbz-winterhude.hamburg.de\/index.php?rest_route=%2Fwp%2Fv2%2Fmedia&parent=1465"}],"curies":[{"name":"wp","href":"https:\/\/api.w.org\/{rel}","templated":true}]}}