{"id":1508,"date":"2020-04-01T11:25:50","date_gmt":"2020-04-01T09:25:50","guid":{"rendered":"https:\/\/rebbz-winterhude.hamburg.de\/?page_id=1508"},"modified":"2020-04-01T11:37:25","modified_gmt":"2020-04-01T09:37:25","slug":"soziale-woche","status":"publish","type":"page","link":"https:\/\/rebbz-winterhude.hamburg.de\/?page_id=1508","title":{"rendered":"Soziale Woche"},"content":{"rendered":"<p style=\"text-align: justify\">Ende Februar sammelten die Sch\u00fclerinnen und <strong>Sch\u00fcler der 10a<\/strong> Eindr\u00fccke im<span style=\"color: #008080\"><strong> Hesse-Diederichsen-Heim, in der Schule Elfenwiese, bei Hanseatic Help e.V. und Hinz und Kunzt.<\/strong><\/span><strong><span style=\"color: #008080\"><em><img loading=\"lazy\" decoding=\"async\" class=\" wp-image-1509 alignright\" src=\"https:\/\/rebbz-winterhude.hamburg.de\/wp-content\/uploads\/sites\/656\/2020\/04\/IMG_4870-225x300.jpg\" alt=\"\" width=\"179\" height=\"239\" srcset=\"https:\/\/rebbz-winterhude.hamburg.de\/wp-content\/uploads\/sites\/656\/2020\/04\/IMG_4870-225x300.jpg 225w, https:\/\/rebbz-winterhude.hamburg.de\/wp-content\/uploads\/sites\/656\/2020\/04\/IMG_4870-768x1024.jpg 768w, https:\/\/rebbz-winterhude.hamburg.de\/wp-content\/uploads\/sites\/656\/2020\/04\/IMG_4870-1152x1536.jpg 1152w, https:\/\/rebbz-winterhude.hamburg.de\/wp-content\/uploads\/sites\/656\/2020\/04\/IMG_4870.jpg 1536w\" sizes=\"auto, (max-width: 179px) 100vw, 179px\" \/><\/em><\/span><\/strong><\/p>\n<p style=\"text-align: left\">Sie setzten sich damit auseinander, was es bedeuten kann, <span style=\"color: #008080\"><strong>alt zu werden<\/strong><\/span> oder mit einem erh\u00f6hten Unterst\u00fctzungsbedarf in der motorischen Entwicklung aufzuwachsen.<\/p>\n<p style=\"text-align: justify\">Bei <span style=\"color: #008080\"><strong>Hanseatic Help<\/strong><\/span> halfen wir, Schuhe zu sortieren und f\u00fcr den Versand an Hilfseinrichtungen vorzubereiten.&nbsp;<\/p>\n<p style=\"text-align: justify\">Weiterhin lernte die Klasse bei <span style=\"color: #008080\"><strong>Hinz &amp; Kunzt<\/strong><\/span> Chris kennen. Er erz\u00e4hlte den Sch\u00fclerinnen und Sch\u00fclern offen von seinem Leben auf der Stra\u00dfe und gab ihnen viele Informationen \u00fcber den Zeitungsverkauf von Hinz &amp; Kunzt sowie den anderen Hilfsm\u00f6glichkeiten dieser Organisation.<\/p>\n<p style=\"text-align: justify\"><strong><span style=\"color: #008080\"><em>\u201eWohnungslos bedeutet nicht gleich Alkoholiker. Au\u00dferdem finde ich es klasse, dass man bei Hinz &amp; Kunzt Arbeit und Unterst\u00fctzung bekommt.\u201c K.<\/em><\/span><\/strong><\/p>\n<p style=\"text-align: justify\"><strong><span style=\"color: #800080\"><em>\u201eWas Chris erz\u00e4hlte, hat mich zum Nachdenken gebracht.\u201c K.<\/em><\/span><\/strong><\/p>\n<p style=\"text-align: justify\"><span style=\"color: #33cccc\"><strong><em>\u201eBei Hanseatic Help hatten wir eine nette Aktion. Ich w\u00fcrde jedem empfehlen, seine Kleidung dort zu spenden oder freiwillig zu helfen. Gemeinsam ist man viel st\u00e4rker.\u201c M.<\/em><\/strong><\/span><\/p>\n<p style=\"text-align: justify\"><strong><span style=\"color: #339966\"><em>\u201eIch habe durch die Soziale Woche gelernt, dass kleine Dinge Leute gl\u00fccklich machen, wie z.B. Zeit mit ihnen zu verbringen und Mensch-\u00e4rgere-dich-nicht zu spielen.\u201c J.<\/em><\/span><\/strong><\/p>\n<p><em>&nbsp;<\/em><\/p>\n<p><em>&nbsp;<\/em><\/p>\n","protected":false},"excerpt":{"rendered":"<p>Ende Februar sammelten die Sch\u00fclerinnen und Sch\u00fcler der 10a Eindr\u00fccke im Hesse-Diederichsen-Heim, in der Schule Elfenwiese, bei Hanseatic Help e.V. und Hinz und Kunzt. Sie setzten sich damit auseinander, was es bedeuten kann, alt zu werden oder mit einem erh\u00f6hten Unterst\u00fctzungsbedarf in der motorischen Entwicklung aufzuwachsen. Bei Hanseatic Help halfen wir, Schuhe zu sortieren und &hellip; <a href=\"https:\/\/rebbz-winterhude.hamburg.de\/?page_id=1508\" class=\"more-link\"><span class=\"screen-reader-text\">Soziale Woche<\/span> weiterlesen <span class=\"meta-nav\">&rarr;<\/span><\/a><\/p>\n","protected":false},"author":761,"featured_media":0,"parent":0,"menu_order":0,"comment_status":"closed","ping_status":"closed","template":"","meta":{"_acf_changed":false,"footnotes":""},"class_list":["post-1508","page","type-page","status-publish","hentry"],"acf":[],"_links":{"self":[{"href":"https:\/\/rebbz-winterhude.hamburg.de\/index.php?rest_route=\/wp\/v2\/pages\/1508","targetHints":{"allow":["GET"]}}],"collection":[{"href":"https:\/\/rebbz-winterhude.hamburg.de\/index.php?rest_route=\/wp\/v2\/pages"}],"about":[{"href":"https:\/\/rebbz-winterhude.hamburg.de\/index.php?rest_route=\/wp\/v2\/types\/page"}],"author":[{"embeddable":true,"href":"https:\/\/rebbz-winterhude.hamburg.de\/index.php?rest_route=\/wp\/v2\/users\/761"}],"replies":[{"embeddable":true,"href":"https:\/\/rebbz-winterhude.hamburg.de\/index.php?rest_route=%2Fwp%2Fv2%2Fcomments&post=1508"}],"version-history":[{"count":3,"href":"https:\/\/rebbz-winterhude.hamburg.de\/index.php?rest_route=\/wp\/v2\/pages\/1508\/revisions"}],"predecessor-version":[{"id":1515,"href":"https:\/\/rebbz-winterhude.hamburg.de\/index.php?rest_route=\/wp\/v2\/pages\/1508\/revisions\/1515"}],"wp:attachment":[{"href":"https:\/\/rebbz-winterhude.hamburg.de\/index.php?rest_route=%2Fwp%2Fv2%2Fmedia&parent=1508"}],"curies":[{"name":"wp","href":"https:\/\/api.w.org\/{rel}","templated":true}]}}