{"id":1516,"date":"2020-04-01T11:54:51","date_gmt":"2020-04-01T09:54:51","guid":{"rendered":"https:\/\/rebbz-winterhude.hamburg.de\/?page_id=1516"},"modified":"2020-04-01T11:54:51","modified_gmt":"2020-04-01T09:54:51","slug":"ikonen-in-der-kunsthalle-bremen","status":"publish","type":"page","link":"https:\/\/rebbz-winterhude.hamburg.de\/?page_id=1516","title":{"rendered":"&#8222;Ikonen&#8220; &#8211; In der Kunsthalle Bremen"},"content":{"rendered":"<p style=\"text-align: justify\">Mitte Februar entdeckten zwei Klassen unseres Standortes Kunstwerke aus neun Jahrhunderten in der Kunsthalle Bremen. Aber als \u201eIkonen\u201c gab es nicht nur Werke von van Gogh oder Koons zu sehen, auch ber\u00fchmte YouTuber und Influencer waren zu finden. Im&nbsp; Atelier zeichneten und malten wir anschlie\u00dfend unser pers\u00f6nliches \u201eKultbild\u201c. Und zum Abschluss gab es Pasta!<\/p>\n<div id='gallery-1' class='gallery galleryid-1516 gallery-columns-2 gallery-size-thumbnail'><figure class='gallery-item'>\n\t\t\t<div class='gallery-icon portrait'>\n\t\t\t\t<a href='https:\/\/rebbz-winterhude.hamburg.de\/?attachment_id=1519'><img loading=\"lazy\" decoding=\"async\" id=\"bsb-copyright-img-1\" width=\"150\" height=\"150\" src=\"https:\/\/rebbz-winterhude.hamburg.de\/wp-content\/uploads\/sites\/656\/2020\/04\/IMG_4824-150x150.jpg\" class=\"attachment-thumbnail size-thumbnail\" alt=\"\" \/><a class=\"bsb-media-copyright-link\" id=\"bsb-copyright-reflink-1\" href=\"#bsb-copyright-ref-1\" title=\"BSB\">\u00a9 1<\/a><\/a>\n\t\t\t<\/div><\/figure><figure class='gallery-item'>\n\t\t\t<div class='gallery-icon portrait'>\n\t\t\t\t<a href='https:\/\/rebbz-winterhude.hamburg.de\/?attachment_id=1520'><img loading=\"lazy\" decoding=\"async\" id=\"bsb-copyright-img-2\" width=\"150\" height=\"150\" src=\"https:\/\/rebbz-winterhude.hamburg.de\/wp-content\/uploads\/sites\/656\/2020\/04\/IMG_4817-150x150.jpg\" class=\"attachment-thumbnail size-thumbnail\" alt=\"\" \/><a class=\"bsb-media-copyright-link\" id=\"bsb-copyright-reflink-2\" href=\"#bsb-copyright-ref-2\" title=\"BSB\">\u00a9 2<\/a><\/a>\n\t\t\t<\/div><\/figure><figure class='gallery-item'>\n\t\t\t<div class='gallery-icon portrait'>\n\t\t\t\t<a href='https:\/\/rebbz-winterhude.hamburg.de\/?attachment_id=1521'><img loading=\"lazy\" decoding=\"async\" id=\"bsb-copyright-img-3\" width=\"150\" height=\"150\" src=\"https:\/\/rebbz-winterhude.hamburg.de\/wp-content\/uploads\/sites\/656\/2020\/04\/IMG_4804-150x150.jpg\" class=\"attachment-thumbnail size-thumbnail\" alt=\"\" \/><a class=\"bsb-media-copyright-link\" id=\"bsb-copyright-reflink-3\" href=\"#bsb-copyright-ref-3\" title=\"BSB\">\u00a9 3<\/a><\/a>\n\t\t\t<\/div><\/figure><figure class='gallery-item'>\n\t\t\t<div class='gallery-icon portrait'>\n\t\t\t\t<a href='https:\/\/rebbz-winterhude.hamburg.de\/?attachment_id=1522'><img loading=\"lazy\" decoding=\"async\" id=\"bsb-copyright-img-4\" width=\"150\" height=\"150\" src=\"https:\/\/rebbz-winterhude.hamburg.de\/wp-content\/uploads\/sites\/656\/2020\/04\/IMG_4796-150x150.jpg\" class=\"attachment-thumbnail size-thumbnail\" alt=\"\" \/><a class=\"bsb-media-copyright-link\" id=\"bsb-copyright-reflink-4\" href=\"#bsb-copyright-ref-4\" title=\"BSB\">\u00a9 4<\/a><\/a>\n\t\t\t<\/div><\/figure>\n\t\t<\/div>\n\n","protected":false},"excerpt":{"rendered":"<p>Mitte Februar entdeckten zwei Klassen unseres Standortes Kunstwerke aus neun Jahrhunderten in der Kunsthalle Bremen. Aber als \u201eIkonen\u201c gab es nicht nur Werke von van Gogh oder Koons zu sehen, auch ber\u00fchmte YouTuber und Influencer waren zu finden. Im&nbsp; Atelier zeichneten und malten wir anschlie\u00dfend unser pers\u00f6nliches \u201eKultbild\u201c. Und zum Abschluss gab es Pasta!<\/p>\n","protected":false},"author":761,"featured_media":0,"parent":0,"menu_order":0,"comment_status":"closed","ping_status":"closed","template":"","meta":{"_acf_changed":false,"footnotes":""},"class_list":["post-1516","page","type-page","status-publish","hentry"],"acf":[],"_links":{"self":[{"href":"https:\/\/rebbz-winterhude.hamburg.de\/index.php?rest_route=\/wp\/v2\/pages\/1516","targetHints":{"allow":["GET"]}}],"collection":[{"href":"https:\/\/rebbz-winterhude.hamburg.de\/index.php?rest_route=\/wp\/v2\/pages"}],"about":[{"href":"https:\/\/rebbz-winterhude.hamburg.de\/index.php?rest_route=\/wp\/v2\/types\/page"}],"author":[{"embeddable":true,"href":"https:\/\/rebbz-winterhude.hamburg.de\/index.php?rest_route=\/wp\/v2\/users\/761"}],"replies":[{"embeddable":true,"href":"https:\/\/rebbz-winterhude.hamburg.de\/index.php?rest_route=%2Fwp%2Fv2%2Fcomments&post=1516"}],"version-history":[{"count":1,"href":"https:\/\/rebbz-winterhude.hamburg.de\/index.php?rest_route=\/wp\/v2\/pages\/1516\/revisions"}],"predecessor-version":[{"id":1523,"href":"https:\/\/rebbz-winterhude.hamburg.de\/index.php?rest_route=\/wp\/v2\/pages\/1516\/revisions\/1523"}],"wp:attachment":[{"href":"https:\/\/rebbz-winterhude.hamburg.de\/index.php?rest_route=%2Fwp%2Fv2%2Fmedia&parent=1516"}],"curies":[{"name":"wp","href":"https:\/\/api.w.org\/{rel}","templated":true}]}}