{"id":167,"date":"2016-05-24T15:39:26","date_gmt":"2016-05-24T13:39:26","guid":{"rendered":"http:\/\/sandbox.schulhomepages.hamburg.de\/?page_id=167"},"modified":"2022-11-28T15:17:44","modified_gmt":"2022-11-28T14:17:44","slug":"das-sind-wir","status":"publish","type":"page","link":"https:\/\/rebbz-winterhude.hamburg.de\/?page_id=167","title":{"rendered":"Das sind wir"},"content":{"rendered":"<p style=\"text-align: justify\"><img loading=\"lazy\" decoding=\"async\" class=\"size-medium wp-image-1008 aligncenter\" src=\"https:\/\/rebbz-winterhude.hamburg.de\/wp-content\/uploads\/sites\/656\/2018\/04\/Bildung-und-Beratung-3-300x161.jpg\" alt=\"\" width=\"300\" height=\"161\" srcset=\"https:\/\/rebbz-winterhude.hamburg.de\/wp-content\/uploads\/sites\/656\/2018\/04\/Bildung-und-Beratung-3-300x161.jpg 300w, https:\/\/rebbz-winterhude.hamburg.de\/wp-content\/uploads\/sites\/656\/2018\/04\/Bildung-und-Beratung-3-768x411.jpg 768w, https:\/\/rebbz-winterhude.hamburg.de\/wp-content\/uploads\/sites\/656\/2018\/04\/Bildung-und-Beratung-3-1024x548.jpg 1024w, https:\/\/rebbz-winterhude.hamburg.de\/wp-content\/uploads\/sites\/656\/2018\/04\/Bildung-und-Beratung-3.jpg 2048w\" sizes=\"auto, (max-width: 300px) 100vw, 300px\" \/>Das ReBBZ Winterhude&nbsp;strukturiert sich in zwei Abteilungen:&nbsp;&nbsp;&nbsp;Bildungsabteilung und Beratungsabteilung.<\/p>\n<p style=\"text-align: justify\">Die <strong>ReBBZ Winterhude &#8211; Bildungsabteilung<\/strong> besteht aus den beiden Schulstandorten Schule L\u00e4mmersieth und Schule Brucknerstra\u00dfe. An beiden Standorten werden&nbsp; Sch\u00fclerinnen und Sch\u00fcler mit einem sonderp\u00e4dagogischen F\u00f6rderbedarf in den Bereichen Lernen, Sprache und emotionale und soziale Entwicklung unterrichtet.<br \/>\nDie <strong>ReBBZ Winterhude-Beratungsabteilung,&nbsp;<\/strong>mit&nbsp;ihrem Dienststellensitz im Winterhuder Weg,&nbsp;bietet&nbsp;Beratung f\u00fcr&nbsp;Sch\u00fclerinnen und Sch\u00fcler, Eltern und Lehrkr\u00e4fte in allen schulischen, p\u00e4dagogischen sowie schulpsychologischen Fragestellungen an.&nbsp;&nbsp;Ebenfalls ist die Beratungsabteilung&nbsp;eine erste Anlaufstelle bei Fragen zur Diagnostik und F\u00f6rderung. Die Organisation von Schulbegleitung ist ein weiterer wichtiger Aufgabenschwerpunkt.<br \/>\nZur besseren Orientierung finden Sie unter dem Men\u00fcpunkt &#8222;Das sind wir&#8220; unser <a href=\"https:\/\/rebbz-winterhude.hamburg.de\/?page_id=168\">Organigramm<\/a>, welches Ihnen die Aufgabenteilung bzw. Zusammenarbeit zwischen Bildungsabteilung und Beratungsabteilung n\u00e4her darstellt.<\/p>\n<p style=\"text-align: justify\">Das ReBBZ-Winterhude ist regional gut vernetzt mit anderen Institutionen und pflegt&nbsp;eine enge Zusammenarbeit mit diesen.<\/p>\n<p>&nbsp;<\/p>\n","protected":false},"excerpt":{"rendered":"<p>Das ReBBZ Winterhude&nbsp;strukturiert sich in zwei Abteilungen:&nbsp;&nbsp;&nbsp;Bildungsabteilung und Beratungsabteilung. Die ReBBZ Winterhude &#8211; Bildungsabteilung besteht aus den beiden Schulstandorten Schule L\u00e4mmersieth und Schule Brucknerstra\u00dfe. An beiden Standorten werden&nbsp; Sch\u00fclerinnen und Sch\u00fcler mit einem sonderp\u00e4dagogischen F\u00f6rderbedarf in den Bereichen Lernen, Sprache und emotionale und soziale Entwicklung unterrichtet. Die ReBBZ Winterhude-Beratungsabteilung,&nbsp;mit&nbsp;ihrem Dienststellensitz im Winterhuder Weg,&nbsp;bietet&nbsp;Beratung f\u00fcr&nbsp;Sch\u00fclerinnen und &hellip; <a href=\"https:\/\/rebbz-winterhude.hamburg.de\/?page_id=167\" class=\"more-link\"><span class=\"screen-reader-text\">Das sind wir<\/span> weiterlesen <span class=\"meta-nav\">&rarr;<\/span><\/a><\/p>\n","protected":false},"author":13,"featured_media":0,"parent":0,"menu_order":0,"comment_status":"closed","ping_status":"closed","template":"","meta":{"_acf_changed":false,"footnotes":""},"class_list":["post-167","page","type-page","status-publish","hentry"],"acf":[],"_links":{"self":[{"href":"https:\/\/rebbz-winterhude.hamburg.de\/index.php?rest_route=\/wp\/v2\/pages\/167","targetHints":{"allow":["GET"]}}],"collection":[{"href":"https:\/\/rebbz-winterhude.hamburg.de\/index.php?rest_route=\/wp\/v2\/pages"}],"about":[{"href":"https:\/\/rebbz-winterhude.hamburg.de\/index.php?rest_route=\/wp\/v2\/types\/page"}],"author":[{"embeddable":true,"href":"https:\/\/rebbz-winterhude.hamburg.de\/index.php?rest_route=\/wp\/v2\/users\/13"}],"replies":[{"embeddable":true,"href":"https:\/\/rebbz-winterhude.hamburg.de\/index.php?rest_route=%2Fwp%2Fv2%2Fcomments&post=167"}],"version-history":[{"count":5,"href":"https:\/\/rebbz-winterhude.hamburg.de\/index.php?rest_route=\/wp\/v2\/pages\/167\/revisions"}],"predecessor-version":[{"id":1914,"href":"https:\/\/rebbz-winterhude.hamburg.de\/index.php?rest_route=\/wp\/v2\/pages\/167\/revisions\/1914"}],"wp:attachment":[{"href":"https:\/\/rebbz-winterhude.hamburg.de\/index.php?rest_route=%2Fwp%2Fv2%2Fmedia&parent=167"}],"curies":[{"name":"wp","href":"https:\/\/api.w.org\/{rel}","templated":true}]}}