{"id":170,"date":"2016-05-24T15:41:13","date_gmt":"2016-05-24T13:41:13","guid":{"rendered":"http:\/\/sandbox.schulhomepages.hamburg.de\/?page_id=170"},"modified":"2023-02-23T14:13:48","modified_gmt":"2023-02-23T13:13:48","slug":"leitbild","status":"publish","type":"page","link":"https:\/\/rebbz-winterhude.hamburg.de\/?page_id=170","title":{"rendered":"Leitbild"},"content":{"rendered":"<div class=\"maintext\">\n<p style=\"text-align: center\"><span style=\"font-family: lato,helvetica,sans-serif\"><strong><img loading=\"lazy\" decoding=\"async\" class=\"alignnone wp-image-1008\" src=\"https:\/\/rebbz-winterhude.hamburg.de\/wp-content\/uploads\/sites\/656\/2018\/04\/Bildung-und-Beratung-3-300x161.jpg\" alt=\"\" width=\"330\" height=\"177\" srcset=\"https:\/\/rebbz-winterhude.hamburg.de\/wp-content\/uploads\/sites\/656\/2018\/04\/Bildung-und-Beratung-3-300x161.jpg 300w, https:\/\/rebbz-winterhude.hamburg.de\/wp-content\/uploads\/sites\/656\/2018\/04\/Bildung-und-Beratung-3-768x411.jpg 768w, https:\/\/rebbz-winterhude.hamburg.de\/wp-content\/uploads\/sites\/656\/2018\/04\/Bildung-und-Beratung-3-1024x548.jpg 1024w, https:\/\/rebbz-winterhude.hamburg.de\/wp-content\/uploads\/sites\/656\/2018\/04\/Bildung-und-Beratung-3.jpg 2048w\" sizes=\"auto, (max-width: 330px) 100vw, 330px\" \/><\/strong><\/span><\/p>\n<p style=\"text-align: center\"><span style=\"font-family: lato,helvetica,sans-serif\"><strong>&nbsp;&nbsp;<span style=\"font-size: 20px\"> Bildung und Beratung aus einer Hand<\/span><\/strong><\/span><\/p>\n<p style=\"text-align: center\"><strong>&nbsp;&nbsp;&nbsp;&nbsp; &#8211; Professionell beraten &#8211;<br \/>\n<\/strong><\/p>\n<p style=\"text-align: center\"><strong>&nbsp;&nbsp;&nbsp;&nbsp;&nbsp;&nbsp;&nbsp;&nbsp;&#8211; Kompetent diagnostizieren &#8211; <\/strong><\/p>\n<p style=\"text-align: center\"><strong>&nbsp;&nbsp;&#8211; Wirksam f\u00f6rdern &#8211;<\/strong><\/p>\n<p style=\"text-align: justify\"><span style=\"font-family: lato,helvetica,sans-serif\">Das Regionale Bildungs- und Beratungszentrum Winterhude \u2013 ReBBZ Winterhude \u2013 ist eines von 13 ReBBZ in Hamburg. Wir beraten die allgemeinen Schulen, Sch\u00fcler:innen sowie deren Eltern in p\u00e4dagogischen und schulpsychologischen Fragestellungen. Zudem unterst\u00fctzen wir die P\u00e4dagog:innen auf dem Weg zur inklusiven Schule.<\/span><\/p>\n<p style=\"text-align: justify\"><span style=\"font-family: lato,helvetica,sans-serif\">In unserer Bildungsabteilung lernen Sch\u00fcler:innen mit sonderp\u00e4dagogischem F\u00f6rderbedarf an den Schulstandorten L\u00e4mmersieth oder Brucknerstra\u00dfe.<\/span><\/p>\n<p style=\"text-align: justify\"><span style=\"font-family: lato,helvetica,sans-serif\">In Kooperation mit den Jugend\u00e4mtern haben wir Tempor\u00e4re Lerngruppen eingerichtet, in denen besonders belastete Kinder und Jugendliche zeitlich befristet gemeinsam lernen. So bietet das ReBBZ Winterhude<\/span><\/p>\n<p style=\"text-align: center\"><strong>Bildung und Beratung aus einer Hand.<\/strong><\/p>\n<p style=\"text-align: justify\">Sowohl in der Beratung als auch in der Schule arbeiten wir als multiprofessionelles Team mit unterschiedlichen Institutionen zusammen. Die Haltung unserer Mitarbeiter:innen ist gepr\u00e4gt von Offenheit, Wertsch\u00e4tzung und Professionalit\u00e4t. Wir orientieren uns an den Ressourcen der Menschen und erarbeiten gemeinsam neue Perspektiven.<\/p>\n<p style=\"text-align: justify\"><strong>Bildung<\/strong><\/p>\n<p style=\"text-align: justify\">Wir unterrichten an zwei Schulstandorten Sch\u00fcler:innen mit den sonderp\u00e4dagogischen F\u00f6rderbedarfen Lernen, Sprache und sozial-emotionale Entwicklung, wenn die Sorgeberechtigten sich f\u00fcr <img loading=\"lazy\" decoding=\"async\" class=\" wp-image-1011 alignleft\" src=\"https:\/\/rebbz-winterhude.hamburg.de\/wp-content\/uploads\/sites\/656\/2018\/04\/Sch\u00fclerin-am-Tisch-296x300.jpg\" alt=\"\" width=\"154\" height=\"156\" srcset=\"https:\/\/rebbz-winterhude.hamburg.de\/wp-content\/uploads\/sites\/656\/2018\/04\/Sch\u00fclerin-am-Tisch-296x300.jpg 296w, https:\/\/rebbz-winterhude.hamburg.de\/wp-content\/uploads\/sites\/656\/2018\/04\/Sch\u00fclerin-am-Tisch.jpg 726w\" sizes=\"auto, (max-width: 154px) 100vw, 154px\" \/>diese Form der Beschulung entscheiden. Der Unterricht in kleinen Lerngruppen wird von der Vorschule bis zur 10. Klasse durchgehend von sonderp\u00e4dagogischen Fachkr\u00e4ften erteilt. Durch individuelle und entwicklungsorientierte Lernangebote erm\u00f6glichen wir Erfolgserlebnisse. Die Sch\u00fcler:innen haben die M\u00f6glichkeit, den ersten Schulabschluss (ESA) zu erwerben oder eine intensive Berufsorientierung zu durchlaufen. Bei uns lernen Kinder und Jugendliche nach ihren M\u00f6glichkeiten, in ihrem Tempo.<\/p>\n<p style=\"text-align: justify\"><strong>F\u00f6rderung\/ Erziehung<\/strong><\/p>\n<p style=\"text-align: justify\">Wir kennen die Lernvorauss<img loading=\"lazy\" decoding=\"async\" class=\"wp-image-1062 alignright\" src=\"https:\/\/rebbz-winterhude.hamburg.de\/wp-content\/uploads\/sites\/656\/2018\/04\/Ziel-2-300x232.jpg\" alt=\"\" width=\"90\" height=\"70\" srcset=\"https:\/\/rebbz-winterhude.hamburg.de\/wp-content\/uploads\/sites\/656\/2018\/04\/Ziel-2-300x232.jpg 300w, https:\/\/rebbz-winterhude.hamburg.de\/wp-content\/uploads\/sites\/656\/2018\/04\/Ziel-2.jpg 518w\" sizes=\"auto, (max-width: 90px) 100vw, 90px\" \/>etzungen und die Bed\u00fcrfnisse unserer Sch\u00fcler:innen sehr genau. Mit unserer Hilfe k\u00f6nnen sie eigene Ziele benennen und durch die gemeinsame Arbeit erreichen. Auf der Grundlage individueller F\u00f6rderpl\u00e4ne helfen wir ihnen, ihre St\u00e4rken zu entdecken und weiter zu entwickeln. Das Team der Beratungsabteilung unterst\u00fctzt die Sorgeberechtigten und die Schulen in ihrer Erziehungsarbeit. <strong>Wir f\u00f6rdern Entwicklung und St\u00e4rken.<\/strong><\/p>\n<p style=\"text-align: justify\"><strong>Beratung und Unterst\u00fctzung<\/strong><\/p>\n<p style=\"text-align: justify\"><img loading=\"lazy\" decoding=\"async\" class=\"wp-image-1042 alignleft\" src=\"https:\/\/rebbz-winterhude.hamburg.de\/wp-content\/uploads\/sites\/656\/2018\/04\/Fragezeichen-161x300.jpg\" alt=\"\" width=\"55\" height=\"102\" srcset=\"https:\/\/rebbz-winterhude.hamburg.de\/wp-content\/uploads\/sites\/656\/2018\/04\/Fragezeichen-161x300.jpg 161w, https:\/\/rebbz-winterhude.hamburg.de\/wp-content\/uploads\/sites\/656\/2018\/04\/Fragezeichen.jpg 360w\" sizes=\"auto, (max-width: 55px) 100vw, 55px\" \/>Wir sind ein multiprofessionelles Team mit erfahrenen Kolleg:innen aus den Bereichen Psychologie, Sozialp\u00e4dagogik, Sonderp\u00e4dagogik und allgemeiner P\u00e4dagogik. Wir beraten und unterst\u00fctzen individuell und systembezogen bei Fragen und Schwierigkeiten, die im schulischen Zusammenhang auftreten. Dies k\u00f6nnen z.B. Verhaltensprobleme, Lern- und Leistungsprobleme, psychische Auff\u00e4lligkeiten, Krisen und Konflikte sein. Unsere Vernetzung mit weiteren Institutionen erm\u00f6glicht erg\u00e4nzende Angebote. Wir beraten vertraulich, unabh\u00e4ngig und unterst\u00fctzen individuell.<\/p>\n<p style=\"text-align: justify\"><strong>Diagnostik<\/strong><\/p>\n<p style=\"text-align: justify\">Sowohl in der Bildungs- als auch in der Beratungsabteilung f\u00fchren wir psychologisch-p\u00e4dagogische und sonderp\u00e4dagogische Diagnostik durch. Unter Ber\u00fccksichtigung der gewonnenen Erkenntnisse werden individualisierte und tragf\u00e4hige L\u00f6sungen<img loading=\"lazy\" decoding=\"async\" class=\"wp-image-1063 alignright\" src=\"https:\/\/rebbz-winterhude.hamburg.de\/wp-content\/uploads\/sites\/656\/2018\/04\/Lupe-278x300.jpg\" alt=\"\" width=\"90\" height=\"97\" srcset=\"https:\/\/rebbz-winterhude.hamburg.de\/wp-content\/uploads\/sites\/656\/2018\/04\/Lupe-278x300.jpg 278w, https:\/\/rebbz-winterhude.hamburg.de\/wp-content\/uploads\/sites\/656\/2018\/04\/Lupe.jpg 666w\" sizes=\"auto, (max-width: 90px) 100vw, 90px\" \/> entwickelt, um eine ad\u00e4quate Teilhabe an Unterricht und Bildung zu erm\u00f6glichen. Bei Bedarf ziehen wir die fachliche Expertise anderer mit dem Kind befassten Fachleute (z.B. \u00c4rzt:innen und Therapeut:innen) hinzu. Wir diagnostizieren kompetent.<\/p>\n<p style=\"text-align: justify\"><strong>Leitung<\/strong><\/p>\n<p style=\"text-align: justify\">Das Leitungsteam steuert transparent die Arbeitsprozesse, ist innovativ und l\u00f6sungsorientiert. Unsere Mitarbeiter:innen werden in die Entwicklungsprozesse der Organisation einbezogen und in ihrer eigenen professionellen Weiterentwicklung unterst\u00fctzt. Wir arbeiten wertsch\u00e4tzend und vertrauensvoll zusammen.<\/p>\n<h3 align=\"center\">&nbsp;<\/h3>\n<\/div>\n","protected":false},"excerpt":{"rendered":"<p>&nbsp;&nbsp; Bildung und Beratung aus einer Hand &nbsp;&nbsp;&nbsp;&nbsp; &#8211; Professionell beraten &#8211; &nbsp;&nbsp;&nbsp;&nbsp;&nbsp;&nbsp;&nbsp;&nbsp;&#8211; Kompetent diagnostizieren &#8211; &nbsp;&nbsp;&#8211; Wirksam f\u00f6rdern &#8211; Das Regionale Bildungs- und Beratungszentrum Winterhude \u2013 ReBBZ Winterhude \u2013 ist eines von 13 ReBBZ in Hamburg. Wir beraten die allgemeinen Schulen, Sch\u00fcler:innen sowie deren Eltern in p\u00e4dagogischen und schulpsychologischen Fragestellungen. Zudem unterst\u00fctzen wir die &hellip; <a href=\"https:\/\/rebbz-winterhude.hamburg.de\/?page_id=170\" class=\"more-link\"><span class=\"screen-reader-text\">Leitbild<\/span> weiterlesen <span class=\"meta-nav\">&rarr;<\/span><\/a><\/p>\n","protected":false},"author":13,"featured_media":0,"parent":0,"menu_order":0,"comment_status":"closed","ping_status":"closed","template":"","meta":{"_acf_changed":false,"footnotes":""},"class_list":["post-170","page","type-page","status-publish","hentry"],"acf":[],"_links":{"self":[{"href":"https:\/\/rebbz-winterhude.hamburg.de\/index.php?rest_route=\/wp\/v2\/pages\/170","targetHints":{"allow":["GET"]}}],"collection":[{"href":"https:\/\/rebbz-winterhude.hamburg.de\/index.php?rest_route=\/wp\/v2\/pages"}],"about":[{"href":"https:\/\/rebbz-winterhude.hamburg.de\/index.php?rest_route=\/wp\/v2\/types\/page"}],"author":[{"embeddable":true,"href":"https:\/\/rebbz-winterhude.hamburg.de\/index.php?rest_route=\/wp\/v2\/users\/13"}],"replies":[{"embeddable":true,"href":"https:\/\/rebbz-winterhude.hamburg.de\/index.php?rest_route=%2Fwp%2Fv2%2Fcomments&post=170"}],"version-history":[{"count":7,"href":"https:\/\/rebbz-winterhude.hamburg.de\/index.php?rest_route=\/wp\/v2\/pages\/170\/revisions"}],"predecessor-version":[{"id":1973,"href":"https:\/\/rebbz-winterhude.hamburg.de\/index.php?rest_route=\/wp\/v2\/pages\/170\/revisions\/1973"}],"wp:attachment":[{"href":"https:\/\/rebbz-winterhude.hamburg.de\/index.php?rest_route=%2Fwp%2Fv2%2Fmedia&parent=170"}],"curies":[{"name":"wp","href":"https:\/\/api.w.org\/{rel}","templated":true}]}}