{"id":172,"date":"2016-05-24T15:31:10","date_gmt":"2016-05-24T13:31:10","guid":{"rendered":"http:\/\/sandbox.schulhomepages.hamburg.de\/?page_id=172"},"modified":"2025-01-15T20:32:37","modified_gmt":"2025-01-15T19:32:37","slug":"bildung","status":"publish","type":"page","link":"https:\/\/rebbz-winterhude.hamburg.de\/?page_id=172","title":{"rendered":"Bildungsabteilung"},"content":{"rendered":"<p><strong><img loading=\"lazy\" decoding=\"async\" class=\"wp-image-1011 aligncenter\" src=\"https:\/\/rebbz-winterhude.hamburg.de\/wp-content\/uploads\/sites\/656\/2018\/04\/Sch\u00fclerin-am-Tisch-296x300.jpg\" alt=\"\" width=\"218\" height=\"221\" srcset=\"https:\/\/rebbz-winterhude.hamburg.de\/wp-content\/uploads\/sites\/656\/2018\/04\/Sch\u00fclerin-am-Tisch-296x300.jpg 296w, https:\/\/rebbz-winterhude.hamburg.de\/wp-content\/uploads\/sites\/656\/2018\/04\/Sch\u00fclerin-am-Tisch.jpg 726w\" sizes=\"auto, (max-width: 218px) 100vw, 218px\" \/>Unser oberstes Motto ist: Herzlich Willkommen!<\/strong><strong><img loading=\"lazy\" decoding=\"async\" class=\"size-medium wp-image-979 alignright\" src=\"https:\/\/rebbz-winterhude.hamburg.de\/wp-content\/uploads\/sites\/656\/2018\/03\/Strich-senkrecht-gr\u00fcn-54x300.jpg\" alt=\"\" width=\"54\" height=\"300\" srcset=\"https:\/\/rebbz-winterhude.hamburg.de\/wp-content\/uploads\/sites\/656\/2018\/03\/Strich-senkrecht-gr\u00fcn-54x300.jpg 54w, https:\/\/rebbz-winterhude.hamburg.de\/wp-content\/uploads\/sites\/656\/2018\/03\/Strich-senkrecht-gr\u00fcn-184x1024.jpg 184w, https:\/\/rebbz-winterhude.hamburg.de\/wp-content\/uploads\/sites\/656\/2018\/03\/Strich-senkrecht-gr\u00fcn.jpg 248w\" sizes=\"auto, (max-width: 54px) 100vw, 54px\" \/><\/strong><\/p>\n<p><a href=\"https:\/\/rebbz-winterhude.hamburg.de\/?page_id=475\"><strong>Schulstandort Schule L\u00e4mmersieth<\/strong><\/a><\/p>\n<ul>\n<li>Unterstufe: Vorschule (VSK) bis zur 6. Klasse<\/li>\n<\/ul>\n<p><strong><a href=\"https:\/\/rebbz-winterhude.hamburg.de\/?page_id=477\">Schulstandort Schule Brucknerstra\u00dfe:<\/a> <\/strong><\/p>\n<ul>\n<li>Oberstufe: 7. Klasse bis zur 10. Klasse<\/li>\n<\/ul>\n<p><iframe loading=\"lazy\" src=\"\/\/www.youtube.com\/embed\/RA_yg58rKRg\" width=\"560\" height=\"315\" frameborder=\"0\" allowfullscreen=\"allowfullscreen\"><\/iframe><\/p>\n<p><iframe loading=\"lazy\" src=\"\/\/www.youtube.com\/embed\/3CcyJL4cGIs\" width=\"560\" height=\"315\" frameborder=\"0\" allowfullscreen=\"allowfullscreen\"><\/iframe><\/p>\n<p style=\"text-align: justify\">Im Bildungsbereich des ReBBZ Winterhude unterrichten wir&nbsp; an zwei Schulstandorten Sch\u00fclerinnen und Sch\u00fcler mit den sonderp\u00e4dagogischen F\u00f6rderbedarfen Lernen, Sprache und sozial-emotionale Entwicklung, wenn die Sorgeberechtigten sich f\u00fcr diese Form der Beschulung entscheiden. Der Unterricht in kleinen Lerngruppen wird von der 1. bis zur 10. Klasse durchgehend von sonderp\u00e4dagogischen Fachkr\u00e4ften erteilt. Durch individuelle und entwicklungsorientierte Lernangebote erm\u00f6glichen wir Erfolgserlebnisse. Die Sch\u00fclerinnen und Sch\u00fcler haben die M\u00f6glichkeit, den ersten Schulabschluss (ESA) zu erwerben oder eine intensive Berufsorientierung zu durchlaufen.<\/p>\n<h2 style=\"text-align: center\">Das sind die Ergebnisse der letzten Schulinspektion (Dezember 2024)<\/h2>\n<p>&nbsp;<\/p>\n<a href=\"https:\/\/rebbz-winterhude.hamburg.de\/wp-content\/uploads\/sites\/656\/2025\/01\/ERGEBNISSE-DER-INSPEKTION.pdf\" class=\"pdfemb-viewer\" style=\"\" data-width=\"max\" data-height=\"max\" data-toolbar=\"bottom\" data-toolbar-fixed=\"off\">ERGEBNISSE DER INSPEKTION<\/a>\n","protected":false},"excerpt":{"rendered":"<p>Unser oberstes Motto ist: Herzlich Willkommen! Schulstandort Schule L\u00e4mmersieth Unterstufe: Vorschule (VSK) bis zur 6. Klasse Schulstandort Schule Brucknerstra\u00dfe: Oberstufe: 7. Klasse bis zur 10. Klasse Im Bildungsbereich des ReBBZ Winterhude unterrichten wir&nbsp; an zwei Schulstandorten Sch\u00fclerinnen und Sch\u00fcler mit den sonderp\u00e4dagogischen F\u00f6rderbedarfen Lernen, Sprache und sozial-emotionale Entwicklung, wenn die Sorgeberechtigten sich f\u00fcr diese Form &hellip; <a href=\"https:\/\/rebbz-winterhude.hamburg.de\/?page_id=172\" class=\"more-link\"><span class=\"screen-reader-text\">Bildungsabteilung<\/span> weiterlesen <span class=\"meta-nav\">&rarr;<\/span><\/a><\/p>\n","protected":false},"author":13,"featured_media":0,"parent":0,"menu_order":0,"comment_status":"closed","ping_status":"closed","template":"","meta":{"_acf_changed":false,"footnotes":""},"class_list":["post-172","page","type-page","status-publish","hentry"],"acf":[],"_links":{"self":[{"href":"https:\/\/rebbz-winterhude.hamburg.de\/index.php?rest_route=\/wp\/v2\/pages\/172","targetHints":{"allow":["GET"]}}],"collection":[{"href":"https:\/\/rebbz-winterhude.hamburg.de\/index.php?rest_route=\/wp\/v2\/pages"}],"about":[{"href":"https:\/\/rebbz-winterhude.hamburg.de\/index.php?rest_route=\/wp\/v2\/types\/page"}],"author":[{"embeddable":true,"href":"https:\/\/rebbz-winterhude.hamburg.de\/index.php?rest_route=\/wp\/v2\/users\/13"}],"replies":[{"embeddable":true,"href":"https:\/\/rebbz-winterhude.hamburg.de\/index.php?rest_route=%2Fwp%2Fv2%2Fcomments&post=172"}],"version-history":[{"count":6,"href":"https:\/\/rebbz-winterhude.hamburg.de\/index.php?rest_route=\/wp\/v2\/pages\/172\/revisions"}],"predecessor-version":[{"id":2212,"href":"https:\/\/rebbz-winterhude.hamburg.de\/index.php?rest_route=\/wp\/v2\/pages\/172\/revisions\/2212"}],"wp:attachment":[{"href":"https:\/\/rebbz-winterhude.hamburg.de\/index.php?rest_route=%2Fwp%2Fv2%2Fmedia&parent=172"}],"curies":[{"name":"wp","href":"https:\/\/api.w.org\/{rel}","templated":true}]}}