{"id":176,"date":"2016-05-24T16:04:51","date_gmt":"2016-05-24T14:04:51","guid":{"rendered":"http:\/\/sandbox.schulhomepages.hamburg.de\/?page_id=176"},"modified":"2026-02-02T09:03:36","modified_gmt":"2026-02-02T08:03:36","slug":"impressum","status":"publish","type":"page","link":"https:\/\/rebbz-winterhude.hamburg.de\/?page_id=176","title":{"rendered":"Impressum"},"content":{"rendered":"<p class=\"maintext\">Land Hamburg (Diensteanbieter im Sinne des Telemediengesetzes)<\/p>\n<p class=\"maintext\">Das Land Hamburg ist eine juristische Person des \u00f6ffentlichen Rechts, vertreten durch<\/p>\n<p class=\"maintext\">Gesamtleitung: Janos Tsalikis<\/p>\n<p>Beratungsabteilungsleitung: Anja Kr\u00fcger-B\u00f6deker<\/p>\n<p class=\"maintext\">Bildungsabteilungsleitung: Tina Reiche<\/p>\n<p class=\"maintext\">Bildungsabteilung&nbsp;an zwei&nbsp;ReBBZ Standorten:<\/p>\n<p class=\"maintext\"><strong>Schule L\u00e4mmersieth<\/strong><br \/>\nL\u00e4mmersieth 72<br \/>\n22305 Hamburg<br \/>\nTel: 040&nbsp;\/&nbsp;428 86 57 &#8211; 0<br \/>\nFax: 040&nbsp;\/&nbsp;428 86 57 &#8211; 22<br \/>\nE-Mail: <a href=\"mailto:rebbz-eimsbuettel-bildung-bindfeldweg@bsb.hamburg.de\" target=\"_blank\" rel=\"noopener noreferrer\">rebbz-winterhude-bildung@bsfb.hamburg.de<\/a><\/p>\n<p class=\"maintext\"><strong>Schule Brucknerstra\u00dfe<\/strong><br \/>\nBrucknerstra\u00dfe 17<br \/>\n22085 Hamburg<br \/>\nTel: 040&nbsp;&nbsp;\/ 428 86 57 &#8211; 50<br \/>\nFax: 040 \/ 428 86 57 &#8211; 66<br \/>\nE-Mail: <a href=\"mailto:rebbz-eimsbuettel-bildung-bindfeldweg@bsb.hamburg.de\" target=\"_blank\" rel=\"noopener noreferrer\"><u>rebbz-winterhude-bildung@bsfb.hamburg.de<\/u><\/a><\/p>\n<p class=\"maintext\"><strong>Verantwortliche f\u00fcr die journalistisch-redaktionellen Inhalte i.S.d. \u00a7 55 Abs. 2 Rundfunkstaatsvertrag:<\/strong><\/p>\n<p class=\"maintext\">Herr Janos Tsalikis<\/p>\n<p class=\"maintext\">vertretungsberechtigt: Frau Tina Reiche und Anja Kr\u00fcger-B\u00f6deker<\/p>\n<p>Webmaster:innen: Frau Mirjam Conert, Herr Maximilian Munski und Frau Sabrina Lefkowitz<\/p>\n<p><strong>Haftungsausschluss<\/strong><\/p>\n<p style=\"text-align: justify\">F\u00fcr die Inhalte der verlinkten Seiten ist stets der jeweilige Anbieter oder Betreiber der Seiten verantwortlich. Die verlinkten Seiten wurden zum Zeitpunkt der Verlinkung auf m\u00f6gliche Rechtsverst\u00f6\u00dfe \u00fcberpr\u00fcft. Rechtswidrige Inhalte waren zum Zeitpunkt der Verlinkung nicht erkennbar. Eine permanente inhaltliche Kontrolle der verlinkten Seiten ist jedoch ohne konkrete Anhaltspunkte einer Rechtsverletzung nicht zumutbar. Bei Bekanntwerden von Rechtsverletzungen werden wir derartige Links umgehend entfernen.<\/p>\n<p style=\"text-align: justify\"><strong>Datenschutz<\/strong><\/p>\n<p style=\"text-align: justify\">Die Nutzung unserer Webseite ist ohne Angabe personenbezogener Daten m\u00f6glich. Soweit auf unseren Seiten personenbezogene Daten (beispielsweise Name, Anschrift oder E-Mail-Adressen) erhoben werden, erfolgt dies, soweit m\u00f6glich, stets auf freiwilliger Basis. Diese Daten werden ohne Ihre ausdr\u00fcckliche Zustimmung nicht an Dritte weitergegeben.<\/p>\n<p style=\"text-align: justify\">Der Nutzung von im Rahmen der Impressumspflicht ver\u00f6ffentlichten Kontaktdaten durch Dritte zur \u00dcbersendung von nicht ausdr\u00fccklich angeforderter Werbung und Informationsmaterialien wird hiermit ausdr\u00fccklich widersprochen. Die Betreiber der Seiten behalten sich ausdr\u00fccklich rechtliche Schritte im Falle der unverlangten Zusendung von Werbeinformationen, etwa durch Spam-Mails, vor.<\/p>\n","protected":false},"excerpt":{"rendered":"<p>Land Hamburg (Diensteanbieter im Sinne des Telemediengesetzes) Das Land Hamburg ist eine juristische Person des \u00f6ffentlichen Rechts, vertreten durch Gesamtleitung: Janos Tsalikis Beratungsabteilungsleitung: Anja Kr\u00fcger-B\u00f6deker Bildungsabteilungsleitung: Tina Reiche Bildungsabteilung&nbsp;an zwei&nbsp;ReBBZ Standorten: Schule L\u00e4mmersieth L\u00e4mmersieth 72 22305 Hamburg Tel: 040&nbsp;\/&nbsp;428 86 57 &#8211; 0 Fax: 040&nbsp;\/&nbsp;428 86 57 &#8211; 22 E-Mail: rebbz-winterhude-bildung@bsfb.hamburg.de Schule Brucknerstra\u00dfe Brucknerstra\u00dfe 17 &hellip; <a href=\"https:\/\/rebbz-winterhude.hamburg.de\/?page_id=176\" class=\"more-link\"><span class=\"screen-reader-text\">Impressum<\/span> weiterlesen <span class=\"meta-nav\">&rarr;<\/span><\/a><\/p>\n","protected":false},"author":13,"featured_media":0,"parent":0,"menu_order":0,"comment_status":"closed","ping_status":"closed","template":"","meta":{"_acf_changed":false,"footnotes":""},"class_list":["post-176","page","type-page","status-publish","hentry"],"acf":[],"_links":{"self":[{"href":"https:\/\/rebbz-winterhude.hamburg.de\/index.php?rest_route=\/wp\/v2\/pages\/176","targetHints":{"allow":["GET"]}}],"collection":[{"href":"https:\/\/rebbz-winterhude.hamburg.de\/index.php?rest_route=\/wp\/v2\/pages"}],"about":[{"href":"https:\/\/rebbz-winterhude.hamburg.de\/index.php?rest_route=\/wp\/v2\/types\/page"}],"author":[{"embeddable":true,"href":"https:\/\/rebbz-winterhude.hamburg.de\/index.php?rest_route=\/wp\/v2\/users\/13"}],"replies":[{"embeddable":true,"href":"https:\/\/rebbz-winterhude.hamburg.de\/index.php?rest_route=%2Fwp%2Fv2%2Fcomments&post=176"}],"version-history":[{"count":13,"href":"https:\/\/rebbz-winterhude.hamburg.de\/index.php?rest_route=\/wp\/v2\/pages\/176\/revisions"}],"predecessor-version":[{"id":2240,"href":"https:\/\/rebbz-winterhude.hamburg.de\/index.php?rest_route=\/wp\/v2\/pages\/176\/revisions\/2240"}],"wp:attachment":[{"href":"https:\/\/rebbz-winterhude.hamburg.de\/index.php?rest_route=%2Fwp%2Fv2%2Fmedia&parent=176"}],"curies":[{"name":"wp","href":"https:\/\/api.w.org\/{rel}","templated":true}]}}