{"id":1979,"date":"2023-02-23T14:32:57","date_gmt":"2023-02-23T13:32:57","guid":{"rendered":"https:\/\/rebbz-winterhude.hamburg.de\/?page_id=1979"},"modified":"2023-02-23T15:01:33","modified_gmt":"2023-02-23T14:01:33","slug":"beos","status":"publish","type":"page","link":"https:\/\/rebbz-winterhude.hamburg.de\/?page_id=1979","title":{"rendered":"BeOS"},"content":{"rendered":"<h3>Wer?<\/h3>\n<p>Das multiprofessionelle BeOS-Team besteht aus Herrn Christ, Frau Eindorf und Frau Kogelmann und ist f\u00fcr Sch\u00fcler:innen und Erziehungsberechtigte zust\u00e4ndig, die aus unterschiedlichen Gr\u00fcnden im schulischen Rahmen gesch\u00e4digt wurden. Ihre Anliegen werden vertraulich behandelt.<\/p>\n<h3>F\u00fcr wen?<\/h3>\n<p>Unterst\u00fctzung und Beratung f\u00fcr:<\/p>\n<ul>\n<li>Sch\u00fcler:innen<\/li>\n<li>Eltern<\/li>\n<li>Kollegium<\/li>\n<\/ul>\n<h3>Was?<\/h3>\n<ul>\n<li>Beratung\/Gespr\u00e4chsangebote<\/li>\n<li>Begleitung von Gesch\u00e4digten<\/li>\n<li>Unterst\u00fctzung von Gesch\u00e4digten<\/li>\n<li>Pr\u00e4ventionsangebote<\/li>\n<li>Trauerbegleitung<\/li>\n<\/ul>\n<h3>Wie nehme ich Kontakt auf?<\/h3>\n<ul>\n<li>\u00dcber das Schulb\u00fcro (040\/428865750) oder direkt \u00fcber die Klassenlehrer:innen<\/li>\n<li>Per Mail:<\/li>\n<\/ul>\n<p>moritz.christ@rebbzwin.hamburg.de<br \/>\nmartje.eindorf@rebbzwin.hamburg.de<br \/>\nhenriette.kogelmann@rebbzwin.hamburg.de<\/p>\n","protected":false},"excerpt":{"rendered":"<p>Wer? Das multiprofessionelle BeOS-Team besteht aus Herrn Christ, Frau Eindorf und Frau Kogelmann und ist f\u00fcr Sch\u00fcler:innen und Erziehungsberechtigte zust\u00e4ndig, die aus unterschiedlichen Gr\u00fcnden im schulischen Rahmen gesch\u00e4digt wurden. Ihre Anliegen werden vertraulich behandelt. F\u00fcr wen? Unterst\u00fctzung und Beratung f\u00fcr: Sch\u00fcler:innen Eltern Kollegium Was? Beratung\/Gespr\u00e4chsangebote Begleitung von Gesch\u00e4digten Unterst\u00fctzung von Gesch\u00e4digten Pr\u00e4ventionsangebote Trauerbegleitung Wie nehme &hellip; <a href=\"https:\/\/rebbz-winterhude.hamburg.de\/?page_id=1979\" class=\"more-link\"><span class=\"screen-reader-text\">BeOS<\/span> weiterlesen <span class=\"meta-nav\">&rarr;<\/span><\/a><\/p>\n","protected":false},"author":761,"featured_media":0,"parent":0,"menu_order":0,"comment_status":"closed","ping_status":"closed","template":"","meta":{"_acf_changed":false,"footnotes":""},"class_list":["post-1979","page","type-page","status-publish","hentry"],"acf":[],"_links":{"self":[{"href":"https:\/\/rebbz-winterhude.hamburg.de\/index.php?rest_route=\/wp\/v2\/pages\/1979","targetHints":{"allow":["GET"]}}],"collection":[{"href":"https:\/\/rebbz-winterhude.hamburg.de\/index.php?rest_route=\/wp\/v2\/pages"}],"about":[{"href":"https:\/\/rebbz-winterhude.hamburg.de\/index.php?rest_route=\/wp\/v2\/types\/page"}],"author":[{"embeddable":true,"href":"https:\/\/rebbz-winterhude.hamburg.de\/index.php?rest_route=\/wp\/v2\/users\/761"}],"replies":[{"embeddable":true,"href":"https:\/\/rebbz-winterhude.hamburg.de\/index.php?rest_route=%2Fwp%2Fv2%2Fcomments&post=1979"}],"version-history":[{"count":6,"href":"https:\/\/rebbz-winterhude.hamburg.de\/index.php?rest_route=\/wp\/v2\/pages\/1979\/revisions"}],"predecessor-version":[{"id":2005,"href":"https:\/\/rebbz-winterhude.hamburg.de\/index.php?rest_route=\/wp\/v2\/pages\/1979\/revisions\/2005"}],"wp:attachment":[{"href":"https:\/\/rebbz-winterhude.hamburg.de\/index.php?rest_route=%2Fwp%2Fv2%2Fmedia&parent=1979"}],"curies":[{"name":"wp","href":"https:\/\/api.w.org\/{rel}","templated":true}]}}