{"id":1983,"date":"2023-02-23T14:33:18","date_gmt":"2023-02-23T13:33:18","guid":{"rendered":"https:\/\/rebbz-winterhude.hamburg.de\/?page_id=1983"},"modified":"2023-02-23T14:41:51","modified_gmt":"2023-02-23T13:41:51","slug":"tlg","status":"publish","type":"page","link":"https:\/\/rebbz-winterhude.hamburg.de\/?page_id=1983","title":{"rendered":"TLG"},"content":{"rendered":"<h2>Tempor\u00e4re Lerngruppe<\/h2>\n<p>&nbsp;<\/p>\n<p style=\"text-align: justify\">Die Tempor\u00e4ren Lerngruppen sind Kooperationsprojekte von Jugendhilfe und Schule, in denen Kinder und Jugendliche mit \u201eherausforderndem Verhalten\u201c \u00fcbergangsweise in Kleingruppen unterrichtet werden.<\/p>\n<p><img loading=\"lazy\" decoding=\"async\" class=\"wp-image-1011 alignleft\" src=\"https:\/\/rebbz-winterhude.hamburg.de\/wp-content\/uploads\/sites\/656\/2018\/04\/Sch\u00fclerin-am-Tisch.jpg\" alt=\"\" width=\"126\" height=\"128\" srcset=\"https:\/\/rebbz-winterhude.hamburg.de\/wp-content\/uploads\/sites\/656\/2018\/04\/Sch\u00fclerin-am-Tisch.jpg 726w, https:\/\/rebbz-winterhude.hamburg.de\/wp-content\/uploads\/sites\/656\/2018\/04\/Sch\u00fclerin-am-Tisch-296x300.jpg 296w\" sizes=\"auto, (max-width: 126px) 100vw, 126px\" \/><\/p>\n<p style=\"text-align: justify\">Ziel ist die Reintegration in die regul\u00e4re Schule nach sp\u00e4testens einem Jahr. Der Grund f\u00fcr die Aufnahme sind gravierende Lern- und Verhaltensproblematiken, die ein erfolgreiches Lernen in einer regul\u00e4ren Schulklasse aktuell nicht m\u00f6glich machen.<\/p>\n<p style=\"text-align: justify\">Ebenso werden Sch\u00fcler:innen aufgenommen, die durch andauernde Schulverweigerung oder Absentismus auffallen und durch andere Ma\u00dfnahmen nicht erreicht werden.<\/p>\n<p style=\"text-align: justify\">In den Lerngruppen arbeiten die Lehrkr\u00e4fte und die Sozialp\u00e4dagog:innen in einem multiprofessionellen Team zusammen. Es werden schulische L\u00fccken aufgearbeitet und Arbeitshaltungen trainiert. In Einzel- und Familienarbeit werden individuelle Problemlagen bearbeitet und Hilfsangebote vernetzt.<\/p>\n<p style=\"text-align: justify\">Unsere beiden Tempor\u00e4ren Lerngruppen werden von jeweils bis zu 6 Sch\u00fcler:innen der Klassenstufen 5 bis 10 besucht. <img loading=\"lazy\" decoding=\"async\" class=\"wp-image-1074 alignright\" src=\"https:\/\/rebbz-winterhude.hamburg.de\/wp-content\/uploads\/sites\/656\/2018\/04\/Daumen-hoch.jpg\" alt=\"\" width=\"112\" height=\"124\" srcset=\"https:\/\/rebbz-winterhude.hamburg.de\/wp-content\/uploads\/sites\/656\/2018\/04\/Daumen-hoch.jpg 766w, https:\/\/rebbz-winterhude.hamburg.de\/wp-content\/uploads\/sites\/656\/2018\/04\/Daumen-hoch-271x300.jpg 271w\" sizes=\"auto, (max-width: 112px) 100vw, 112px\" \/>Jugendliche der Klassen 9 und 10 haben bei entsprechenden Voraussetzungen die M\u00f6glichkeit den Ersten Schulabschluss (ESA, ehemals Hauptschulabschluss) zu erwerben oder werden mit dem Schwerpunkt Berufsorientierung \/ Berufsvorbereitung unterrichtet.<\/p>\n<p style=\"text-align: justify\">Der Zugang erfolgt \u00fcber die Schulen, das ReBBZ oder den ASD (Jugendamt).<\/p>\n","protected":false},"excerpt":{"rendered":"<p>Tempor\u00e4re Lerngruppe &nbsp; Die Tempor\u00e4ren Lerngruppen sind Kooperationsprojekte von Jugendhilfe und Schule, in denen Kinder und Jugendliche mit \u201eherausforderndem Verhalten\u201c \u00fcbergangsweise in Kleingruppen unterrichtet werden. Ziel ist die Reintegration in die regul\u00e4re Schule nach sp\u00e4testens einem Jahr. Der Grund f\u00fcr die Aufnahme sind gravierende Lern- und Verhaltensproblematiken, die ein erfolgreiches Lernen in einer regul\u00e4ren Schulklasse &hellip; <a href=\"https:\/\/rebbz-winterhude.hamburg.de\/?page_id=1983\" class=\"more-link\"><span class=\"screen-reader-text\">TLG<\/span> weiterlesen <span class=\"meta-nav\">&rarr;<\/span><\/a><\/p>\n","protected":false},"author":761,"featured_media":0,"parent":0,"menu_order":0,"comment_status":"closed","ping_status":"closed","template":"","meta":{"_acf_changed":false,"footnotes":""},"class_list":["post-1983","page","type-page","status-publish","hentry"],"acf":[],"_links":{"self":[{"href":"https:\/\/rebbz-winterhude.hamburg.de\/index.php?rest_route=\/wp\/v2\/pages\/1983","targetHints":{"allow":["GET"]}}],"collection":[{"href":"https:\/\/rebbz-winterhude.hamburg.de\/index.php?rest_route=\/wp\/v2\/pages"}],"about":[{"href":"https:\/\/rebbz-winterhude.hamburg.de\/index.php?rest_route=\/wp\/v2\/types\/page"}],"author":[{"embeddable":true,"href":"https:\/\/rebbz-winterhude.hamburg.de\/index.php?rest_route=\/wp\/v2\/users\/761"}],"replies":[{"embeddable":true,"href":"https:\/\/rebbz-winterhude.hamburg.de\/index.php?rest_route=%2Fwp%2Fv2%2Fcomments&post=1983"}],"version-history":[{"count":4,"href":"https:\/\/rebbz-winterhude.hamburg.de\/index.php?rest_route=\/wp\/v2\/pages\/1983\/revisions"}],"predecessor-version":[{"id":1996,"href":"https:\/\/rebbz-winterhude.hamburg.de\/index.php?rest_route=\/wp\/v2\/pages\/1983\/revisions\/1996"}],"wp:attachment":[{"href":"https:\/\/rebbz-winterhude.hamburg.de\/index.php?rest_route=%2Fwp%2Fv2%2Fmedia&parent=1983"}],"curies":[{"name":"wp","href":"https:\/\/api.w.org\/{rel}","templated":true}]}}