{"id":2035,"date":"2023-03-20T11:08:20","date_gmt":"2023-03-20T10:08:20","guid":{"rendered":"https:\/\/rebbz-winterhude.hamburg.de\/?page_id=2035"},"modified":"2023-03-20T11:09:25","modified_gmt":"2023-03-20T10:09:25","slug":"nachmittagsangebote","status":"publish","type":"page","link":"https:\/\/rebbz-winterhude.hamburg.de\/?page_id=2035","title":{"rendered":"Nachmittagsangebote"},"content":{"rendered":"<p><img loading=\"lazy\" decoding=\"async\" class=\" wp-image-1038 alignright\" src=\"https:\/\/rebbz-winterhude.hamburg.de\/wp-content\/uploads\/sites\/656\/2018\/04\/Dreiecke-rot-300x297.jpg\" alt=\"\" width=\"93\" height=\"92\" srcset=\"https:\/\/rebbz-winterhude.hamburg.de\/wp-content\/uploads\/sites\/656\/2018\/04\/Dreiecke-rot-300x297.jpg 300w, https:\/\/rebbz-winterhude.hamburg.de\/wp-content\/uploads\/sites\/656\/2018\/04\/Dreiecke-rot-150x150.jpg 150w, https:\/\/rebbz-winterhude.hamburg.de\/wp-content\/uploads\/sites\/656\/2018\/04\/Dreiecke-rot.jpg 534w\" sizes=\"auto, (max-width: 93px) 100vw, 93px\" \/>Der Schulstandort Brucknerstra\u00dfe bietet im Rahmen eines offenen Ganztags jeden Tag zwei Kursangebote von 14.00-15.30 Uhr. Die Teilnahme ist freiwillig. Die Wahl und Anmeldung der Kurse finden jeweils zum Halbjahr statt. Die Sch\u00fcler:innen k\u00f6nnen zwischen sportlichen, kreativen und praxisbezogenen Angeboten sowie einer freiwilligen Hausaufgabenhilfe ausw\u00e4hlen.<\/p>\n<p>Das ist ein Beispiel f\u00fcr einen m\u00f6glichen Kursplan:<\/p>\n<table style=\"border-collapse: collapse;width: 100%;height: 108px\">\n<tbody>\n<tr style=\"height: 18px\">\n<td style=\"width: 25%;height: 18px\"><strong>Tag<\/strong><\/td>\n<td style=\"width: 28.1646%;height: 18px\"><strong>Zeit<\/strong><\/td>\n<td style=\"width: 21.8354%;height: 18px\"><strong>Kurs 1<\/strong><\/td>\n<td style=\"width: 25%;height: 18px\"><strong>Kurs 2<\/strong><\/td>\n<\/tr>\n<tr style=\"height: 18px\">\n<td style=\"width: 25%;height: 18px\"><strong>Montag<\/strong><\/td>\n<td style=\"width: 28.1646%;height: 18px\">14.00-15.30 Uhr<\/td>\n<td style=\"width: 21.8354%;height: 18px\"><em><strong>Fu\u00dfball\/Sport<\/strong><\/em><\/td>\n<td style=\"width: 25%;height: 18px\"><em><strong>Hausaufgabenhilfe<\/strong><\/em><\/td>\n<\/tr>\n<tr style=\"height: 18px\">\n<td style=\"width: 25%;height: 18px\"><strong>Dienstag<\/strong><\/td>\n<td style=\"width: 28.1646%;height: 18px\">14.00-15.30 Uhr<\/td>\n<td style=\"width: 21.8354%;height: 18px\"><em><strong>Chillkurs<\/strong><\/em><\/td>\n<td style=\"width: 25%;height: 18px\"><em><strong>Sport<\/strong><\/em><\/td>\n<\/tr>\n<tr style=\"height: 18px\">\n<td style=\"width: 25%;height: 18px\"><strong>Mittwoch<\/strong><\/td>\n<td style=\"width: 28.1646%;height: 18px\">14.00-15.30 Uhr<\/td>\n<td style=\"width: 21.8354%;height: 18px\"><em><strong>Hausaufgabenhilfe<\/strong><\/em><\/td>\n<td style=\"width: 25%;height: 18px\"><em><strong>Hausaufgabenhilfe<\/strong><\/em><\/td>\n<\/tr>\n<tr style=\"height: 18px\">\n<td style=\"width: 25%;height: 18px\"><strong>Donnerstag<\/strong><\/td>\n<td style=\"width: 28.1646%;height: 18px\">14.00-15.30 Uhr<\/td>\n<td style=\"width: 21.8354%;height: 18px\"><em><strong>Schach<\/strong><\/em><\/td>\n<td style=\"width: 25%;height: 18px\"><em><strong>Kochen und Backen<\/strong><\/em><\/td>\n<\/tr>\n<tr style=\"height: 18px\">\n<td style=\"width: 25%;height: 18px\"><strong>Freitag<\/strong><\/td>\n<td style=\"width: 28.1646%;height: 18px\">14.00-15.30 Uhr<\/td>\n<td style=\"width: 21.8354%;height: 18px\"><em><strong>Sport<\/strong><\/em><\/td>\n<td style=\"width: 25%;height: 18px\"><em><strong>Handwerk<\/strong><\/em><\/td>\n<\/tr>\n<\/tbody>\n<\/table>\n","protected":false},"excerpt":{"rendered":"<p>Der Schulstandort Brucknerstra\u00dfe bietet im Rahmen eines offenen Ganztags jeden Tag zwei Kursangebote von 14.00-15.30 Uhr. Die Teilnahme ist freiwillig. Die Wahl und Anmeldung der Kurse finden jeweils zum Halbjahr statt. Die Sch\u00fcler:innen k\u00f6nnen zwischen sportlichen, kreativen und praxisbezogenen Angeboten sowie einer freiwilligen Hausaufgabenhilfe ausw\u00e4hlen. Das ist ein Beispiel f\u00fcr einen m\u00f6glichen Kursplan: Tag Zeit &hellip; <a href=\"https:\/\/rebbz-winterhude.hamburg.de\/?page_id=2035\" class=\"more-link\"><span class=\"screen-reader-text\">Nachmittagsangebote<\/span> weiterlesen <span class=\"meta-nav\">&rarr;<\/span><\/a><\/p>\n","protected":false},"author":761,"featured_media":0,"parent":0,"menu_order":0,"comment_status":"closed","ping_status":"closed","template":"","meta":{"_acf_changed":false,"footnotes":""},"class_list":["post-2035","page","type-page","status-publish","hentry"],"acf":[],"_links":{"self":[{"href":"https:\/\/rebbz-winterhude.hamburg.de\/index.php?rest_route=\/wp\/v2\/pages\/2035","targetHints":{"allow":["GET"]}}],"collection":[{"href":"https:\/\/rebbz-winterhude.hamburg.de\/index.php?rest_route=\/wp\/v2\/pages"}],"about":[{"href":"https:\/\/rebbz-winterhude.hamburg.de\/index.php?rest_route=\/wp\/v2\/types\/page"}],"author":[{"embeddable":true,"href":"https:\/\/rebbz-winterhude.hamburg.de\/index.php?rest_route=\/wp\/v2\/users\/761"}],"replies":[{"embeddable":true,"href":"https:\/\/rebbz-winterhude.hamburg.de\/index.php?rest_route=%2Fwp%2Fv2%2Fcomments&post=2035"}],"version-history":[{"count":3,"href":"https:\/\/rebbz-winterhude.hamburg.de\/index.php?rest_route=\/wp\/v2\/pages\/2035\/revisions"}],"predecessor-version":[{"id":2040,"href":"https:\/\/rebbz-winterhude.hamburg.de\/index.php?rest_route=\/wp\/v2\/pages\/2035\/revisions\/2040"}],"wp:attachment":[{"href":"https:\/\/rebbz-winterhude.hamburg.de\/index.php?rest_route=%2Fwp%2Fv2%2Fmedia&parent=2035"}],"curies":[{"name":"wp","href":"https:\/\/api.w.org\/{rel}","templated":true}]}}