{"id":213,"date":"2016-05-31T14:36:43","date_gmt":"2016-05-31T12:36:43","guid":{"rendered":"http:\/\/sandbox.schulhomepages.hamburg.de\/?page_id=213"},"modified":"2023-11-06T16:59:41","modified_gmt":"2023-11-06T15:59:41","slug":"leitung","status":"publish","type":"page","link":"https:\/\/rebbz-winterhude.hamburg.de\/?page_id=213","title":{"rendered":"ReBBZ-Leitung"},"content":{"rendered":"<p style=\"text-align: center\"><span style=\"font-size: 20px\"><strong>ReBBZ \u2013 Gesamtleitung<\/strong><\/span><\/p>\n<figure id=\"attachment_898\" aria-describedby=\"caption-attachment-898\" style=\"width: 201px\" class=\"wp-caption aligncenter\"><img loading=\"lazy\" decoding=\"async\" class=\"size-medium wp-image-898\" src=\"https:\/\/rebbz-winterhude.hamburg.de\/wp-content\/uploads\/sites\/656\/2017\/11\/Portr\u00e4t_Tsalikis-201x300.jpg\" alt=\"\" width=\"201\" height=\"300\" srcset=\"https:\/\/rebbz-winterhude.hamburg.de\/wp-content\/uploads\/sites\/656\/2017\/11\/Portr\u00e4t_Tsalikis-201x300.jpg 201w, https:\/\/rebbz-winterhude.hamburg.de\/wp-content\/uploads\/sites\/656\/2017\/11\/Portr\u00e4t_Tsalikis.jpg 514w\" sizes=\"auto, (max-width: 201px) 100vw, 201px\" \/><figcaption id=\"caption-attachment-898\" class=\"wp-caption-text\"><span style=\"color: #000000;font-family: comic sans ms,sans-serif\">&nbsp;&nbsp;&nbsp;&nbsp;&nbsp;&nbsp;&nbsp;&nbsp;&nbsp;&nbsp;&nbsp;&nbsp;<em><span style=\"font-size: 16px\"><strong> Herr Tsalikis&nbsp; &nbsp; &nbsp; &nbsp; &nbsp; &nbsp;<\/strong><\/span><\/em><\/span><em><span style=\"color: #000000;font-family: comic sans ms,sans-serif\"><span style=\"font-size: 12px\">ReBBZ &#8211; Gesamtleitung<\/span><\/span><\/em><\/figcaption><\/figure>\n<p style=\"text-align: center\">Janos Tsalikis<\/p>\n<p style=\"text-align: center\">Email: janos.tsalikis@bsb.hamburg.de<\/p>\n<p><img loading=\"lazy\" decoding=\"async\" class=\"size-medium wp-image-1013 aligncenter\" src=\"https:\/\/rebbz-winterhude.hamburg.de\/wp-content\/uploads\/sites\/656\/2018\/04\/Strich-senkrecht-blau-e1523889364608-300x54.jpg\" alt=\"\" width=\"300\" height=\"54\" srcset=\"https:\/\/rebbz-winterhude.hamburg.de\/wp-content\/uploads\/sites\/656\/2018\/04\/Strich-senkrecht-blau-e1523889364608-300x54.jpg 300w, https:\/\/rebbz-winterhude.hamburg.de\/wp-content\/uploads\/sites\/656\/2018\/04\/Strich-senkrecht-blau-e1523889364608-1024x184.jpg 1024w, https:\/\/rebbz-winterhude.hamburg.de\/wp-content\/uploads\/sites\/656\/2018\/04\/Strich-senkrecht-blau-e1523889364608-768x138.jpg 768w, https:\/\/rebbz-winterhude.hamburg.de\/wp-content\/uploads\/sites\/656\/2018\/04\/Strich-senkrecht-blau-e1523889364608.jpg 1380w\" sizes=\"auto, (max-width: 300px) 100vw, 300px\" \/><\/p>\n<p style=\"text-align: center\"><strong><span style=\"font-size: 20px\">Abteilungsleitung Bildung und Schulleitung<\/span><br \/>\n<\/strong><\/p>\n<p style=\"text-align: center\"><img loading=\"lazy\" decoding=\"async\" class=\"alignnone size-medium wp-image-1559\" src=\"https:\/\/rebbz-winterhude.hamburg.de\/wp-content\/uploads\/sites\/656\/2020\/06\/a721928f-4a1d-4332-8ee4-7626a400ebb8-203x300.jpg\" alt=\"\" width=\"203\" height=\"300\" srcset=\"https:\/\/rebbz-winterhude.hamburg.de\/wp-content\/uploads\/sites\/656\/2020\/06\/a721928f-4a1d-4332-8ee4-7626a400ebb8-203x300.jpg 203w, https:\/\/rebbz-winterhude.hamburg.de\/wp-content\/uploads\/sites\/656\/2020\/06\/a721928f-4a1d-4332-8ee4-7626a400ebb8.jpg 411w\" sizes=\"auto, (max-width: 203px) 100vw, 203px\" \/><\/p>\n<p style=\"text-align: center\"><span style=\"font-size: 16px\"><strong><span style=\"font-family: comic sans ms, sans-serif\">&nbsp;Frau Rei<em>che<br \/>\n<\/em><\/span><\/strong><\/span><\/p>\n<p style=\"text-align: center\"><em><span style=\"font-family: comic sans ms, sans-serif;font-size: 12px\">Schulleitung<\/span><\/em><\/p>\n<p style=\"text-align: center\">Tina Reiche<\/p>\n<p style=\"text-align: center\">Email: tina.reiche@bsb.hamburg.de<\/p>\n<p><img loading=\"lazy\" decoding=\"async\" class=\"size-medium wp-image-1013 aligncenter\" src=\"https:\/\/rebbz-winterhude.hamburg.de\/wp-content\/uploads\/sites\/656\/2018\/04\/Strich-senkrecht-blau-e1523889364608-300x54.jpg\" alt=\"\" width=\"300\" height=\"54\" srcset=\"https:\/\/rebbz-winterhude.hamburg.de\/wp-content\/uploads\/sites\/656\/2018\/04\/Strich-senkrecht-blau-e1523889364608-300x54.jpg 300w, https:\/\/rebbz-winterhude.hamburg.de\/wp-content\/uploads\/sites\/656\/2018\/04\/Strich-senkrecht-blau-e1523889364608-1024x184.jpg 1024w, https:\/\/rebbz-winterhude.hamburg.de\/wp-content\/uploads\/sites\/656\/2018\/04\/Strich-senkrecht-blau-e1523889364608-768x138.jpg 768w, https:\/\/rebbz-winterhude.hamburg.de\/wp-content\/uploads\/sites\/656\/2018\/04\/Strich-senkrecht-blau-e1523889364608.jpg 1380w\" sizes=\"auto, (max-width: 300px) 100vw, 300px\" \/><\/p>\n<p style=\"text-align: center\"><span style=\"font-size: 20px\"><strong>Abteilungsleitung Beratung<\/strong><\/span><\/p>\n<p>&nbsp; &nbsp; &nbsp; &nbsp; &nbsp; &nbsp; &nbsp; &nbsp; &nbsp; &nbsp; &nbsp; &nbsp; &nbsp; &nbsp; &nbsp; &nbsp; &nbsp; &nbsp; &nbsp; &nbsp; &nbsp;<img loading=\"lazy\" decoding=\"async\" class=\"alignnone size-medium wp-image-2095\" src=\"https:\/\/rebbz-winterhude.hamburg.de\/wp-content\/uploads\/sites\/656\/2023\/10\/PXL_20230929_1410203317-225x300.jpg\" alt=\"\" width=\"225\" height=\"300\" srcset=\"https:\/\/rebbz-winterhude.hamburg.de\/wp-content\/uploads\/sites\/656\/2023\/10\/PXL_20230929_1410203317-225x300.jpg 225w, https:\/\/rebbz-winterhude.hamburg.de\/wp-content\/uploads\/sites\/656\/2023\/10\/PXL_20230929_1410203317-768x1024.jpg 768w, https:\/\/rebbz-winterhude.hamburg.de\/wp-content\/uploads\/sites\/656\/2023\/10\/PXL_20230929_1410203317-1152x1536.jpg 1152w, https:\/\/rebbz-winterhude.hamburg.de\/wp-content\/uploads\/sites\/656\/2023\/10\/PXL_20230929_1410203317-1536x2048.jpg 1536w, https:\/\/rebbz-winterhude.hamburg.de\/wp-content\/uploads\/sites\/656\/2023\/10\/PXL_20230929_1410203317-scaled.jpg 1920w\" sizes=\"auto, (max-width: 225px) 100vw, 225px\" \/><\/p>\n<p style=\"text-align: center\"><span style=\"font-family: 'comic sans ms', sans-serif\"><strong>Frau Kr\u00fcger-B\u00f6deker<\/strong><\/span><\/p>\n<p style=\"text-align: center\"><em><span style=\"font-family: comic sans ms, sans-serif;font-size: 12px\">Beratungsleitung<\/span><\/em><\/p>\n<p style=\"text-align: center\">Anja Kr\u00fcger-B\u00f6deker&nbsp;<\/p>\n<p style=\"text-align: center\">Email: anja.krueger-boedeker@bsb.hamburg.de<\/p>\n","protected":false},"excerpt":{"rendered":"<p>ReBBZ \u2013 Gesamtleitung Janos Tsalikis Email: janos.tsalikis@bsb.hamburg.de Abteilungsleitung Bildung und Schulleitung &nbsp;Frau Reiche Schulleitung Tina Reiche Email: tina.reiche@bsb.hamburg.de Abteilungsleitung Beratung &nbsp; &nbsp; &nbsp; &nbsp; &nbsp; &nbsp; &nbsp; &nbsp; &nbsp; &nbsp; &nbsp; &nbsp; &nbsp; &nbsp; &nbsp; &nbsp; &nbsp; &nbsp; &nbsp; &nbsp; &nbsp; Frau Kr\u00fcger-B\u00f6deker Beratungsleitung Anja Kr\u00fcger-B\u00f6deker&nbsp; Email: anja.krueger-boedeker@bsb.hamburg.de<\/p>\n","protected":false},"author":13,"featured_media":0,"parent":0,"menu_order":0,"comment_status":"closed","ping_status":"closed","template":"","meta":{"_acf_changed":false,"footnotes":""},"class_list":["post-213","page","type-page","status-publish","hentry"],"acf":[],"_links":{"self":[{"href":"https:\/\/rebbz-winterhude.hamburg.de\/index.php?rest_route=\/wp\/v2\/pages\/213","targetHints":{"allow":["GET"]}}],"collection":[{"href":"https:\/\/rebbz-winterhude.hamburg.de\/index.php?rest_route=\/wp\/v2\/pages"}],"about":[{"href":"https:\/\/rebbz-winterhude.hamburg.de\/index.php?rest_route=\/wp\/v2\/types\/page"}],"author":[{"embeddable":true,"href":"https:\/\/rebbz-winterhude.hamburg.de\/index.php?rest_route=\/wp\/v2\/users\/13"}],"replies":[{"embeddable":true,"href":"https:\/\/rebbz-winterhude.hamburg.de\/index.php?rest_route=%2Fwp%2Fv2%2Fcomments&post=213"}],"version-history":[{"count":10,"href":"https:\/\/rebbz-winterhude.hamburg.de\/index.php?rest_route=\/wp\/v2\/pages\/213\/revisions"}],"predecessor-version":[{"id":2110,"href":"https:\/\/rebbz-winterhude.hamburg.de\/index.php?rest_route=\/wp\/v2\/pages\/213\/revisions\/2110"}],"wp:attachment":[{"href":"https:\/\/rebbz-winterhude.hamburg.de\/index.php?rest_route=%2Fwp%2Fv2%2Fmedia&parent=213"}],"curies":[{"name":"wp","href":"https:\/\/api.w.org\/{rel}","templated":true}]}}