{"id":220,"date":"2016-05-31T14:53:35","date_gmt":"2016-05-31T12:53:35","guid":{"rendered":"http:\/\/sandbox.schulhomepages.hamburg.de\/?page_id=220"},"modified":"2018-09-04T11:39:57","modified_gmt":"2018-09-04T09:39:57","slug":"gewaltpraevention","status":"publish","type":"page","link":"https:\/\/rebbz-winterhude.hamburg.de\/?page_id=220","title":{"rendered":"Gewaltpr\u00e4vention im Kindesalter (GiK)"},"content":{"rendered":"<h3><img loading=\"lazy\" decoding=\"async\" class=\"wp-image-988 alignright\" src=\"https:\/\/rebbz-winterhude.hamburg.de\/wp-content\/uploads\/sites\/656\/2018\/04\/Ausrufezeichen.jpg\" alt=\"\" width=\"112\" height=\"193\" srcset=\"https:\/\/rebbz-winterhude.hamburg.de\/wp-content\/uploads\/sites\/656\/2018\/04\/Ausrufezeichen.jpg 360w, https:\/\/rebbz-winterhude.hamburg.de\/wp-content\/uploads\/sites\/656\/2018\/04\/Ausrufezeichen-175x300.jpg 175w\" sizes=\"auto, (max-width: 112px) 100vw, 112px\" \/><span style=\"font-size: 16px\"><strong>Gewaltpr\u00e4vention im Kindesalter<\/strong><\/span><\/h3>\n<p style=\"text-align: justify\">In allen Regionalen Bildungs- und Beratungszentren (ReBBZ) arbeiten ausgebildete Fachkr\u00e4fte f\u00fcr Gewaltpr\u00e4vention im Kindesalter (GiK), im Tandem mit den GiK-Fachkr\u00e4ften der bezirklichen Jugend\u00e4mter zusammen. Zielgruppe sind Sch\u00fcler und Sch\u00fclerinnen bis zum 13. Lebensjahr, die mit antisozialem und\/oder aggressivem Verhalten aufgefallen sind.<img loading=\"lazy\" decoding=\"async\" class=\"wp-image-995 alignright\" src=\"https:\/\/rebbz-winterhude.hamburg.de\/wp-content\/uploads\/sites\/656\/2018\/04\/Sch\u00fcler-Team-Partner.jpg\" alt=\"\" width=\"91\" height=\"120\" srcset=\"https:\/\/rebbz-winterhude.hamburg.de\/wp-content\/uploads\/sites\/656\/2018\/04\/Sch\u00fcler-Team-Partner.jpg 561w, https:\/\/rebbz-winterhude.hamburg.de\/wp-content\/uploads\/sites\/656\/2018\/04\/Sch\u00fcler-Team-Partner-227x300.jpg 227w\" sizes=\"auto, (max-width: 91px) 100vw, 91px\" \/><\/p>\n<p style=\"text-align: justify\">Um eine Verfestigung dieses Verhaltens zu verhindern, arbeiten die GiK-Fachkr\u00e4fte mit allen zur Erziehung beauftragten Personen und Institutionen zusammen, um fr\u00fchzeitig Hilfsangebote f\u00fcr einzelne Sch\u00fcler und Sch\u00fclerinnen, Schulgruppen, Eltern und Schulen zu entwickeln.<\/p>\n<p style=\"text-align: justify\">Zu diesem Arbeitsbereich geh\u00f6rt neben der Einzelfallberatung auch die Entwicklung gewaltpr\u00e4ventiver Angebote im Bezirk.<\/p>\n<h3><\/h3>\n<p>&nbsp;<\/p>\n","protected":false},"excerpt":{"rendered":"<p>Gewaltpr\u00e4vention im Kindesalter In allen Regionalen Bildungs- und Beratungszentren (ReBBZ) arbeiten ausgebildete Fachkr\u00e4fte f\u00fcr Gewaltpr\u00e4vention im Kindesalter (GiK), im Tandem mit den GiK-Fachkr\u00e4ften der bezirklichen Jugend\u00e4mter zusammen. Zielgruppe sind Sch\u00fcler und Sch\u00fclerinnen bis zum 13. Lebensjahr, die mit antisozialem und\/oder aggressivem Verhalten aufgefallen sind. Um eine Verfestigung dieses Verhaltens zu verhindern, arbeiten die GiK-Fachkr\u00e4fte mit &hellip; <a href=\"https:\/\/rebbz-winterhude.hamburg.de\/?page_id=220\" class=\"more-link\"><span class=\"screen-reader-text\">Gewaltpr\u00e4vention im Kindesalter (GiK)<\/span> weiterlesen <span class=\"meta-nav\">&rarr;<\/span><\/a><\/p>\n","protected":false},"author":13,"featured_media":0,"parent":0,"menu_order":0,"comment_status":"closed","ping_status":"closed","template":"","meta":{"_acf_changed":false,"footnotes":""},"class_list":["post-220","page","type-page","status-publish","hentry"],"acf":[],"_links":{"self":[{"href":"https:\/\/rebbz-winterhude.hamburg.de\/index.php?rest_route=\/wp\/v2\/pages\/220","targetHints":{"allow":["GET"]}}],"collection":[{"href":"https:\/\/rebbz-winterhude.hamburg.de\/index.php?rest_route=\/wp\/v2\/pages"}],"about":[{"href":"https:\/\/rebbz-winterhude.hamburg.de\/index.php?rest_route=\/wp\/v2\/types\/page"}],"author":[{"embeddable":true,"href":"https:\/\/rebbz-winterhude.hamburg.de\/index.php?rest_route=\/wp\/v2\/users\/13"}],"replies":[{"embeddable":true,"href":"https:\/\/rebbz-winterhude.hamburg.de\/index.php?rest_route=%2Fwp%2Fv2%2Fcomments&post=220"}],"version-history":[{"count":2,"href":"https:\/\/rebbz-winterhude.hamburg.de\/index.php?rest_route=\/wp\/v2\/pages\/220\/revisions"}],"predecessor-version":[{"id":986,"href":"https:\/\/rebbz-winterhude.hamburg.de\/index.php?rest_route=\/wp\/v2\/pages\/220\/revisions\/986"}],"wp:attachment":[{"href":"https:\/\/rebbz-winterhude.hamburg.de\/index.php?rest_route=%2Fwp%2Fv2%2Fmedia&parent=220"}],"curies":[{"name":"wp","href":"https:\/\/api.w.org\/{rel}","templated":true}]}}