{"id":414,"date":"2016-09-16T19:24:45","date_gmt":"2016-09-16T17:24:45","guid":{"rendered":"http:\/\/sandbox.schulhomepages.hamburg.de\/?page_id=414"},"modified":"2016-09-19T09:56:10","modified_gmt":"2016-09-19T07:56:10","slug":"ergo-und-logopaedie","status":"publish","type":"page","link":"https:\/\/rebbz-winterhude.hamburg.de\/?page_id=414","title":{"rendered":"Ergotherapie &amp; Logop\u00e4die"},"content":{"rendered":"<p>Seit November 2014 gibt es innerhalb der Schul- und Hortzeit die M\u00f6glichkeit, logop\u00e4dische sowie ergotherapeutische F\u00f6rderung (durch professionelle Therapiepraxen) in Anspruch zu nehmen. Sie findet sowohl vor- als auch nachmittags im Sprachf\u00f6rderraum der Schule statt.<br \/>\nEs wird durch dieses Angebot eine ganzheitliche F\u00f6rderung des Kindes gew\u00e4hrleistet.<br \/>\nVor allem die Kinder, die bisher aufgrund der Berufst\u00e4tigkeit ihrer Eltern eine Therapie nicht in Anspruch nehmen konnten, profitieren von diesen schulinternen Angeboten.<\/p>\n","protected":false},"excerpt":{"rendered":"<p>Seit November 2014 gibt es innerhalb der Schul- und Hortzeit die M\u00f6glichkeit, logop\u00e4dische sowie ergotherapeutische F\u00f6rderung (durch professionelle Therapiepraxen) in Anspruch zu nehmen. Sie findet sowohl vor- als auch nachmittags im Sprachf\u00f6rderraum der Schule statt. Es wird durch dieses Angebot eine ganzheitliche F\u00f6rderung des Kindes gew\u00e4hrleistet. Vor allem die Kinder, die bisher aufgrund der Berufst\u00e4tigkeit &hellip; <a href=\"https:\/\/rebbz-winterhude.hamburg.de\/?page_id=414\" class=\"more-link\"><span class=\"screen-reader-text\">Ergotherapie &amp; Logop\u00e4die<\/span> weiterlesen <span class=\"meta-nav\">&rarr;<\/span><\/a><\/p>\n","protected":false},"author":13,"featured_media":0,"parent":0,"menu_order":0,"comment_status":"closed","ping_status":"closed","template":"","meta":{"_acf_changed":false,"footnotes":""},"class_list":["post-414","page","type-page","status-publish","hentry"],"acf":[],"_links":{"self":[{"href":"https:\/\/rebbz-winterhude.hamburg.de\/index.php?rest_route=\/wp\/v2\/pages\/414","targetHints":{"allow":["GET"]}}],"collection":[{"href":"https:\/\/rebbz-winterhude.hamburg.de\/index.php?rest_route=\/wp\/v2\/pages"}],"about":[{"href":"https:\/\/rebbz-winterhude.hamburg.de\/index.php?rest_route=\/wp\/v2\/types\/page"}],"author":[{"embeddable":true,"href":"https:\/\/rebbz-winterhude.hamburg.de\/index.php?rest_route=\/wp\/v2\/users\/13"}],"replies":[{"embeddable":true,"href":"https:\/\/rebbz-winterhude.hamburg.de\/index.php?rest_route=%2Fwp%2Fv2%2Fcomments&post=414"}],"version-history":[{"count":0,"href":"https:\/\/rebbz-winterhude.hamburg.de\/index.php?rest_route=\/wp\/v2\/pages\/414\/revisions"}],"wp:attachment":[{"href":"https:\/\/rebbz-winterhude.hamburg.de\/index.php?rest_route=%2Fwp%2Fv2%2Fmedia&parent=414"}],"curies":[{"name":"wp","href":"https:\/\/api.w.org\/{rel}","templated":true}]}}