{"id":448,"date":"2016-09-29T12:24:00","date_gmt":"2016-09-29T10:24:00","guid":{"rendered":"http:\/\/sandbox.schulhomepages.hamburg.de\/?page_id=448"},"modified":"2025-03-06T20:09:50","modified_gmt":"2025-03-06T19:09:50","slug":"start-2-2","status":"publish","type":"page","link":"https:\/\/rebbz-winterhude.hamburg.de\/","title":{"rendered":"Start"},"content":{"rendered":"<p><strong><img loading=\"lazy\" decoding=\"async\" class=\"wp-image-1016 aligncenter\" src=\"https:\/\/rebbz-winterhude.hamburg.de\/wp-content\/uploads\/sites\/656\/2018\/04\/Strich-senkrecht-gr\u00fcn-e1523890099100-300x54.jpg\" alt=\"\" width=\"402\" height=\"72\"><\/strong><\/p>\n<p style=\"text-align: center\"><strong>Willkommen im Regionalen Bildungs- und Beratungszentrum (ReBBZ) Winterhude!<\/strong><\/p>\n<p><img loading=\"lazy\" decoding=\"async\" class=\"size-medium wp-image-642 aligncenter\" src=\"https:\/\/rebbz-winterhude.hamburg.de\/wp-content\/uploads\/sites\/656\/2017\/01\/cropped-cropped-logo-4-300x73.jpg\" alt=\"\" width=\"300\" height=\"73\" srcset=\"https:\/\/rebbz-winterhude.hamburg.de\/wp-content\/uploads\/sites\/656\/2017\/01\/cropped-cropped-logo-4-300x73.jpg 300w, https:\/\/rebbz-winterhude.hamburg.de\/wp-content\/uploads\/sites\/656\/2017\/01\/cropped-cropped-logo-4-768x188.jpg 768w, https:\/\/rebbz-winterhude.hamburg.de\/wp-content\/uploads\/sites\/656\/2017\/01\/cropped-cropped-logo-4-1024x250.jpg 1024w, https:\/\/rebbz-winterhude.hamburg.de\/wp-content\/uploads\/sites\/656\/2017\/01\/cropped-cropped-logo-4.jpg 1260w\" sizes=\"auto, (max-width: 300px) 100vw, 300px\" \/><\/p>\n<p style=\"text-align: center\"><a href=\"https:\/\/rebbz-winterhude.hamburg.de\/wp-content\/uploads\/sites\/656\/2024\/02\/ReBBZ-Flyer.pdf\">Hier geht\u00b4s zum Flyer<\/a><\/p>\n<p>Das ReBBZ Winterhude besteht aus einer <a href=\"https:\/\/rebbz-winterhude.hamburg.de\/?page_id=175\"><span style=\"text-decoration: underline\"><strong>Beratungsabteilung<\/strong><\/span><\/a> und einer <a href=\"https:\/\/rebbz-winterhude.hamburg.de\/?page_id=172\"><strong><span style=\"text-decoration: underline\">Bildungsabteilung.<\/span><\/strong><\/a><br \/>\nZur Bildungsabteilung geh\u00f6ren die beiden Schulstandorte&nbsp;<span style=\"text-decoration: underline\"><a href=\"https:\/\/rebbz-winterhude.hamburg.de\/?page_id=475\">L\u00e4mmersieth <\/a><\/span> und Schule<span style=\"text-decoration: underline\"> <a href=\"https:\/\/rebbz-winterhude.hamburg.de\/?page_id=477\">Brucknerstra\u00dfe (7.-10.Klasse)<\/a><\/span>.<\/p>\n<p style=\"text-align: justify\">Das ReBBZ-Winterhude ist eines von <a href=\"http:\/\/www.hamburg.de\/rebbz-regional\/\" target=\"_blank\" rel=\"noopener noreferrer\">13 regionalen Bildungs- und Beratungszentre<\/a><a href=\"http:\/\/www.hamburg.de\/rebbz-regional\/\" target=\"_blank\" rel=\"noopener noreferrer\">n<\/a> in Hambu<a href=\"http:\/\/www.hamburg.de\/rebbz-regional\/\" target=\"_blank\" rel=\"noopener noreferrer\"><img loading=\"lazy\" decoding=\"async\" class=\"size-full wp-image-938 alignright\" src=\"https:\/\/rebbz-winterhude.hamburg.de\/wp-content\/uploads\/sites\/656\/2018\/02\/Logo-Beratung-Bildung.png\" alt=\"\" width=\"177\" height=\"150\"><\/a>rg.<\/p>\n<p><strong>Herzlich Willkommen!<\/strong><\/p>\n<p>&nbsp;<\/p>\n<h2><span style=\"text-decoration: underline\"><strong>Aktuell:<\/strong><\/span><\/h2>\n<p><strong>Die Schulinspektion war da! Es gibt tolle Ergebnisse!<\/strong><\/p>\n<a href=\"https:\/\/rebbz-winterhude.hamburg.de\/wp-content\/uploads\/sites\/656\/2025\/01\/ERGEBNISSE-DER-INSPEKTION.pdf\" class=\"pdfemb-viewer\" style=\"\" data-width=\"max\" data-height=\"max\" data-toolbar=\"bottom\" data-toolbar-fixed=\"off\">ERGEBNISSE DER INSPEKTION<\/a>\n<p>&nbsp;<\/p>\n<p><a href=\"https:\/\/rebbz-winterhude.hamburg.de\/?page_id=1787\"><strong>DreiF\u00fcrEins <img loading=\"lazy\" decoding=\"async\" class=\"wp-image-2165 alignright\" src=\"https:\/\/rebbz-winterhude.hamburg.de\/wp-content\/uploads\/sites\/656\/2024\/06\/3fuer1-300x184.jpg\" alt=\"\" width=\"203\" height=\"125\" srcset=\"https:\/\/rebbz-winterhude.hamburg.de\/wp-content\/uploads\/sites\/656\/2024\/06\/3fuer1-300x184.jpg 300w, https:\/\/rebbz-winterhude.hamburg.de\/wp-content\/uploads\/sites\/656\/2024\/06\/3fuer1.jpg 465w\" sizes=\"auto, (max-width: 203px) 100vw, 203px\" \/>\u2013 Hilfen aus einer Hand \u2013 ein innovatives und zukunftweisendes Projekt f\u00fcr die Kinder und Jugendlichen&nbsp;<\/strong><strong>unserer Stadt<\/strong>&nbsp;<\/a><\/p>\n<p>&nbsp;<\/p>\n<p>&nbsp;<\/p>\n","protected":false},"excerpt":{"rendered":"<p>Willkommen im Regionalen Bildungs- und Beratungszentrum (ReBBZ) Winterhude! Hier geht\u00b4s zum Flyer Das ReBBZ Winterhude besteht aus einer Beratungsabteilung und einer Bildungsabteilung. Zur Bildungsabteilung geh\u00f6ren die beiden Schulstandorte&nbsp;L\u00e4mmersieth und Schule Brucknerstra\u00dfe (7.-10.Klasse). Das ReBBZ-Winterhude ist eines von 13 regionalen Bildungs- und Beratungszentren in Hamburg. Herzlich Willkommen! &nbsp; Aktuell: Die Schulinspektion war da! Es gibt tolle &hellip; <a href=\"https:\/\/rebbz-winterhude.hamburg.de\/\" class=\"more-link\"><span class=\"screen-reader-text\">Start<\/span> weiterlesen <span class=\"meta-nav\">&rarr;<\/span><\/a><\/p>\n","protected":false},"author":13,"featured_media":0,"parent":0,"menu_order":0,"comment_status":"closed","ping_status":"closed","template":"","meta":{"_acf_changed":false,"footnotes":""},"class_list":["post-448","page","type-page","status-publish","hentry"],"acf":[],"_links":{"self":[{"href":"https:\/\/rebbz-winterhude.hamburg.de\/index.php?rest_route=\/wp\/v2\/pages\/448","targetHints":{"allow":["GET"]}}],"collection":[{"href":"https:\/\/rebbz-winterhude.hamburg.de\/index.php?rest_route=\/wp\/v2\/pages"}],"about":[{"href":"https:\/\/rebbz-winterhude.hamburg.de\/index.php?rest_route=\/wp\/v2\/types\/page"}],"author":[{"embeddable":true,"href":"https:\/\/rebbz-winterhude.hamburg.de\/index.php?rest_route=\/wp\/v2\/users\/13"}],"replies":[{"embeddable":true,"href":"https:\/\/rebbz-winterhude.hamburg.de\/index.php?rest_route=%2Fwp%2Fv2%2Fcomments&post=448"}],"version-history":[{"count":41,"href":"https:\/\/rebbz-winterhude.hamburg.de\/index.php?rest_route=\/wp\/v2\/pages\/448\/revisions"}],"predecessor-version":[{"id":2224,"href":"https:\/\/rebbz-winterhude.hamburg.de\/index.php?rest_route=\/wp\/v2\/pages\/448\/revisions\/2224"}],"wp:attachment":[{"href":"https:\/\/rebbz-winterhude.hamburg.de\/index.php?rest_route=%2Fwp%2Fv2%2Fmedia&parent=448"}],"curies":[{"name":"wp","href":"https:\/\/api.w.org\/{rel}","templated":true}]}}