{"id":450,"date":"2016-09-29T12:56:59","date_gmt":"2016-09-29T10:56:59","guid":{"rendered":"http:\/\/sandbox.schulhomepages.hamburg.de\/?page_id=450"},"modified":"2018-09-04T12:38:25","modified_gmt":"2018-09-04T10:38:25","slug":"einzelberatung","status":"publish","type":"page","link":"https:\/\/rebbz-winterhude.hamburg.de\/?page_id=450","title":{"rendered":"Einzelberatung"},"content":{"rendered":"<p>Wir beraten Lehrkr\u00e4fte, Sorgeberechtigte, Sch\u00fclerinnen und Sch\u00fcler\u00a0sowie p\u00e4dagogische Mitarbeiterinnen und Mitarbeiter bei Problemlagen, Konflikten oder schulisch relevanten Fragestellungen, die nicht schulintern gekl\u00e4rt werden k\u00f6nnen.<\/p>\n<p><img loading=\"lazy\" decoding=\"async\" class=\"wp-image-1008 aligncenter\" src=\"https:\/\/rebbz-winterhude.hamburg.de\/wp-content\/uploads\/sites\/656\/2018\/04\/Bildung-und-Beratung-3.jpg\" alt=\"\" width=\"271\" height=\"145\" srcset=\"https:\/\/rebbz-winterhude.hamburg.de\/wp-content\/uploads\/sites\/656\/2018\/04\/Bildung-und-Beratung-3.jpg 2048w, https:\/\/rebbz-winterhude.hamburg.de\/wp-content\/uploads\/sites\/656\/2018\/04\/Bildung-und-Beratung-3-300x161.jpg 300w, https:\/\/rebbz-winterhude.hamburg.de\/wp-content\/uploads\/sites\/656\/2018\/04\/Bildung-und-Beratung-3-768x411.jpg 768w, https:\/\/rebbz-winterhude.hamburg.de\/wp-content\/uploads\/sites\/656\/2018\/04\/Bildung-und-Beratung-3-1024x548.jpg 1024w\" sizes=\"auto, (max-width: 271px) 100vw, 271px\" \/><\/p>\n<p style=\"text-align: justify\">Wir nehmen die Anliegen gerne telefonisch oder <a href=\"mailto:rebbz-winterhude-beratung@bsb.hamburg.de\">per E-Mail<\/a> entgegen.<\/p>\n","protected":false},"excerpt":{"rendered":"<p>Wir beraten Lehrkr\u00e4fte, Sorgeberechtigte, Sch\u00fclerinnen und Sch\u00fcler\u00a0sowie p\u00e4dagogische Mitarbeiterinnen und Mitarbeiter bei Problemlagen, Konflikten oder schulisch relevanten Fragestellungen, die nicht schulintern gekl\u00e4rt werden k\u00f6nnen. Wir nehmen die Anliegen gerne telefonisch oder per E-Mail entgegen.<\/p>\n","protected":false},"author":13,"featured_media":0,"parent":0,"menu_order":0,"comment_status":"closed","ping_status":"closed","template":"","meta":{"_acf_changed":false,"footnotes":""},"class_list":["post-450","page","type-page","status-publish","hentry"],"acf":[],"_links":{"self":[{"href":"https:\/\/rebbz-winterhude.hamburg.de\/index.php?rest_route=\/wp\/v2\/pages\/450","targetHints":{"allow":["GET"]}}],"collection":[{"href":"https:\/\/rebbz-winterhude.hamburg.de\/index.php?rest_route=\/wp\/v2\/pages"}],"about":[{"href":"https:\/\/rebbz-winterhude.hamburg.de\/index.php?rest_route=\/wp\/v2\/types\/page"}],"author":[{"embeddable":true,"href":"https:\/\/rebbz-winterhude.hamburg.de\/index.php?rest_route=\/wp\/v2\/users\/13"}],"replies":[{"embeddable":true,"href":"https:\/\/rebbz-winterhude.hamburg.de\/index.php?rest_route=%2Fwp%2Fv2%2Fcomments&post=450"}],"version-history":[{"count":1,"href":"https:\/\/rebbz-winterhude.hamburg.de\/index.php?rest_route=\/wp\/v2\/pages\/450\/revisions"}],"predecessor-version":[{"id":544,"href":"https:\/\/rebbz-winterhude.hamburg.de\/index.php?rest_route=\/wp\/v2\/pages\/450\/revisions\/544"}],"wp:attachment":[{"href":"https:\/\/rebbz-winterhude.hamburg.de\/index.php?rest_route=%2Fwp%2Fv2%2Fmedia&parent=450"}],"curies":[{"name":"wp","href":"https:\/\/api.w.org\/{rel}","templated":true}]}}