{"id":452,"date":"2016-09-29T12:57:32","date_gmt":"2016-09-29T10:57:32","guid":{"rendered":"http:\/\/sandbox.schulhomepages.hamburg.de\/?page_id=452"},"modified":"2018-09-04T11:02:26","modified_gmt":"2018-09-04T09:02:26","slug":"systemische-beratung","status":"publish","type":"page","link":"https:\/\/rebbz-winterhude.hamburg.de\/?page_id=452","title":{"rendered":"Systemberatung"},"content":{"rendered":"<p><img loading=\"lazy\" decoding=\"async\" class=\"wp-image-1013 alignleft\" src=\"https:\/\/rebbz-winterhude.hamburg.de\/wp-content\/uploads\/sites\/656\/2018\/04\/Strich-senkrecht-blau-e1523889364608.jpg\" alt=\"\" width=\"368\" height=\"66\" srcset=\"https:\/\/rebbz-winterhude.hamburg.de\/wp-content\/uploads\/sites\/656\/2018\/04\/Strich-senkrecht-blau-e1523889364608.jpg 1380w, https:\/\/rebbz-winterhude.hamburg.de\/wp-content\/uploads\/sites\/656\/2018\/04\/Strich-senkrecht-blau-e1523889364608-300x54.jpg 300w, https:\/\/rebbz-winterhude.hamburg.de\/wp-content\/uploads\/sites\/656\/2018\/04\/Strich-senkrecht-blau-e1523889364608-1024x184.jpg 1024w, https:\/\/rebbz-winterhude.hamburg.de\/wp-content\/uploads\/sites\/656\/2018\/04\/Strich-senkrecht-blau-e1523889364608-768x138.jpg 768w\" sizes=\"auto, (max-width: 368px) 100vw, 368px\" \/><\/p>\n<p>&nbsp;<\/p>\n<p>&nbsp;<\/p>\n<p style=\"text-align: justify\">\u00dcber die Einzelfallberatung hinaus unterst\u00fctzen wir Klassenteams, Jahrgangsteams und Leitungsteams in ihrer Weiterentwicklung.<\/p>\n<p style=\"text-align: justify\"><strong>M\u00f6gliche Angebote sind:<\/strong><\/p>\n<p style=\"text-align: justify\">\u2022 Beratung zur Inklusion<br \/>\n\u2022 Beratung zu Gewalt-, Mobbing-, Suchtpr\u00e4vention<br \/>\n\u2022 Beratung zum Thema Kinderschutz<br \/>\n\u2022 Konzeptentwicklung in beratungsrelevanten Handlungsfeldern<br \/>\n\u2022 Regelhafter Austausch mit den Beratungsdiensten der Schulen (in\u00a0 Beratungsrunden und Netzwerktreffen)<\/p>\n","protected":false},"excerpt":{"rendered":"<p>&nbsp; &nbsp; \u00dcber die Einzelfallberatung hinaus unterst\u00fctzen wir Klassenteams, Jahrgangsteams und Leitungsteams in ihrer Weiterentwicklung. M\u00f6gliche Angebote sind: \u2022 Beratung zur Inklusion \u2022 Beratung zu Gewalt-, Mobbing-, Suchtpr\u00e4vention \u2022 Beratung zum Thema Kinderschutz \u2022 Konzeptentwicklung in beratungsrelevanten Handlungsfeldern \u2022 Regelhafter Austausch mit den Beratungsdiensten der Schulen (in\u00a0 Beratungsrunden und Netzwerktreffen)<\/p>\n","protected":false},"author":13,"featured_media":0,"parent":0,"menu_order":0,"comment_status":"closed","ping_status":"closed","template":"","meta":{"_acf_changed":false,"footnotes":""},"class_list":["post-452","page","type-page","status-publish","hentry"],"acf":[],"_links":{"self":[{"href":"https:\/\/rebbz-winterhude.hamburg.de\/index.php?rest_route=\/wp\/v2\/pages\/452","targetHints":{"allow":["GET"]}}],"collection":[{"href":"https:\/\/rebbz-winterhude.hamburg.de\/index.php?rest_route=\/wp\/v2\/pages"}],"about":[{"href":"https:\/\/rebbz-winterhude.hamburg.de\/index.php?rest_route=\/wp\/v2\/types\/page"}],"author":[{"embeddable":true,"href":"https:\/\/rebbz-winterhude.hamburg.de\/index.php?rest_route=\/wp\/v2\/users\/13"}],"replies":[{"embeddable":true,"href":"https:\/\/rebbz-winterhude.hamburg.de\/index.php?rest_route=%2Fwp%2Fv2%2Fcomments&post=452"}],"version-history":[{"count":1,"href":"https:\/\/rebbz-winterhude.hamburg.de\/index.php?rest_route=\/wp\/v2\/pages\/452\/revisions"}],"predecessor-version":[{"id":653,"href":"https:\/\/rebbz-winterhude.hamburg.de\/index.php?rest_route=\/wp\/v2\/pages\/452\/revisions\/653"}],"wp:attachment":[{"href":"https:\/\/rebbz-winterhude.hamburg.de\/index.php?rest_route=%2Fwp%2Fv2%2Fmedia&parent=452"}],"curies":[{"name":"wp","href":"https:\/\/api.w.org\/{rel}","templated":true}]}}