{"id":462,"date":"2016-10-25T16:57:05","date_gmt":"2016-10-25T14:57:05","guid":{"rendered":"http:\/\/sandbox.schulhomepages.hamburg.de\/?page_id=462"},"modified":"2025-02-24T20:24:30","modified_gmt":"2025-02-24T19:24:30","slug":"paedagogische-schwerpunkte","status":"publish","type":"page","link":"https:\/\/rebbz-winterhude.hamburg.de\/?page_id=462","title":{"rendered":"P\u00e4dagogische Insel"},"content":{"rendered":"<p><strong><span style=\"font-size: 20px\">Schulsozialarbeit am Standort L\u00e4mmersieth<br \/>\n<\/span><\/strong><\/p>\n<p style=\"text-align: justify\"><img loading=\"lazy\" decoding=\"async\" class=\" wp-image-979 alignleft\" src=\"https:\/\/rebbz-winterhude.hamburg.de\/wp-content\/uploads\/sites\/656\/2018\/03\/Strich-senkrecht-gr\u00fcn-54x300.jpg\" alt=\"\" width=\"41\" height=\"228\" srcset=\"https:\/\/rebbz-winterhude.hamburg.de\/wp-content\/uploads\/sites\/656\/2018\/03\/Strich-senkrecht-gr\u00fcn-54x300.jpg 54w, https:\/\/rebbz-winterhude.hamburg.de\/wp-content\/uploads\/sites\/656\/2018\/03\/Strich-senkrecht-gr\u00fcn-184x1024.jpg 184w, https:\/\/rebbz-winterhude.hamburg.de\/wp-content\/uploads\/sites\/656\/2018\/03\/Strich-senkrecht-gr\u00fcn.jpg 248w\" sizes=\"auto, (max-width: 41px) 100vw, 41px\" \/>Die Schule L\u00e4mmersieth verf\u00fcgt \u00fcber ein sozialp\u00e4dagogisches Angebot, welches von <strong>Frau Krist&nbsp;<\/strong> betreut und geleitet wird. Zentrales Projekt der Schulsozialarbeit ist die parallel zum Unterricht erreichbare <em>p\u00e4dagogische Insel, <\/em>die grunds\u00e4tzlich allen Kindern \u2013 unabh\u00e4ngig von ihrem sonderp\u00e4dagogischen F\u00f6rderbedarf \u2013 offen steht. Schule wird hier nicht nur als Lern- sondern auch als t\u00e4glicher Lebensort von Kindern verstanden, der sich an den Bed\u00fcrfnissen der Sch\u00fcler:innen orientiert und entsprechend ausgestaltet wird.<\/p>\n<p style=\"text-align: justify\"><strong>Die <em>Insel<\/em> ist ein Ort f\u00fcr alle Sch\u00fcler:innen, die dem Unterricht aus individuell unterschiedlichen Gr\u00fcnden kurzfristig nicht folgen k\u00f6nnen.<\/strong> Hier k\u00f6nnen akute Bedarfe besprochen, Konflikte gekl\u00e4rt und Auszeiten genommen werden, ohne dass der Unterricht von der Lehrkraft unterbrochen werden muss und damit wertvolle Lernzeit f\u00fcr eine gesamte Klasse verloren geht. Nach einem Inselbesuch k\u00f6nnen die Kinder dann gest\u00e4rkt und entspannt zur\u00fcck in ihre Klasse gehen und dem Unterricht auch ihrerseits wieder konzentrierter folgen. Die Insel ist dabei grunds\u00e4tzlich ein Ort der Bildung und des sozialen wie emotionalen Lernens, der von den Sch\u00fcler*innen gerne besucht wird.<\/p>\n<p><strong><em>Weiterhin bietet die Sozialp\u00e4dagogin in der Insel:<\/em><\/strong><img loading=\"lazy\" decoding=\"async\" class=\" wp-image-981 alignright\" src=\"https:\/\/rebbz-winterhude.hamburg.de\/wp-content\/uploads\/sites\/656\/2018\/03\/seitlich-gr\u00fcn-grob-e1523889862284-204x300.jpg\" alt=\"\" width=\"137\" height=\"201\" srcset=\"https:\/\/rebbz-winterhude.hamburg.de\/wp-content\/uploads\/sites\/656\/2018\/03\/seitlich-gr\u00fcn-grob-e1523889862284-204x300.jpg 204w, https:\/\/rebbz-winterhude.hamburg.de\/wp-content\/uploads\/sites\/656\/2018\/03\/seitlich-gr\u00fcn-grob-e1523889862284.jpg 432w\" sizes=\"auto, (max-width: 137px) 100vw, 137px\" \/><\/p>\n<ul>\n<li>U<strong>nterschiedliche Pausengestaltungen<\/strong> (M\u00f6glichkeiten f\u00fcr Bewegung, Kreatives, Ruhepausen, Spiele und Gespr\u00e4che)<\/li>\n<li><strong>Beratung und Begleitung<\/strong> aller individuellen Themen, die das Schulleben betreffen<\/li>\n<li>Teilnahme an interdisziplin\u00e4ren&nbsp;<strong>Gespr\u00e4chen und Beratungsrunden<\/strong><\/li>\n<li><strong>Soziales Lernen<\/strong> und individuelle <strong>Bildungsassistenz<\/strong> in Gruppe und Einzelkontakt<\/li>\n<li><strong>Konflikttraining<\/strong>, <strong>Opferschutz<\/strong>, <strong>Gewaltpr\u00e4vention <\/strong><\/li>\n<\/ul>\n<p><strong>Frau Krist <\/strong>hat ihre R\u00e4umlichkeiten im mittleren Pavillon (Pavillon B) im 1. Stock und ist dort von Mo &#8211; Do von 8 &#8211; 13 Uhr zu erreichen.<\/p>\n<p>.<\/p>\n<table>\n<tbody>\n<tr>\n<td style=\"width: 76.65px\"><span style=\"font-size: 16px\"><strong>Kontakt<\/strong><\/span><\/td>\n<td style=\"width: 362.35px\"><strong>Kathrin Krist<\/strong><\/p>\n<p><strong>Tel. 040-4288657-32<\/strong><br \/>\n<strong>Kathrin.Krist@rebbzwin.hamburg.de<\/strong><\/td>\n<\/tr>\n<\/tbody>\n<\/table>\n","protected":false},"excerpt":{"rendered":"<p>Schulsozialarbeit am Standort L\u00e4mmersieth Die Schule L\u00e4mmersieth verf\u00fcgt \u00fcber ein sozialp\u00e4dagogisches Angebot, welches von Frau Krist&nbsp; betreut und geleitet wird. Zentrales Projekt der Schulsozialarbeit ist die parallel zum Unterricht erreichbare p\u00e4dagogische Insel, die grunds\u00e4tzlich allen Kindern \u2013 unabh\u00e4ngig von ihrem sonderp\u00e4dagogischen F\u00f6rderbedarf \u2013 offen steht. Schule wird hier nicht nur als Lern- sondern auch als &hellip; <a href=\"https:\/\/rebbz-winterhude.hamburg.de\/?page_id=462\" class=\"more-link\"><span class=\"screen-reader-text\">P\u00e4dagogische Insel<\/span> weiterlesen <span class=\"meta-nav\">&rarr;<\/span><\/a><\/p>\n","protected":false},"author":13,"featured_media":0,"parent":0,"menu_order":0,"comment_status":"closed","ping_status":"closed","template":"","meta":{"_acf_changed":false,"footnotes":""},"class_list":["post-462","page","type-page","status-publish","hentry"],"acf":[],"_links":{"self":[{"href":"https:\/\/rebbz-winterhude.hamburg.de\/index.php?rest_route=\/wp\/v2\/pages\/462","targetHints":{"allow":["GET"]}}],"collection":[{"href":"https:\/\/rebbz-winterhude.hamburg.de\/index.php?rest_route=\/wp\/v2\/pages"}],"about":[{"href":"https:\/\/rebbz-winterhude.hamburg.de\/index.php?rest_route=\/wp\/v2\/types\/page"}],"author":[{"embeddable":true,"href":"https:\/\/rebbz-winterhude.hamburg.de\/index.php?rest_route=\/wp\/v2\/users\/13"}],"replies":[{"embeddable":true,"href":"https:\/\/rebbz-winterhude.hamburg.de\/index.php?rest_route=%2Fwp%2Fv2%2Fcomments&post=462"}],"version-history":[{"count":8,"href":"https:\/\/rebbz-winterhude.hamburg.de\/index.php?rest_route=\/wp\/v2\/pages\/462\/revisions"}],"predecessor-version":[{"id":756,"href":"https:\/\/rebbz-winterhude.hamburg.de\/index.php?rest_route=\/wp\/v2\/pages\/462\/revisions\/756"}],"wp:attachment":[{"href":"https:\/\/rebbz-winterhude.hamburg.de\/index.php?rest_route=%2Fwp%2Fv2%2Fmedia&parent=462"}],"curies":[{"name":"wp","href":"https:\/\/api.w.org\/{rel}","templated":true}]}}