{"id":467,"date":"2016-10-25T19:06:54","date_gmt":"2016-10-25T17:06:54","guid":{"rendered":"http:\/\/sandbox.schulhomepages.hamburg.de\/?page_id=467"},"modified":"2020-08-24T11:35:47","modified_gmt":"2020-08-24T09:35:47","slug":"so-arbeiten-wir","status":"publish","type":"page","link":"https:\/\/rebbz-winterhude.hamburg.de\/?page_id=467","title":{"rendered":"So arbeiten wir"},"content":{"rendered":"<p><img loading=\"lazy\" decoding=\"async\" width=\"268\" height=\"48\" class=\"alignnone wp-image-1013\" alt=\"\" src=\"https:\/\/rebbz-winterhude.hamburg.de\/wp-content\/uploads\/sites\/656\/2018\/04\/Strich-senkrecht-blau-e1523889364608.jpg\" srcset=\"https:\/\/rebbz-winterhude.hamburg.de\/wp-content\/uploads\/sites\/656\/2018\/04\/Strich-senkrecht-blau-e1523889364608.jpg 1380w, https:\/\/rebbz-winterhude.hamburg.de\/wp-content\/uploads\/sites\/656\/2018\/04\/Strich-senkrecht-blau-e1523889364608-300x54.jpg 300w, https:\/\/rebbz-winterhude.hamburg.de\/wp-content\/uploads\/sites\/656\/2018\/04\/Strich-senkrecht-blau-e1523889364608-1024x184.jpg 1024w, https:\/\/rebbz-winterhude.hamburg.de\/wp-content\/uploads\/sites\/656\/2018\/04\/Strich-senkrecht-blau-e1523889364608-768x138.jpg 768w\" sizes=\"auto, (max-width: 268px) 100vw, 268px\" \/><\/p>\n<p style=\"text-align: justify\"><span style=\"font-size: 20px\"><strong>Alle Anfragen sind uns willkommen!<\/strong><\/span><\/p>\n<p style=\"text-align: justify\">Bei allen schulischen Problemen und Fragestellungen k\u00f6nnen sich Eltern, Sch\u00fclerinnen und Sch\u00fcler&nbsp;und Lehrkr\u00e4fte an die Beratungsabteilung&nbsp;des ReBBZ Winterhude wenden \u2013 genauso wie alle au\u00dferschulischen Partner, die sich f\u00fcr eine gelingende Schullaufbahn eines Kindes einsetzen.<\/p>\n<p style=\"text-align: justify\">Unser Auftrag und Ziel ist es, in jedem Einzelfall eine konstruktive und alle entlastende L\u00f6sung zu finden. Wir beraten allparteilich und vertraulich.<\/p>\n<p>Wir bieten Einzelberatung, Systemberatung und Fachberatung zu verschiedenen Fragestellungen an.<\/p>\n<p>Wir sind zur Vertraulichkeit verpflichtet und vermitteln bei Bedarf zwischen den Beteiligten.<\/p>\n<p>Um Beratung und Unterst\u00fctzung durch die Beratungsabteilung im ReBBZ Winterhude zu erhalten, ist eine Anmeldung sinnvoll. Diese kann telefonisch, pers\u00f6nlich oder <a href=\"mailto:rebbz-winterhude-beratung@bsb.hamburg.de\">per E-Mail<\/a> erfolgen.<img loading=\"lazy\" decoding=\"async\" width=\"77\" height=\"66\" class=\"wp-image-1010 alignright\" alt=\"\" src=\"https:\/\/rebbz-winterhude.hamburg.de\/wp-content\/uploads\/sites\/656\/2018\/04\/Brief.jpg\" srcset=\"https:\/\/rebbz-winterhude.hamburg.de\/wp-content\/uploads\/sites\/656\/2018\/04\/Brief.jpg 476w, https:\/\/rebbz-winterhude.hamburg.de\/wp-content\/uploads\/sites\/656\/2018\/04\/Brief-300x256.jpg 300w\" sizes=\"auto, (max-width: 77px) 100vw, 77px\" \/><\/p>\n<p>&nbsp;<\/p>\n","protected":false},"excerpt":{"rendered":"<p>Alle Anfragen sind uns willkommen! Bei allen schulischen Problemen und Fragestellungen k\u00f6nnen sich Eltern, Sch\u00fclerinnen und Sch\u00fcler&nbsp;und Lehrkr\u00e4fte an die Beratungsabteilung&nbsp;des ReBBZ Winterhude wenden \u2013 genauso wie alle au\u00dferschulischen Partner, die sich f\u00fcr eine gelingende Schullaufbahn eines Kindes einsetzen. Unser Auftrag und Ziel ist es, in jedem Einzelfall eine konstruktive und alle entlastende L\u00f6sung zu &hellip; <a href=\"https:\/\/rebbz-winterhude.hamburg.de\/?page_id=467\" class=\"more-link\"><span class=\"screen-reader-text\">So arbeiten wir<\/span> weiterlesen <span class=\"meta-nav\">&rarr;<\/span><\/a><\/p>\n","protected":false},"author":13,"featured_media":0,"parent":0,"menu_order":0,"comment_status":"closed","ping_status":"closed","template":"","meta":{"_acf_changed":false,"footnotes":""},"class_list":["post-467","page","type-page","status-publish","hentry"],"acf":[],"_links":{"self":[{"href":"https:\/\/rebbz-winterhude.hamburg.de\/index.php?rest_route=\/wp\/v2\/pages\/467","targetHints":{"allow":["GET"]}}],"collection":[{"href":"https:\/\/rebbz-winterhude.hamburg.de\/index.php?rest_route=\/wp\/v2\/pages"}],"about":[{"href":"https:\/\/rebbz-winterhude.hamburg.de\/index.php?rest_route=\/wp\/v2\/types\/page"}],"author":[{"embeddable":true,"href":"https:\/\/rebbz-winterhude.hamburg.de\/index.php?rest_route=\/wp\/v2\/users\/13"}],"replies":[{"embeddable":true,"href":"https:\/\/rebbz-winterhude.hamburg.de\/index.php?rest_route=%2Fwp%2Fv2%2Fcomments&post=467"}],"version-history":[{"count":3,"href":"https:\/\/rebbz-winterhude.hamburg.de\/index.php?rest_route=\/wp\/v2\/pages\/467\/revisions"}],"predecessor-version":[{"id":543,"href":"https:\/\/rebbz-winterhude.hamburg.de\/index.php?rest_route=\/wp\/v2\/pages\/467\/revisions\/543"}],"wp:attachment":[{"href":"https:\/\/rebbz-winterhude.hamburg.de\/index.php?rest_route=%2Fwp%2Fv2%2Fmedia&parent=467"}],"curies":[{"name":"wp","href":"https:\/\/api.w.org\/{rel}","templated":true}]}}