{"id":471,"date":"2016-10-25T19:12:50","date_gmt":"2016-10-25T17:12:50","guid":{"rendered":"http:\/\/sandbox.schulhomepages.hamburg.de\/?page_id=471"},"modified":"2018-09-04T10:03:15","modified_gmt":"2018-09-04T08:03:15","slug":"kooperation-mit-anderen-fachstellen","status":"publish","type":"page","link":"https:\/\/rebbz-winterhude.hamburg.de\/?page_id=471","title":{"rendered":"Kooperation mit anderen Fachstellen"},"content":{"rendered":"<p style=\"text-align: justify\">Eine enge Kooperation besteht insbesondere mit<\/p>\n<ul style=\"text-align: justify\">\n<li style=\"text-align: left\">den Jugendpsychologischen\/-psychiatrischen Diensten (JPD)<img loading=\"lazy\" decoding=\"async\" class=\"wp-image-979 alignright\" src=\"https:\/\/rebbz-winterhude.hamburg.de\/wp-content\/uploads\/sites\/656\/2018\/03\/Strich-senkrecht-gr\u00fcn.jpg\" alt=\"\" width=\"59\" height=\"328\" srcset=\"https:\/\/rebbz-winterhude.hamburg.de\/wp-content\/uploads\/sites\/656\/2018\/03\/Strich-senkrecht-gr\u00fcn.jpg 248w, https:\/\/rebbz-winterhude.hamburg.de\/wp-content\/uploads\/sites\/656\/2018\/03\/Strich-senkrecht-gr\u00fcn-54x300.jpg 54w, https:\/\/rebbz-winterhude.hamburg.de\/wp-content\/uploads\/sites\/656\/2018\/03\/Strich-senkrecht-gr\u00fcn-184x1024.jpg 184w\" sizes=\"auto, (max-width: 59px) 100vw, 59px\" \/><\/li>\n<li style=\"text-align: left\">den Erziehungsberatungsstellen<\/li>\n<li style=\"text-align: left\">dem Allgemeinen Sozialen Dienst\/ den Jugend\u00e4mtern (ASD)<\/li>\n<li style=\"text-align: left\">den Schul\u00e4rztlichen Diensten<\/li>\n<li style=\"text-align: left\">Regionalen Einrichtungen wie: Wilhelmstift, Universit\u00e4tskrankenhaus Eppendorf (UKE), Werner-Otto-Institut (WOI), AK Harburg u.a.<\/li>\n<li style=\"text-align: left\">der Beratungsstelle Gewaltpr\u00e4vention<\/li>\n<li style=\"text-align: left\">dem Suchtpr\u00e4ventionszentrum (SPZ)<\/li>\n<li style=\"text-align: left\">den bezirklichen Kinderschutzkoordinatorinnen und Koordinatoren<\/li>\n<li style=\"text-align: left\">Vereinen und Elterninitiativen<\/li>\n<li style=\"text-align: left\">den Jugendbeauftragten der Polizei Hamburg &#8211; Jugendarbeit<\/li>\n<li style=\"text-align: left\">dem Beratungszentrum der Beruflichen Schulen (BZBS)<\/li>\n<\/ul>\n<p style=\"text-align: justify\">Dar\u00fcber hinaus bestehen Kontakte zu freien Tr\u00e4gern der Kinder- und Jugendhilfe,\u00a0\u00c4rztinnen und\u00a0\u00a0\u00c4rzten und Therapeutinnen und Therapeuten. Die Beratungsabteilung des ReBBZ Winterhude versteht sich als Ansprechpartner f\u00fcr alle Probleme im schulischen Bereich, bei Bedarf werden spezielle Einrichtungen hinzugezogen.<\/p>\n<p>&nbsp;<\/p>\n<p>&nbsp;<\/p>\n","protected":false},"excerpt":{"rendered":"<p>Eine enge Kooperation besteht insbesondere mit den Jugendpsychologischen\/-psychiatrischen Diensten (JPD) den Erziehungsberatungsstellen dem Allgemeinen Sozialen Dienst\/ den Jugend\u00e4mtern (ASD) den Schul\u00e4rztlichen Diensten Regionalen Einrichtungen wie: Wilhelmstift, Universit\u00e4tskrankenhaus Eppendorf (UKE), Werner-Otto-Institut (WOI), AK Harburg u.a. der Beratungsstelle Gewaltpr\u00e4vention dem Suchtpr\u00e4ventionszentrum (SPZ) den bezirklichen Kinderschutzkoordinatorinnen und Koordinatoren Vereinen und Elterninitiativen den Jugendbeauftragten der Polizei Hamburg &#8211; Jugendarbeit &hellip; <a href=\"https:\/\/rebbz-winterhude.hamburg.de\/?page_id=471\" class=\"more-link\"><span class=\"screen-reader-text\">Kooperation mit anderen Fachstellen<\/span> weiterlesen <span class=\"meta-nav\">&rarr;<\/span><\/a><\/p>\n","protected":false},"author":13,"featured_media":0,"parent":0,"menu_order":0,"comment_status":"closed","ping_status":"closed","template":"","meta":{"_acf_changed":false,"footnotes":""},"class_list":["post-471","page","type-page","status-publish","hentry"],"acf":[],"_links":{"self":[{"href":"https:\/\/rebbz-winterhude.hamburg.de\/index.php?rest_route=\/wp\/v2\/pages\/471","targetHints":{"allow":["GET"]}}],"collection":[{"href":"https:\/\/rebbz-winterhude.hamburg.de\/index.php?rest_route=\/wp\/v2\/pages"}],"about":[{"href":"https:\/\/rebbz-winterhude.hamburg.de\/index.php?rest_route=\/wp\/v2\/types\/page"}],"author":[{"embeddable":true,"href":"https:\/\/rebbz-winterhude.hamburg.de\/index.php?rest_route=\/wp\/v2\/users\/13"}],"replies":[{"embeddable":true,"href":"https:\/\/rebbz-winterhude.hamburg.de\/index.php?rest_route=%2Fwp%2Fv2%2Fcomments&post=471"}],"version-history":[{"count":1,"href":"https:\/\/rebbz-winterhude.hamburg.de\/index.php?rest_route=\/wp\/v2\/pages\/471\/revisions"}],"predecessor-version":[{"id":951,"href":"https:\/\/rebbz-winterhude.hamburg.de\/index.php?rest_route=\/wp\/v2\/pages\/471\/revisions\/951"}],"wp:attachment":[{"href":"https:\/\/rebbz-winterhude.hamburg.de\/index.php?rest_route=%2Fwp%2Fv2%2Fmedia&parent=471"}],"curies":[{"name":"wp","href":"https:\/\/api.w.org\/{rel}","templated":true}]}}