{"id":472,"date":"2016-10-25T19:09:09","date_gmt":"2016-10-25T17:09:09","guid":{"rendered":"http:\/\/sandbox.schulhomepages.hamburg.de\/?page_id=472"},"modified":"2020-04-23T12:26:35","modified_gmt":"2020-04-23T10:26:35","slug":"netzwerke","status":"publish","type":"page","link":"https:\/\/rebbz-winterhude.hamburg.de\/?page_id=472","title":{"rendered":"Netzwerke"},"content":{"rendered":"<p><img loading=\"lazy\" decoding=\"async\" width=\"39\" height=\"42\" class=\"wp-image-1063 alignleft\" alt=\"\" src=\"https:\/\/rebbz-winterhude.hamburg.de\/wp-content\/uploads\/sites\/656\/2018\/04\/Lupe.jpg\" srcset=\"https:\/\/rebbz-winterhude.hamburg.de\/wp-content\/uploads\/sites\/656\/2018\/04\/Lupe.jpg 666w, https:\/\/rebbz-winterhude.hamburg.de\/wp-content\/uploads\/sites\/656\/2018\/04\/Lupe-278x300.jpg 278w\" sizes=\"auto, (max-width: 39px) 100vw, 39px\" \/>\u00dcber die <a href=\"https:\/\/rebbz-winterhude.hamburg.de\/?page_id=450\">Einzel<\/a>-und <a href=\"https:\/\/rebbz-winterhude.hamburg.de\/?page_id=452\">Systemberatung<\/a> hinaus bieten wir Austausch und ggf. Fortbildungen in folgenden Netzwerken an:<\/p>\n<ul style=\"text-align: justify\">\n<li style=\"text-align: left\">regionales Treffen der Beratungslehrkr\u00e4fte<\/li>\n<li style=\"text-align: left\">regionales Treffen der F\u00f6rderkoordinatorinnen und F\u00f6rderkoordinatoren<img loading=\"lazy\" decoding=\"async\" width=\"160\" height=\"236\" class=\"wp-image-981 alignright\" alt=\"\" src=\"https:\/\/rebbz-winterhude.hamburg.de\/wp-content\/uploads\/sites\/656\/2018\/03\/seitlich-gr\u00fcn-grob-e1523889862284.jpg\" srcset=\"https:\/\/rebbz-winterhude.hamburg.de\/wp-content\/uploads\/sites\/656\/2018\/03\/seitlich-gr\u00fcn-grob-e1523889862284.jpg 432w, https:\/\/rebbz-winterhude.hamburg.de\/wp-content\/uploads\/sites\/656\/2018\/03\/seitlich-gr\u00fcn-grob-e1523889862284-204x300.jpg 204w\" sizes=\"auto, (max-width: 160px) 100vw, 160px\" \/><\/li>\n<\/ul>\n<p style=\"text-align: justify\">Dar\u00fcber hinaus sind wir u.a.&nbsp;in folgenden und \u00fcberregionalen Netzwerken t\u00e4tig:<\/p>\n<ul>\n<li style=\"text-align: left\">Netzwerktreffen AUL(au\u00dferunterrichtliche Lernhilfen)<\/li>\n<li style=\"text-align: left\">Netzwerktreffen Autismus<\/li>\n<li style=\"text-align: left\">Netzwerktreffen LSE (sonderp\u00e4dagogischer F\u00f6rderbedarf in den Bereichen Lernen, Sprache und emotional-soziale Entwicklung)<\/li>\n<li style=\"text-align: left\">Netzwerktreffen der Gewaltmoderatorinnen und Gewaltmoderatoren<\/li>\n<li style=\"text-align: left\">Netzwerktreffen GiK (Gewaltpr\u00e4vention im Kindesalter)<\/li>\n<li style=\"text-align: left\">Arbeitskreis Kinderschutz<\/li>\n<li>regionale Kooperationstreffen ASD-Schule-ReBBZ<\/li>\n<li>Netzwerktreffen der Sozialp\u00e4dagoginnen und Sozialp\u00e4dagogen<\/li>\n<\/ul>\n","protected":false},"excerpt":{"rendered":"<p>\u00dcber die Einzel-und Systemberatung hinaus bieten wir Austausch und ggf. Fortbildungen in folgenden Netzwerken an: regionales Treffen der Beratungslehrkr\u00e4fte regionales Treffen der F\u00f6rderkoordinatorinnen und F\u00f6rderkoordinatoren Dar\u00fcber hinaus sind wir u.a.&nbsp;in folgenden und \u00fcberregionalen Netzwerken t\u00e4tig: Netzwerktreffen AUL(au\u00dferunterrichtliche Lernhilfen) Netzwerktreffen Autismus Netzwerktreffen LSE (sonderp\u00e4dagogischer F\u00f6rderbedarf in den Bereichen Lernen, Sprache und emotional-soziale Entwicklung) Netzwerktreffen der Gewaltmoderatorinnen &hellip; <a href=\"https:\/\/rebbz-winterhude.hamburg.de\/?page_id=472\" class=\"more-link\"><span class=\"screen-reader-text\">Netzwerke<\/span> weiterlesen <span class=\"meta-nav\">&rarr;<\/span><\/a><\/p>\n","protected":false},"author":13,"featured_media":0,"parent":0,"menu_order":0,"comment_status":"closed","ping_status":"closed","template":"","meta":{"_acf_changed":false,"footnotes":""},"class_list":["post-472","page","type-page","status-publish","hentry"],"acf":[],"_links":{"self":[{"href":"https:\/\/rebbz-winterhude.hamburg.de\/index.php?rest_route=\/wp\/v2\/pages\/472","targetHints":{"allow":["GET"]}}],"collection":[{"href":"https:\/\/rebbz-winterhude.hamburg.de\/index.php?rest_route=\/wp\/v2\/pages"}],"about":[{"href":"https:\/\/rebbz-winterhude.hamburg.de\/index.php?rest_route=\/wp\/v2\/types\/page"}],"author":[{"embeddable":true,"href":"https:\/\/rebbz-winterhude.hamburg.de\/index.php?rest_route=\/wp\/v2\/users\/13"}],"replies":[{"embeddable":true,"href":"https:\/\/rebbz-winterhude.hamburg.de\/index.php?rest_route=%2Fwp%2Fv2%2Fcomments&post=472"}],"version-history":[{"count":2,"href":"https:\/\/rebbz-winterhude.hamburg.de\/index.php?rest_route=\/wp\/v2\/pages\/472\/revisions"}],"predecessor-version":[{"id":1543,"href":"https:\/\/rebbz-winterhude.hamburg.de\/index.php?rest_route=\/wp\/v2\/pages\/472\/revisions\/1543"}],"wp:attachment":[{"href":"https:\/\/rebbz-winterhude.hamburg.de\/index.php?rest_route=%2Fwp%2Fv2%2Fmedia&parent=472"}],"curies":[{"name":"wp","href":"https:\/\/api.w.org\/{rel}","templated":true}]}}