{"id":475,"date":"2016-11-01T12:42:14","date_gmt":"2016-11-01T11:42:14","guid":{"rendered":"http:\/\/sandbox.schulhomepages.hamburg.de\/?page_id=475"},"modified":"2026-02-02T09:06:20","modified_gmt":"2026-02-02T08:06:20","slug":"standort-schule-a","status":"publish","type":"page","link":"https:\/\/rebbz-winterhude.hamburg.de\/?page_id=475","title":{"rendered":"Standort Schule L\u00e4mmersieth"},"content":{"rendered":"<p><span style=\"font-size: 20px\"><strong>Jetzt geht es los &#8211; wir freuen uns auf unseren Start am neuen Standort L\u00e4mmersieth!<\/strong><\/span><\/p>\n<p>&nbsp;<\/p>\n<p style=\"text-align: justify\">An unserem Standort in Hamburg-<img loading=\"lazy\" decoding=\"async\" class=\"wp-image-1001 alignleft\" style=\"text-align: justify\" src=\"https:\/\/rebbz-winterhude.hamburg.de\/wp-content\/uploads\/sites\/656\/2018\/04\/Schule-300x188.jpg\" alt=\"\" width=\"173\" height=\"108\" srcset=\"https:\/\/rebbz-winterhude.hamburg.de\/wp-content\/uploads\/sites\/656\/2018\/04\/Schule-300x188.jpg 300w, https:\/\/rebbz-winterhude.hamburg.de\/wp-content\/uploads\/sites\/656\/2018\/04\/Schule-768x482.jpg 768w, https:\/\/rebbz-winterhude.hamburg.de\/wp-content\/uploads\/sites\/656\/2018\/04\/Schule-1024x643.jpg 1024w, https:\/\/rebbz-winterhude.hamburg.de\/wp-content\/uploads\/sites\/656\/2018\/04\/Schule.jpg 1086w\" sizes=\"auto, (max-width: 173px) 100vw, 173px\" \/>Barmbek lernen Sch\u00fclerinnen und Sch\u00fcler von der Vorschule bis zum Ende der 6. Klasse.<img loading=\"lazy\" decoding=\"async\" class=\"wp-image-995 alignleft\" src=\"https:\/\/rebbz-winterhude.hamburg.de\/wp-content\/uploads\/sites\/656\/2018\/04\/Sch\u00fcler-Team-Partner-227x300.jpg\" alt=\"\" width=\"107\" height=\"141\" srcset=\"https:\/\/rebbz-winterhude.hamburg.de\/wp-content\/uploads\/sites\/656\/2018\/04\/Sch\u00fcler-Team-Partner-227x300.jpg 227w, https:\/\/rebbz-winterhude.hamburg.de\/wp-content\/uploads\/sites\/656\/2018\/04\/Sch\u00fcler-Team-Partner.jpg 561w\" sizes=\"auto, (max-width: 107px) 100vw, 107px\" \/><\/p>\n<p style=\"text-align: justify\">Unser Angebot richtet sich insbesondere an Sch\u00fclerinnen und Sch\u00fcler mit den F\u00f6rderschwerpunkten Lernen, Sprache und emotionale-soziale Entwicklung. Soweit es m\u00f6glich ist, bekommen die Kinder insgesamt oder in einzelnen Bereichen einen Unterricht, der sich nach den Bildungs- und Rahmenpl\u00e4nen der allgemeinen Schule richtet.<\/p>\n<p style=\"text-align: justify\">Vor allem aber stehen ihre individuellen Bed\u00fcrfnisse im Vordergrund. Kleine Klassen und der strukturierte Unterricht unserer ausschlie\u00dflich sonderp\u00e4dagogischen Lehrkr\u00e4fte erm\u00f6glichen einen zieldifferenzierten Unterricht mit vielf\u00e4ltigen Lernhilfen und spezifischer F\u00f6rderung. Die sprachlichen und kommunikativen Kompetenzen&nbsp;der Sch\u00fclerinnen und Sch\u00fcler stehen ebenfalls im Fokus unseres Unterrichts.<\/p>\n<p><strong><a href=\"https:\/\/youtu.be\/RA_yg58rKRg\">Hier geht&#8217;s zu unserem Imagefilm!<\/a><\/strong><\/p>\n<p><strong><a href=\"https:\/\/youtu.be\/3CcyJL4cGIs\">Hier geht&#8217;s zum Imagefilm mit englischen Untertiteln!<\/a><\/strong><\/p>\n<p style=\"text-align: justify\">Das Sekretariat erreichen Sie telefonisch unter:<\/p>\n<p style=\"text-align: justify\"><strong>040 \/ 428 86 57 \u2013 0<\/strong><\/p>\n<p style=\"text-align: justify\"><strong>Ihre Ansprechpartnerin vor Ort:<\/strong><\/p>\n<p><img loading=\"lazy\" decoding=\"async\" class=\"alignnone size-medium wp-image-755\" src=\"https:\/\/rebbz-winterhude.hamburg.de\/wp-content\/uploads\/sites\/656\/2016\/11\/Barbara-Friedrichs-1-222x300.jpg\" alt=\"\" width=\"222\" height=\"300\" srcset=\"https:\/\/rebbz-winterhude.hamburg.de\/wp-content\/uploads\/sites\/656\/2016\/11\/Barbara-Friedrichs-1-222x300.jpg 222w, https:\/\/rebbz-winterhude.hamburg.de\/wp-content\/uploads\/sites\/656\/2016\/11\/Barbara-Friedrichs-1-768x1039.jpg 768w, https:\/\/rebbz-winterhude.hamburg.de\/wp-content\/uploads\/sites\/656\/2016\/11\/Barbara-Friedrichs-1-757x1024.jpg 757w, https:\/\/rebbz-winterhude.hamburg.de\/wp-content\/uploads\/sites\/656\/2016\/11\/Barbara-Friedrichs-1.jpg 1514w\" sizes=\"auto, (max-width: 222px) 100vw, 222px\" \/><\/p>\n<p><strong>Standortleitung Barbara Friedrichs<\/strong><\/p>\n<p style=\"text-align: justify\"><a href=\"mailto:barbara.friedrichs@bsb.hamburg.de\">barbara.friedrichs@bsfb.hamburg.de<\/a><\/p>\n<p>&nbsp;<\/p>\n","protected":false},"excerpt":{"rendered":"<p>Jetzt geht es los &#8211; wir freuen uns auf unseren Start am neuen Standort L\u00e4mmersieth! &nbsp; An unserem Standort in Hamburg-Barmbek lernen Sch\u00fclerinnen und Sch\u00fcler von der Vorschule bis zum Ende der 6. Klasse. Unser Angebot richtet sich insbesondere an Sch\u00fclerinnen und Sch\u00fcler mit den F\u00f6rderschwerpunkten Lernen, Sprache und emotionale-soziale Entwicklung. Soweit es m\u00f6glich ist, &hellip; <a href=\"https:\/\/rebbz-winterhude.hamburg.de\/?page_id=475\" class=\"more-link\"><span class=\"screen-reader-text\">Standort Schule L\u00e4mmersieth<\/span> weiterlesen <span class=\"meta-nav\">&rarr;<\/span><\/a><\/p>\n","protected":false},"author":13,"featured_media":0,"parent":0,"menu_order":0,"comment_status":"closed","ping_status":"closed","template":"","meta":{"_acf_changed":false,"footnotes":""},"class_list":["post-475","page","type-page","status-publish","hentry"],"acf":[],"_links":{"self":[{"href":"https:\/\/rebbz-winterhude.hamburg.de\/index.php?rest_route=\/wp\/v2\/pages\/475","targetHints":{"allow":["GET"]}}],"collection":[{"href":"https:\/\/rebbz-winterhude.hamburg.de\/index.php?rest_route=\/wp\/v2\/pages"}],"about":[{"href":"https:\/\/rebbz-winterhude.hamburg.de\/index.php?rest_route=\/wp\/v2\/types\/page"}],"author":[{"embeddable":true,"href":"https:\/\/rebbz-winterhude.hamburg.de\/index.php?rest_route=\/wp\/v2\/users\/13"}],"replies":[{"embeddable":true,"href":"https:\/\/rebbz-winterhude.hamburg.de\/index.php?rest_route=%2Fwp%2Fv2%2Fcomments&post=475"}],"version-history":[{"count":17,"href":"https:\/\/rebbz-winterhude.hamburg.de\/index.php?rest_route=\/wp\/v2\/pages\/475\/revisions"}],"predecessor-version":[{"id":2241,"href":"https:\/\/rebbz-winterhude.hamburg.de\/index.php?rest_route=\/wp\/v2\/pages\/475\/revisions\/2241"}],"wp:attachment":[{"href":"https:\/\/rebbz-winterhude.hamburg.de\/index.php?rest_route=%2Fwp%2Fv2%2Fmedia&parent=475"}],"curies":[{"name":"wp","href":"https:\/\/api.w.org\/{rel}","templated":true}]}}