{"id":477,"date":"2016-11-01T12:42:38","date_gmt":"2016-11-01T11:42:38","guid":{"rendered":"http:\/\/sandbox.schulhomepages.hamburg.de\/?page_id=477"},"modified":"2026-02-02T09:08:17","modified_gmt":"2026-02-02T08:08:17","slug":"standort-b","status":"publish","type":"page","link":"https:\/\/rebbz-winterhude.hamburg.de\/?page_id=477","title":{"rendered":"Standort Schule Brucknerstrasse"},"content":{"rendered":"<p style=\"text-align: justify\"><span style=\"color: #000000;background-color: #ffffff\"><strong><img loading=\"lazy\" decoding=\"async\" class=\"size-medium wp-image-1013 aligncenter\" src=\"https:\/\/rebbz-winterhude.hamburg.de\/wp-content\/uploads\/sites\/656\/2018\/04\/Strich-senkrecht-blau-e1523889364608-300x54.jpg\" alt=\"\" width=\"300\" height=\"54\" srcset=\"https:\/\/rebbz-winterhude.hamburg.de\/wp-content\/uploads\/sites\/656\/2018\/04\/Strich-senkrecht-blau-e1523889364608-300x54.jpg 300w, https:\/\/rebbz-winterhude.hamburg.de\/wp-content\/uploads\/sites\/656\/2018\/04\/Strich-senkrecht-blau-e1523889364608-1024x184.jpg 1024w, https:\/\/rebbz-winterhude.hamburg.de\/wp-content\/uploads\/sites\/656\/2018\/04\/Strich-senkrecht-blau-e1523889364608-768x138.jpg 768w, https:\/\/rebbz-winterhude.hamburg.de\/wp-content\/uploads\/sites\/656\/2018\/04\/Strich-senkrecht-blau-e1523889364608.jpg 1380w\" sizes=\"auto, (max-width: 300px) 100vw, 300px\" \/><\/strong><\/span><\/p>\n<p><span style=\"color: #003366;font-size: 20px\"><strong>Wer sind wir eigentlich?<\/strong><\/span><\/p>\n<p><strong><a href=\"https:\/\/youtu.be\/RA_yg58rKRg\">Hier geht&#8217;s zu unserem Imagefilm!<\/a><\/strong><\/p>\n<p><strong><a href=\"https:\/\/youtu.be\/3CcyJL4cGIs\">Hier geht&#8217;s zum Imagefilm mit englischen Untertiteln!<\/a><\/strong><\/p>\n<p>Im folgenden Video wird der Standort Brucknerstra\u00dfe n\u00e4her vorgestellt!<\/p>\n<p style=\"text-align: justify\"><iframe loading=\"lazy\" src=\"\/\/player.vimeo.com\/video\/411318712?title=0&amp;byline=0&amp;portrait=0&amp;color=8dc7dc\" width=\"425\" height=\"350\" allowfullscreen=\"allowfullscreen\"><\/iframe>&nbsp;<\/p>\n<p style=\"text-align: justify\">Sch\u00fclerinnen und Sch\u00fclern, denen aus den unterschiedlichsten Gr\u00fcnden ein erfolgreiches Lernen an der weiterf\u00fchrenden Schule erschwert ist, werden hier unterrichtet.<\/p>\n<p style=\"text-align: justify\"><span style=\"color: #000000;background-color: #ffffff\"><strong><img loading=\"lazy\" decoding=\"async\" class=\" wp-image-995 alignleft\" src=\"https:\/\/rebbz-winterhude.hamburg.de\/wp-content\/uploads\/sites\/656\/2018\/04\/Sch\u00fcler-Team-Partner-227x300.jpg\" alt=\"\" width=\"137\" height=\"181\" srcset=\"https:\/\/rebbz-winterhude.hamburg.de\/wp-content\/uploads\/sites\/656\/2018\/04\/Sch\u00fcler-Team-Partner-227x300.jpg 227w, https:\/\/rebbz-winterhude.hamburg.de\/wp-content\/uploads\/sites\/656\/2018\/04\/Sch\u00fcler-Team-Partner.jpg 561w\" sizes=\"auto, (max-width: 137px) 100vw, 137px\" \/><\/strong><\/span><\/p>\n<p style=\"text-align: justify\">Am Schulstandort Brucknerstra\u00dfe findet der Unterricht&nbsp;in den Klassenstufen&nbsp;7 bis 10 statt.<br \/>\nDie Arbeit unserer Schule zeichnet sich dadurch aus, dass jedem Sch\u00fcler und jeder Sch\u00fclerin eine den individuellen Bed\u00fcrfnissen entsprechende F\u00f6rderung zukommt, das hei\u00dft:<\/p>\n<ul>\n<li>Unterricht in kleinen Lerngruppen<\/li>\n<li>kleinschrittiger Unterricht<\/li>\n<li>Verringerung des Leistungsdrucks<\/li>\n<li>vielf\u00e4ltige Lernhilfen<\/li>\n<li>intensive Bewegungsf\u00f6rderung<\/li>\n<li>F\u00f6rderung der sozialen und kommunikativen F\u00e4higkeiten.<\/li>\n<\/ul>\n<p><img loading=\"lazy\" decoding=\"async\" class=\"alignnone wp-image-900 \" src=\"https:\/\/rebbz-winterhude.hamburg.de\/wp-content\/uploads\/sites\/656\/2017\/11\/Schaubild-Brucknerstra\u00dfe.jpg\" alt=\"\" width=\"432\" height=\"427\" srcset=\"https:\/\/rebbz-winterhude.hamburg.de\/wp-content\/uploads\/sites\/656\/2017\/11\/Schaubild-Brucknerstra\u00dfe.jpg 590w, https:\/\/rebbz-winterhude.hamburg.de\/wp-content\/uploads\/sites\/656\/2017\/11\/Schaubild-Brucknerstra\u00dfe-300x297.jpg 300w\" sizes=\"auto, (max-width: 432px) 100vw, 432px\" \/><\/p>\n<p><strong><span style=\"font-size: 16px\">Ihre Ansprechpartnerin vor Ort:<\/span><\/strong><\/p>\n<p>Diana Br\u00fcnjes-Omar<\/p>\n<p>diana.bruenjes-omar1@bsfb.hamburg.de<\/p>\n<p>&nbsp;<\/p>\n<p>&nbsp;<\/p>\n","protected":false},"excerpt":{"rendered":"<p>Wer sind wir eigentlich? Hier geht&#8217;s zu unserem Imagefilm! Hier geht&#8217;s zum Imagefilm mit englischen Untertiteln! Im folgenden Video wird der Standort Brucknerstra\u00dfe n\u00e4her vorgestellt! &nbsp; Sch\u00fclerinnen und Sch\u00fclern, denen aus den unterschiedlichsten Gr\u00fcnden ein erfolgreiches Lernen an der weiterf\u00fchrenden Schule erschwert ist, werden hier unterrichtet. Am Schulstandort Brucknerstra\u00dfe findet der Unterricht&nbsp;in den Klassenstufen&nbsp;7 bis &hellip; <a href=\"https:\/\/rebbz-winterhude.hamburg.de\/?page_id=477\" class=\"more-link\"><span class=\"screen-reader-text\">Standort Schule Brucknerstrasse<\/span> weiterlesen <span class=\"meta-nav\">&rarr;<\/span><\/a><\/p>\n","protected":false},"author":13,"featured_media":0,"parent":0,"menu_order":0,"comment_status":"closed","ping_status":"closed","template":"","meta":{"_acf_changed":false,"footnotes":""},"class_list":["post-477","page","type-page","status-publish","hentry"],"acf":[],"_links":{"self":[{"href":"https:\/\/rebbz-winterhude.hamburg.de\/index.php?rest_route=\/wp\/v2\/pages\/477","targetHints":{"allow":["GET"]}}],"collection":[{"href":"https:\/\/rebbz-winterhude.hamburg.de\/index.php?rest_route=\/wp\/v2\/pages"}],"about":[{"href":"https:\/\/rebbz-winterhude.hamburg.de\/index.php?rest_route=\/wp\/v2\/types\/page"}],"author":[{"embeddable":true,"href":"https:\/\/rebbz-winterhude.hamburg.de\/index.php?rest_route=\/wp\/v2\/users\/13"}],"replies":[{"embeddable":true,"href":"https:\/\/rebbz-winterhude.hamburg.de\/index.php?rest_route=%2Fwp%2Fv2%2Fcomments&post=477"}],"version-history":[{"count":9,"href":"https:\/\/rebbz-winterhude.hamburg.de\/index.php?rest_route=\/wp\/v2\/pages\/477\/revisions"}],"predecessor-version":[{"id":2242,"href":"https:\/\/rebbz-winterhude.hamburg.de\/index.php?rest_route=\/wp\/v2\/pages\/477\/revisions\/2242"}],"wp:attachment":[{"href":"https:\/\/rebbz-winterhude.hamburg.de\/index.php?rest_route=%2Fwp%2Fv2%2Fmedia&parent=477"}],"curies":[{"name":"wp","href":"https:\/\/api.w.org\/{rel}","templated":true}]}}