{"id":550,"date":"2016-11-29T10:52:23","date_gmt":"2016-11-29T09:52:23","guid":{"rendered":"http:\/\/rebbz-winterhude.hamburg.de\/?page_id=550"},"modified":"2021-06-16T10:21:35","modified_gmt":"2021-06-16T08:21:35","slug":"ganztag-schule-brucknerstrasse","status":"publish","type":"page","link":"https:\/\/rebbz-winterhude.hamburg.de\/?page_id=550","title":{"rendered":"Ganztag"},"content":{"rendered":"<p><img loading=\"lazy\" decoding=\"async\" width=\"300\" height=\"54\" class=\"size-medium wp-image-1013 aligncenter\" alt=\"\" src=\"https:\/\/rebbz-winterhude.hamburg.de\/wp-content\/uploads\/sites\/656\/2018\/04\/Strich-senkrecht-blau-e1523889364608-300x54.jpg\" srcset=\"https:\/\/rebbz-winterhude.hamburg.de\/wp-content\/uploads\/sites\/656\/2018\/04\/Strich-senkrecht-blau-e1523889364608-300x54.jpg 300w, https:\/\/rebbz-winterhude.hamburg.de\/wp-content\/uploads\/sites\/656\/2018\/04\/Strich-senkrecht-blau-e1523889364608-1024x184.jpg 1024w, https:\/\/rebbz-winterhude.hamburg.de\/wp-content\/uploads\/sites\/656\/2018\/04\/Strich-senkrecht-blau-e1523889364608-768x138.jpg 768w, https:\/\/rebbz-winterhude.hamburg.de\/wp-content\/uploads\/sites\/656\/2018\/04\/Strich-senkrecht-blau-e1523889364608.jpg 1380w\" sizes=\"auto, (max-width: 300px) 100vw, 300px\" \/><\/p>\n<p style=\"text-align: justify\">Die&nbsp;Schule Brucknerstra\u00dfe bietet&nbsp;f\u00fcr Sch\u00fclerinnen und Sch\u00fcler auch nach Unterrichtsschluss F\u00f6rder- und Neigungskurse sowie unterschiedliche <img loading=\"lazy\" decoding=\"async\" width=\"137\" height=\"139\" class=\"wp-image-1005 alignright\" alt=\"\" src=\"https:\/\/rebbz-winterhude.hamburg.de\/wp-content\/uploads\/sites\/656\/2018\/04\/W\u00fcrfel-und-Spielfiguren-295x300.jpg\" srcset=\"https:\/\/rebbz-winterhude.hamburg.de\/wp-content\/uploads\/sites\/656\/2018\/04\/W\u00fcrfel-und-Spielfiguren-295x300.jpg 295w, https:\/\/rebbz-winterhude.hamburg.de\/wp-content\/uploads\/sites\/656\/2018\/04\/W\u00fcrfel-und-Spielfiguren.jpg 720w\" sizes=\"auto, (max-width: 137px) 100vw, 137px\" \/>Freizeitangebote an.<\/p>\n<p style=\"text-align: justify\"><strong>Hier finden Sie weitere Informationen zum Ganztagsangebot<\/strong>:<\/p>\n<p style=\"text-align: justify\">&nbsp;<\/p>\n<p style=\"text-align: justify\">&nbsp;<\/p>\n<ul>\n<li><a href=\"https:\/\/rebbz-winterhude.hamburg.de\/?page_id=878\">Mittagspause<\/a><\/li>\n<li><a href=\"https:\/\/rebbz-winterhude.hamburg.de\/?page_id=870\">Lernf\u00f6rderung<\/a><\/li>\n<\/ul>\n<p>&nbsp;<\/p>\n<p>&nbsp;<\/p>\n<p style=\"text-align: justify\">&nbsp;<\/p>\n","protected":false},"excerpt":{"rendered":"<p>Die&nbsp;Schule Brucknerstra\u00dfe bietet&nbsp;f\u00fcr Sch\u00fclerinnen und Sch\u00fcler auch nach Unterrichtsschluss F\u00f6rder- und Neigungskurse sowie unterschiedliche Freizeitangebote an. Hier finden Sie weitere Informationen zum Ganztagsangebot: &nbsp; &nbsp; Mittagspause Lernf\u00f6rderung &nbsp; &nbsp; &nbsp;<\/p>\n","protected":false},"author":707,"featured_media":0,"parent":0,"menu_order":0,"comment_status":"closed","ping_status":"closed","template":"","meta":{"_acf_changed":false,"footnotes":""},"class_list":["post-550","page","type-page","status-publish","hentry"],"acf":[],"_links":{"self":[{"href":"https:\/\/rebbz-winterhude.hamburg.de\/index.php?rest_route=\/wp\/v2\/pages\/550","targetHints":{"allow":["GET"]}}],"collection":[{"href":"https:\/\/rebbz-winterhude.hamburg.de\/index.php?rest_route=\/wp\/v2\/pages"}],"about":[{"href":"https:\/\/rebbz-winterhude.hamburg.de\/index.php?rest_route=\/wp\/v2\/types\/page"}],"author":[{"embeddable":true,"href":"https:\/\/rebbz-winterhude.hamburg.de\/index.php?rest_route=\/wp\/v2\/users\/707"}],"replies":[{"embeddable":true,"href":"https:\/\/rebbz-winterhude.hamburg.de\/index.php?rest_route=%2Fwp%2Fv2%2Fcomments&post=550"}],"version-history":[{"count":3,"href":"https:\/\/rebbz-winterhude.hamburg.de\/index.php?rest_route=\/wp\/v2\/pages\/550\/revisions"}],"predecessor-version":[{"id":1700,"href":"https:\/\/rebbz-winterhude.hamburg.de\/index.php?rest_route=\/wp\/v2\/pages\/550\/revisions\/1700"}],"wp:attachment":[{"href":"https:\/\/rebbz-winterhude.hamburg.de\/index.php?rest_route=%2Fwp%2Fv2%2Fmedia&parent=550"}],"curies":[{"name":"wp","href":"https:\/\/api.w.org\/{rel}","templated":true}]}}