{"id":557,"date":"2016-11-29T10:59:53","date_gmt":"2016-11-29T09:59:53","guid":{"rendered":"http:\/\/rebbz-winterhude.hamburg.de\/?page_id=557"},"modified":"2023-02-23T14:48:05","modified_gmt":"2023-02-23T13:48:05","slug":"unterricht-schule-brucknerstrasse","status":"publish","type":"page","link":"https:\/\/rebbz-winterhude.hamburg.de\/?page_id=557","title":{"rendered":"Unterricht"},"content":{"rendered":"<p><img loading=\"lazy\" decoding=\"async\" class=\"wp-image-992 alignleft\" src=\"https:\/\/rebbz-winterhude.hamburg.de\/wp-content\/uploads\/sites\/656\/2018\/04\/Sch\u00fcler-\u00fcberlegen-300x240.jpg\" alt=\"\" width=\"219\" height=\"175\" srcset=\"https:\/\/rebbz-winterhude.hamburg.de\/wp-content\/uploads\/sites\/656\/2018\/04\/Sch\u00fcler-\u00fcberlegen-300x240.jpg 300w, https:\/\/rebbz-winterhude.hamburg.de\/wp-content\/uploads\/sites\/656\/2018\/04\/Sch\u00fcler-\u00fcberlegen-768x616.jpg 768w, https:\/\/rebbz-winterhude.hamburg.de\/wp-content\/uploads\/sites\/656\/2018\/04\/Sch\u00fcler-\u00fcberlegen.jpg 842w\" sizes=\"auto, (max-width: 219px) 100vw, 219px\" \/><\/p>\n<p>&nbsp;<\/p>\n<p>&nbsp;<\/p>\n<p>&nbsp;<\/p>\n<ul>\n<li>\n<h4><strong>Wir finden f\u00fcr Alle einen Weg<\/strong><\/h4>\n<\/li>\n<li>\n<h4><strong>Angeleitete Lernschritte und klare Strukturen<\/strong><\/h4>\n<\/li>\n<li>\n<h4><strong>Klassenlehrer:innen-Unterricht<\/strong><\/h4>\n<\/li>\n<li>\n<h4><strong>Arbeit nach individuellem F\u00f6rderplan<\/strong><\/h4>\n<\/li>\n<li>\n<h4><strong>Methoden: Strukturierter und angeleiteter Unterricht, kooperative Lernformen, Pr\u00e4sentationen<\/strong><\/h4>\n<\/li>\n<li>\n<h4><strong> Projekte und Projektwochen<\/strong><\/h4>\n<\/li>\n<li>\n<h4><strong>Gespr\u00e4chsangebote<\/strong><\/h4>\n<\/li>\n<li>\n<h4><strong>Gezielte F\u00f6rderung nach den Bildungspl\u00e4nen der Stadtteilschulen zur Vorbereitung auf den Ersten Schulabschluss (ESA)<\/strong><\/h4>\n<\/li>\n<\/ul>\n<p>&nbsp;<\/p>\n","protected":false},"excerpt":{"rendered":"<p>&nbsp; &nbsp; &nbsp; Wir finden f\u00fcr Alle einen Weg Angeleitete Lernschritte und klare Strukturen Klassenlehrer:innen-Unterricht Arbeit nach individuellem F\u00f6rderplan Methoden: Strukturierter und angeleiteter Unterricht, kooperative Lernformen, Pr\u00e4sentationen Projekte und Projektwochen Gespr\u00e4chsangebote Gezielte F\u00f6rderung nach den Bildungspl\u00e4nen der Stadtteilschulen zur Vorbereitung auf den Ersten Schulabschluss (ESA) &nbsp;<\/p>\n","protected":false},"author":707,"featured_media":0,"parent":0,"menu_order":0,"comment_status":"closed","ping_status":"closed","template":"","meta":{"_acf_changed":false,"footnotes":""},"class_list":["post-557","page","type-page","status-publish","hentry"],"acf":[],"_links":{"self":[{"href":"https:\/\/rebbz-winterhude.hamburg.de\/index.php?rest_route=\/wp\/v2\/pages\/557","targetHints":{"allow":["GET"]}}],"collection":[{"href":"https:\/\/rebbz-winterhude.hamburg.de\/index.php?rest_route=\/wp\/v2\/pages"}],"about":[{"href":"https:\/\/rebbz-winterhude.hamburg.de\/index.php?rest_route=\/wp\/v2\/types\/page"}],"author":[{"embeddable":true,"href":"https:\/\/rebbz-winterhude.hamburg.de\/index.php?rest_route=\/wp\/v2\/users\/707"}],"replies":[{"embeddable":true,"href":"https:\/\/rebbz-winterhude.hamburg.de\/index.php?rest_route=%2Fwp%2Fv2%2Fcomments&post=557"}],"version-history":[{"count":3,"href":"https:\/\/rebbz-winterhude.hamburg.de\/index.php?rest_route=\/wp\/v2\/pages\/557\/revisions"}],"predecessor-version":[{"id":1998,"href":"https:\/\/rebbz-winterhude.hamburg.de\/index.php?rest_route=\/wp\/v2\/pages\/557\/revisions\/1998"}],"wp:attachment":[{"href":"https:\/\/rebbz-winterhude.hamburg.de\/index.php?rest_route=%2Fwp%2Fv2%2Fmedia&parent=557"}],"curies":[{"name":"wp","href":"https:\/\/api.w.org\/{rel}","templated":true}]}}