{"id":563,"date":"2016-11-29T11:00:57","date_gmt":"2016-11-29T10:00:57","guid":{"rendered":"http:\/\/rebbz-winterhude.hamburg.de\/?page_id=563"},"modified":"2018-09-17T12:38:40","modified_gmt":"2018-09-17T10:38:40","slug":"konzepteprofile-schule-brcuknerstrasse","status":"publish","type":"page","link":"https:\/\/rebbz-winterhude.hamburg.de\/?page_id=563","title":{"rendered":"Konzepte \/ Profile"},"content":{"rendered":"<p style=\"text-align: justify\">Der Schulstandort Brucknerstra\u00dfe wird von Sch\u00fclerinnen und Sch\u00fclern der Jahrgangsstufen 7-10 besucht. Ziel des Schulbesuchs ist die Vorbereitung auf eine berufliche Ausbildung. Aus diesem Grund spielt die Berufsvorbereitung in unserem schulischen Alltag eine bedeutende Rolle. Nach der Klasse 7 besuchen die Sch\u00fclerinnen und Sch\u00fcler das KOMPASS- oder das ESA-Profil. N\u00e4here Informationen zu den einzelnen Profilen erhalten Sie auf den folgenden Seiten:<\/p>\n<p style=\"text-align: justify\"><a href=\"https:\/\/rebbz-winterhude.hamburg.de\/?page_id=728\"> KOMPASS<\/a>\u00a0\u00a0 \u00a0\u00a0 \u00a0 \u00a0 \u00a0 \u00a0 \u00a0 \u00a0 \u00a0 \u00a0 \u00a0 \u00a0 \u00a0 \u00a0 \u00a0 \u00a0 \u00a0 \u00a0 \u00a0 \u00a0 \u00a0 \u00a0 \u00a0\u00a0\u00a0 \u00a0 \u00a0 \u00a0 \u00a0 \u00a0 \u00a0 \u00a0 \u00a0 \u00a0 \u00a0 \u00a0 \u00a0 \u00a0 \u00a0 \u00a0 \u00a0\u00a0\u00a0\u00a0 <a href=\"https:\/\/rebbz-winterhude.hamburg.de\/?page_id=732\">ESA<\/a><\/p>\n<p style=\"text-align: justify\">\u00a0<img loading=\"lazy\" decoding=\"async\" class=\"alignnone wp-image-900\" src=\"https:\/\/rebbz-winterhude.hamburg.de\/wp-content\/uploads\/sites\/656\/2017\/11\/Schaubild-Brucknerstra\u00dfe-300x297.jpg\" alt=\"\" width=\"402\" height=\"398\" srcset=\"https:\/\/rebbz-winterhude.hamburg.de\/wp-content\/uploads\/sites\/656\/2017\/11\/Schaubild-Brucknerstra\u00dfe-300x297.jpg 300w, https:\/\/rebbz-winterhude.hamburg.de\/wp-content\/uploads\/sites\/656\/2017\/11\/Schaubild-Brucknerstra\u00dfe-150x150.jpg 150w, https:\/\/rebbz-winterhude.hamburg.de\/wp-content\/uploads\/sites\/656\/2017\/11\/Schaubild-Brucknerstra\u00dfe.jpg 590w\" sizes=\"auto, (max-width: 402px) 100vw, 402px\" \/><\/p>\n","protected":false},"excerpt":{"rendered":"<p>Der Schulstandort Brucknerstra\u00dfe wird von Sch\u00fclerinnen und Sch\u00fclern der Jahrgangsstufen 7-10 besucht. Ziel des Schulbesuchs ist die Vorbereitung auf eine berufliche Ausbildung. Aus diesem Grund spielt die Berufsvorbereitung in unserem schulischen Alltag eine bedeutende Rolle. Nach der Klasse 7 besuchen die Sch\u00fclerinnen und Sch\u00fcler das KOMPASS- oder das ESA-Profil. N\u00e4here Informationen zu den einzelnen Profilen &hellip; <a href=\"https:\/\/rebbz-winterhude.hamburg.de\/?page_id=563\" class=\"more-link\"><span class=\"screen-reader-text\">Konzepte \/ Profile<\/span> weiterlesen <span class=\"meta-nav\">&rarr;<\/span><\/a><\/p>\n","protected":false},"author":707,"featured_media":0,"parent":0,"menu_order":0,"comment_status":"closed","ping_status":"closed","template":"","meta":{"_acf_changed":false,"footnotes":""},"class_list":["post-563","page","type-page","status-publish","hentry"],"acf":[],"_links":{"self":[{"href":"https:\/\/rebbz-winterhude.hamburg.de\/index.php?rest_route=\/wp\/v2\/pages\/563","targetHints":{"allow":["GET"]}}],"collection":[{"href":"https:\/\/rebbz-winterhude.hamburg.de\/index.php?rest_route=\/wp\/v2\/pages"}],"about":[{"href":"https:\/\/rebbz-winterhude.hamburg.de\/index.php?rest_route=\/wp\/v2\/types\/page"}],"author":[{"embeddable":true,"href":"https:\/\/rebbz-winterhude.hamburg.de\/index.php?rest_route=\/wp\/v2\/users\/707"}],"replies":[{"embeddable":true,"href":"https:\/\/rebbz-winterhude.hamburg.de\/index.php?rest_route=%2Fwp%2Fv2%2Fcomments&post=563"}],"version-history":[{"count":1,"href":"https:\/\/rebbz-winterhude.hamburg.de\/index.php?rest_route=\/wp\/v2\/pages\/563\/revisions"}],"predecessor-version":[{"id":901,"href":"https:\/\/rebbz-winterhude.hamburg.de\/index.php?rest_route=\/wp\/v2\/pages\/563\/revisions\/901"}],"wp:attachment":[{"href":"https:\/\/rebbz-winterhude.hamburg.de\/index.php?rest_route=%2Fwp%2Fv2%2Fmedia&parent=563"}],"curies":[{"name":"wp","href":"https:\/\/api.w.org\/{rel}","templated":true}]}}