{"id":566,"date":"2016-11-29T11:01:27","date_gmt":"2016-11-29T10:01:27","guid":{"rendered":"http:\/\/rebbz-winterhude.hamburg.de\/?page_id=566"},"modified":"2018-09-17T12:43:44","modified_gmt":"2018-09-17T10:43:44","slug":"gremien-schule-eschenweg","status":"publish","type":"page","link":"https:\/\/rebbz-winterhude.hamburg.de\/?page_id=566","title":{"rendered":"Gremien"},"content":{"rendered":"<p>Wir wollen mit allen a<img loading=\"lazy\" decoding=\"async\" class=\"wp-image-1000 alignright\" src=\"https:\/\/rebbz-winterhude.hamburg.de\/wp-content\/uploads\/sites\/656\/2018\/04\/einklatschen-high-five-300x210.jpg\" alt=\"\" width=\"199\" height=\"139\" srcset=\"https:\/\/rebbz-winterhude.hamburg.de\/wp-content\/uploads\/sites\/656\/2018\/04\/einklatschen-high-five-300x210.jpg 300w, https:\/\/rebbz-winterhude.hamburg.de\/wp-content\/uploads\/sites\/656\/2018\/04\/einklatschen-high-five-768x539.jpg 768w, https:\/\/rebbz-winterhude.hamburg.de\/wp-content\/uploads\/sites\/656\/2018\/04\/einklatschen-high-five-1024x718.jpg 1024w, https:\/\/rebbz-winterhude.hamburg.de\/wp-content\/uploads\/sites\/656\/2018\/04\/einklatschen-high-five.jpg 1088w\" sizes=\"auto, (max-width: 199px) 100vw, 199px\" \/>n Schule Beteiligten (Eltern, Sch\u00fclern und Mitarbeitern) unsere Schule und unser Schulleben gestalten. Dies geschieht vor allem in den Gremien, in denen die Eltern und die Sch\u00fcler mit vertreten sind:<\/p>\n<ul>\n<li><strong><a href=\"https:\/\/rebbz-winterhude.hamburg.de\/?page_id=924\">Sch\u00fclerrat<\/a><\/strong><\/li>\n<li><strong><a href=\"https:\/\/rebbz-winterhude.hamburg.de\/?page_id=236\">Elternrat<\/a><\/strong><\/li>\n<li><a href=\"https:\/\/rebbz-winterhude.hamburg.de\/?page_id=238\"><strong>Schulverein<\/strong><\/a><\/li>\n<li>Schulkonferenz<\/li>\n<li>Ganztagsausschuss<\/li>\n<\/ul>\n<p>Erg\u00e4nzend dazu gibt es den Klassenrat und Sch\u00fclerkonferenzen. Wir freuen uns auf tolle Ideen!<\/p>\n","protected":false},"excerpt":{"rendered":"<p>Wir wollen mit allen an Schule Beteiligten (Eltern, Sch\u00fclern und Mitarbeitern) unsere Schule und unser Schulleben gestalten. Dies geschieht vor allem in den Gremien, in denen die Eltern und die Sch\u00fcler mit vertreten sind: Sch\u00fclerrat Elternrat Schulverein Schulkonferenz Ganztagsausschuss Erg\u00e4nzend dazu gibt es den Klassenrat und Sch\u00fclerkonferenzen. Wir freuen uns auf tolle Ideen!<\/p>\n","protected":false},"author":707,"featured_media":0,"parent":0,"menu_order":0,"comment_status":"closed","ping_status":"closed","template":"","meta":{"_acf_changed":false,"footnotes":""},"class_list":["post-566","page","type-page","status-publish","hentry"],"acf":[],"_links":{"self":[{"href":"https:\/\/rebbz-winterhude.hamburg.de\/index.php?rest_route=\/wp\/v2\/pages\/566","targetHints":{"allow":["GET"]}}],"collection":[{"href":"https:\/\/rebbz-winterhude.hamburg.de\/index.php?rest_route=\/wp\/v2\/pages"}],"about":[{"href":"https:\/\/rebbz-winterhude.hamburg.de\/index.php?rest_route=\/wp\/v2\/types\/page"}],"author":[{"embeddable":true,"href":"https:\/\/rebbz-winterhude.hamburg.de\/index.php?rest_route=\/wp\/v2\/users\/707"}],"replies":[{"embeddable":true,"href":"https:\/\/rebbz-winterhude.hamburg.de\/index.php?rest_route=%2Fwp%2Fv2%2Fcomments&post=566"}],"version-history":[{"count":0,"href":"https:\/\/rebbz-winterhude.hamburg.de\/index.php?rest_route=\/wp\/v2\/pages\/566\/revisions"}],"wp:attachment":[{"href":"https:\/\/rebbz-winterhude.hamburg.de\/index.php?rest_route=%2Fwp%2Fv2%2Fmedia&parent=566"}],"curies":[{"name":"wp","href":"https:\/\/api.w.org\/{rel}","templated":true}]}}