{"id":572,"date":"2016-11-29T11:02:20","date_gmt":"2016-11-29T10:02:20","guid":{"rendered":"http:\/\/rebbz-winterhude.hamburg.de\/?page_id=572"},"modified":"2022-11-28T15:45:15","modified_gmt":"2022-11-28T14:45:15","slug":"schulleben-schule-brucknerstrasse","status":"publish","type":"page","link":"https:\/\/rebbz-winterhude.hamburg.de\/?page_id=572","title":{"rendered":"Schulleben"},"content":{"rendered":"<p><img loading=\"lazy\" decoding=\"async\" class=\"alignnone size-medium wp-image-1013\" src=\"https:\/\/rebbz-winterhude.hamburg.de\/wp-content\/uploads\/sites\/656\/2018\/04\/Strich-senkrecht-blau-e1523889364608-300x54.jpg\" alt=\"\" width=\"300\" height=\"54\" srcset=\"https:\/\/rebbz-winterhude.hamburg.de\/wp-content\/uploads\/sites\/656\/2018\/04\/Strich-senkrecht-blau-e1523889364608-300x54.jpg 300w, https:\/\/rebbz-winterhude.hamburg.de\/wp-content\/uploads\/sites\/656\/2018\/04\/Strich-senkrecht-blau-e1523889364608-1024x184.jpg 1024w, https:\/\/rebbz-winterhude.hamburg.de\/wp-content\/uploads\/sites\/656\/2018\/04\/Strich-senkrecht-blau-e1523889364608-768x138.jpg 768w, https:\/\/rebbz-winterhude.hamburg.de\/wp-content\/uploads\/sites\/656\/2018\/04\/Strich-senkrecht-blau-e1523889364608.jpg 1380w\" sizes=\"auto, (max-width: 300px) 100vw, 300px\" \/><\/p>\n<p style=\"text-align: justify\">Ausf<img loading=\"lazy\" decoding=\"async\" class=\"wp-image-1017 alignright\" src=\"https:\/\/rebbz-winterhude.hamburg.de\/wp-content\/uploads\/sites\/656\/2018\/04\/Ballons-284x300.jpg\" alt=\"\" width=\"143\" height=\"151\" srcset=\"https:\/\/rebbz-winterhude.hamburg.de\/wp-content\/uploads\/sites\/656\/2018\/04\/Ballons-284x300.jpg 284w, https:\/\/rebbz-winterhude.hamburg.de\/wp-content\/uploads\/sites\/656\/2018\/04\/Ballons.jpg 653w\" sizes=\"auto, (max-width: 143px) 100vw, 143px\" \/>l\u00fcge, Klassenfahrten, Turniere und Feste geh\u00f6ren zu unserem Alltag. Hier bekommt Ihr ein Einblicke in unser Schulleben. Klickt Euch durch die folgenden Links!<\/p>\n<ul>\n<li><strong><a href=\"https:\/\/rebbz-winterhude.hamburg.de\/?page_id=1639&amp;preview=true\">Sumsumsum&#8230;.die Bienen sind da!<\/a><\/strong><\/li>\n<li><strong><a href=\"https:\/\/rebbz-winterhude.hamburg.de\/?page_id=1597\">Nikolausbasteln am Eschenweg<\/a><\/strong><\/li>\n<li><strong><a href=\"https:\/\/rebbz-winterhude.hamburg.de\/?page_id=1470&amp;preview=true\">Footprints For Future<\/a><\/strong><\/li>\n<li><a href=\"https:\/\/rebbz-winterhude.hamburg.de\/?page_id=1465&amp;preview=true\"><strong>Ausflug ins Jumphouse<\/strong><\/a><\/li>\n<li><strong><a href=\"https:\/\/rebbz-winterhude.hamburg.de\/?page_id=1458\">#Einfach Backen &#8211; Pl\u00e4tzchen f\u00fcr Alle<\/a><\/strong><\/li>\n<li><strong><a href=\"https:\/\/rebbz-winterhude.hamburg.de\/?page_id=1450&amp;preview=true\">Wir besprayen einen mobilen Wagen f\u00fcr Obdachlose<\/a><\/strong><\/li>\n<li><strong><a href=\"https:\/\/rebbz-winterhude.hamburg.de\/?page_id=1441\">Raul Dennis Boi&nbsp; und sein Kunststipendium<\/a><\/strong><\/li>\n<li><strong><a href=\"https:\/\/rebbz-winterhude.hamburg.de\/?page_id=1435\">Mobbing-Pr\u00e4ventionswoche<\/a><\/strong><\/li>\n<li><strong><a href=\"https:\/\/rebbz-winterhude.hamburg.de\/?page_id=1415\">Ein tierischer Aufstand<\/a><\/strong><\/li>\n<li><a href=\"https:\/\/rebbz-winterhude.hamburg.de\/?page_id=1412\"><strong>Ratten im Rathaus<\/strong><\/a><\/li>\n<li><strong><a href=\"https:\/\/rebbz-winterhude.hamburg.de\/?page_id=1379\">Vernissage in der Brucknerstra\u00dfe<\/a><\/strong><\/li>\n<li><strong><a href=\"https:\/\/rebbz-winterhude.hamburg.de\/?page_id=1374\">Praxiskurs B\u00e4ckerhandwerk<\/a><\/strong><\/li>\n<li><strong><a href=\"https:\/\/rebbz-winterhude.hamburg.de\/?page_id=1366\">Schweriner Schloss<\/a><\/strong><\/li>\n<li><strong><a href=\"https:\/\/rebbz-winterhude.hamburg.de\/?page_id=1360\">Zu Gast in der Elphi (Workshop Orchesterinstrumente)<\/a><\/strong><\/li>\n<li><a href=\"https:\/\/rebbz-winterhude.hamburg.de\/?page_id=1324\"><strong>Treppenlauf &#8211; Mit Schwung in die Ferien<\/strong><\/a><\/li>\n<li><strong><a href=\"https:\/\/rebbz-winterhude.hamburg.de\/?page_id=1317\">Kaputtwerkstatt &#8211; Akademie der Zerst\u00f6rung im Fundustheater<\/a><\/strong><\/li>\n<li><a href=\"https:\/\/rebbz-winterhude.hamburg.de\/?page_id=1311\"><strong>Hear Wor(l)d &#8211; Lessingtage<\/strong><\/a><\/li>\n<li><a href=\"https:\/\/rebbz-winterhude.hamburg.de\/?page_id=1303\"><strong>Kunstprojekt 15 Quadrat &#8211; Wir sind am Start<\/strong><\/a><\/li>\n<li><strong><a href=\"https:\/\/rebbz-winterhude.hamburg.de\/?page_id=1126\">125 Jahre Brucknerstra\u00dfe &#8211; Das gro\u00dfe Jubil\u00e4um<\/a><\/strong><\/li>\n<li><strong><a href=\"https:\/\/rebbz-winterhude.hamburg.de\/?page_id=1200\">Ein Film f\u00fcr den Geschichtomaten<\/a><\/strong><\/li>\n<li><a href=\"https:\/\/rebbz-winterhude.hamburg.de\/?page_id=1120\"><strong>Projektwoche Graffiti<\/strong><\/a><\/li>\n<li><a href=\"https:\/\/rebbz-winterhude.hamburg.de\/?page_id=1154&amp;preview=true\"><strong>Besuch der M\u00fcllverbrennungsanlage<\/strong><\/a><\/li>\n<li><strong><a href=\"https:\/\/rebbz-winterhude.hamburg.de\/?page_id=1207\">Fotowettbewerb f\u00fcr Hamburger Schulen<\/a><\/strong><\/li>\n<li><strong><a href=\"https:\/\/rebbz-winterhude.hamburg.de\/?page_id=1083\">DenkMal &#8211; Widerstand in Hamburg<\/a><\/strong><\/li>\n<li><a href=\"https:\/\/rebbz-winterhude.hamburg.de\/?page_id=1077\"><strong>Hansemuseum L\u00fcbeck<\/strong><\/a><\/li>\n<li><strong><a href=\"https:\/\/rebbz-winterhude.hamburg.de\/?page_id=964\">Schuldisko<\/a><\/strong><\/li>\n<li><strong><a href=\"https:\/\/rebbz-winterhude.hamburg.de\/?page_id=1018&amp;preview=true\">Kultur-Abo<\/a><\/strong><\/li>\n<li><strong><a href=\"https:\/\/rebbz-winterhude.hamburg.de\/?page_id=1025\">Stra\u00dfenfu\u00dfball f\u00fcr Toleranz<\/a><\/strong><\/li>\n<li><strong><a href=\"https:\/\/rebbz-winterhude.hamburg.de\/?page_id=1029\">Klassenfahrt nach Berlin<\/a><\/strong><\/li>\n<li><strong><a href=\"https:\/\/rebbz-winterhude.hamburg.de\/?page_id=1037\">Nikolausbasteln<\/a><\/strong><\/li>\n<li><strong><a href=\"https:\/\/rebbz-winterhude.hamburg.de\/?page_id=1041\">Prima-Klima-Sprechstunde<\/a><\/strong><\/li>\n<li><strong><a href=\"https:\/\/rebbz-winterhude.hamburg.de\/?page_id=1045\">Martin Luther<\/a><\/strong><\/li>\n<li><strong><a href=\"https:\/\/rebbz-winterhude.hamburg.de\/?page_id=1051\">Weihnachtssingen<\/a><\/strong><\/li>\n<li><strong><a href=\"https:\/\/rebbz-winterhude.hamburg.de\/?page_id=1054\">Sozialkompetenztraining<\/a><\/strong><\/li>\n<li><strong><a href=\"https:\/\/rebbz-winterhude.hamburg.de\/?page_id=850\">Schulordnung<\/a><\/strong><\/li>\n<\/ul>\n","protected":false},"excerpt":{"rendered":"<p>Ausfl\u00fcge, Klassenfahrten, Turniere und Feste geh\u00f6ren zu unserem Alltag. Hier bekommt Ihr ein Einblicke in unser Schulleben. Klickt Euch durch die folgenden Links! Sumsumsum&#8230;.die Bienen sind da! Nikolausbasteln am Eschenweg Footprints For Future Ausflug ins Jumphouse #Einfach Backen &#8211; Pl\u00e4tzchen f\u00fcr Alle Wir besprayen einen mobilen Wagen f\u00fcr Obdachlose Raul Dennis Boi&nbsp; und sein Kunststipendium &hellip; <a href=\"https:\/\/rebbz-winterhude.hamburg.de\/?page_id=572\" class=\"more-link\"><span class=\"screen-reader-text\">Schulleben<\/span> weiterlesen <span class=\"meta-nav\">&rarr;<\/span><\/a><\/p>\n","protected":false},"author":707,"featured_media":0,"parent":0,"menu_order":0,"comment_status":"closed","ping_status":"closed","template":"","meta":{"_acf_changed":false,"footnotes":""},"class_list":["post-572","page","type-page","status-publish","hentry"],"acf":[],"_links":{"self":[{"href":"https:\/\/rebbz-winterhude.hamburg.de\/index.php?rest_route=\/wp\/v2\/pages\/572","targetHints":{"allow":["GET"]}}],"collection":[{"href":"https:\/\/rebbz-winterhude.hamburg.de\/index.php?rest_route=\/wp\/v2\/pages"}],"about":[{"href":"https:\/\/rebbz-winterhude.hamburg.de\/index.php?rest_route=\/wp\/v2\/types\/page"}],"author":[{"embeddable":true,"href":"https:\/\/rebbz-winterhude.hamburg.de\/index.php?rest_route=\/wp\/v2\/users\/707"}],"replies":[{"embeddable":true,"href":"https:\/\/rebbz-winterhude.hamburg.de\/index.php?rest_route=%2Fwp%2Fv2%2Fcomments&post=572"}],"version-history":[{"count":4,"href":"https:\/\/rebbz-winterhude.hamburg.de\/index.php?rest_route=\/wp\/v2\/pages\/572\/revisions"}],"predecessor-version":[{"id":1921,"href":"https:\/\/rebbz-winterhude.hamburg.de\/index.php?rest_route=\/wp\/v2\/pages\/572\/revisions\/1921"}],"wp:attachment":[{"href":"https:\/\/rebbz-winterhude.hamburg.de\/index.php?rest_route=%2Fwp%2Fv2%2Fmedia&parent=572"}],"curies":[{"name":"wp","href":"https:\/\/api.w.org\/{rel}","templated":true}]}}