{"id":701,"date":"2017-03-24T08:54:35","date_gmt":"2017-03-24T07:54:35","guid":{"rendered":"http:\/\/rebbz-winterhude.hamburg.de\/?page_id=701"},"modified":"2023-02-23T15:13:20","modified_gmt":"2023-02-23T14:13:20","slug":"mitarbeiterinnen","status":"publish","type":"page","link":"https:\/\/rebbz-winterhude.hamburg.de\/?page_id=701","title":{"rendered":"Kollegium"},"content":{"rendered":"<p style=\"text-align: justify\"><span style=\"font-size: 20px\"><strong>Bildun<\/strong><\/span><span style=\"font-size: 20px\"><strong>g und Beratung aus einer Hand<\/strong>&nbsp;<\/span><\/p>\n<p style=\"text-align: justify\">Das ReBBZ Winterhude gliedert sich in eine Bildungsabteilung mit zwei Schulstandorten und in eine Beratungsabteilung.<img loading=\"lazy\" decoding=\"async\" class=\"wp-image-981 alignright\" src=\"https:\/\/rebbz-winterhude.hamburg.de\/wp-content\/uploads\/sites\/656\/2018\/03\/seitlich-gr\u00fcn-grob-e1523889862284-204x300.jpg\" alt=\"\" width=\"161\" height=\"237\" srcset=\"https:\/\/rebbz-winterhude.hamburg.de\/wp-content\/uploads\/sites\/656\/2018\/03\/seitlich-gr\u00fcn-grob-e1523889862284-204x300.jpg 204w, https:\/\/rebbz-winterhude.hamburg.de\/wp-content\/uploads\/sites\/656\/2018\/03\/seitlich-gr\u00fcn-grob-e1523889862284.jpg 432w\" sizes=\"auto, (max-width: 161px) 100vw, 161px\" \/><\/p>\n<p style=\"text-align: left\">Die <strong>Standorte Schule<\/strong>&nbsp;<strong>L\u00e4mmersieth <\/strong>(Unter-und Mittelstufe: VSK sowie 1.-6. Klasse)&nbsp; und <strong>Schule<\/strong> <strong>Brucknerstra\u00dfe<\/strong> (Oberstufe: 7.-10. Klasse) geh\u00f6ren zu der Bildungsabteilung des <strong>ReBBZ Winterhude<\/strong>.<\/p>\n<p style=\"text-align: justify\">Das <strong>Kollegium<\/strong> an beiden Schulstandorten besteht aus sonderp\u00e4dagogischen Lehrkr\u00e4ften mit den verschiedensten sonderp\u00e4dagogischen Fachrichtungen und Qualifikationen. Hinzu kommen zwei Sozialp\u00e4dagoginnen, die im Rahmen der Schulsozialarbeit t\u00e4tig sind. An unseren Standorten werden Sonderp\u00e4dagog:innen, Sozialp\u00e4dagog:innen (Dualstudierende) ausgebildet und durch Anleiter:innen unterst\u00fctzt. Regelm\u00e4\u00dfig bieten wir Pl\u00e4tze f\u00fcr Praktikant:innen an.<\/p>\n<p style=\"text-align: justify\">Die <strong>Beratungsabteilung<\/strong> des <strong>ReBBZ Winterhude<\/strong> besteht aus Mitarbeiter:innen der Sonder- und Sozialp\u00e4dagogik sowie Psychologie mit verschiedensten Fort- und Weiterbildungen.<\/p>\n<p><img loading=\"lazy\" decoding=\"async\" class=\"size-medium wp-image-1013 aligncenter\" src=\"https:\/\/rebbz-winterhude.hamburg.de\/wp-content\/uploads\/sites\/656\/2018\/04\/Strich-senkrecht-blau-e1523889364608-300x54.jpg\" alt=\"\" width=\"300\" height=\"54\" srcset=\"https:\/\/rebbz-winterhude.hamburg.de\/wp-content\/uploads\/sites\/656\/2018\/04\/Strich-senkrecht-blau-e1523889364608-300x54.jpg 300w, https:\/\/rebbz-winterhude.hamburg.de\/wp-content\/uploads\/sites\/656\/2018\/04\/Strich-senkrecht-blau-e1523889364608-1024x184.jpg 1024w, https:\/\/rebbz-winterhude.hamburg.de\/wp-content\/uploads\/sites\/656\/2018\/04\/Strich-senkrecht-blau-e1523889364608-768x138.jpg 768w, https:\/\/rebbz-winterhude.hamburg.de\/wp-content\/uploads\/sites\/656\/2018\/04\/Strich-senkrecht-blau-e1523889364608.jpg 1380w\" sizes=\"auto, (max-width: 300px) 100vw, 300px\" \/><\/p>\n<p><strong>&nbsp;&nbsp;&nbsp;&nbsp;&nbsp;&nbsp;&nbsp;&nbsp;&nbsp;&nbsp;&nbsp;&nbsp;&nbsp;&nbsp; <\/strong><\/p>\n<p>&nbsp;<\/p>\n<p>&nbsp;<\/p>\n","protected":false},"excerpt":{"rendered":"<p>Bildung und Beratung aus einer Hand&nbsp; Das ReBBZ Winterhude gliedert sich in eine Bildungsabteilung mit zwei Schulstandorten und in eine Beratungsabteilung. Die Standorte Schule&nbsp;L\u00e4mmersieth (Unter-und Mittelstufe: VSK sowie 1.-6. Klasse)&nbsp; und Schule Brucknerstra\u00dfe (Oberstufe: 7.-10. Klasse) geh\u00f6ren zu der Bildungsabteilung des ReBBZ Winterhude. Das Kollegium an beiden Schulstandorten besteht aus sonderp\u00e4dagogischen Lehrkr\u00e4ften mit den verschiedensten &hellip; <a href=\"https:\/\/rebbz-winterhude.hamburg.de\/?page_id=701\" class=\"more-link\"><span class=\"screen-reader-text\">Kollegium<\/span> weiterlesen <span class=\"meta-nav\">&rarr;<\/span><\/a><\/p>\n","protected":false},"author":707,"featured_media":0,"parent":0,"menu_order":0,"comment_status":"closed","ping_status":"closed","template":"","meta":{"_acf_changed":false,"footnotes":""},"class_list":["post-701","page","type-page","status-publish","hentry"],"acf":[],"_links":{"self":[{"href":"https:\/\/rebbz-winterhude.hamburg.de\/index.php?rest_route=\/wp\/v2\/pages\/701","targetHints":{"allow":["GET"]}}],"collection":[{"href":"https:\/\/rebbz-winterhude.hamburg.de\/index.php?rest_route=\/wp\/v2\/pages"}],"about":[{"href":"https:\/\/rebbz-winterhude.hamburg.de\/index.php?rest_route=\/wp\/v2\/types\/page"}],"author":[{"embeddable":true,"href":"https:\/\/rebbz-winterhude.hamburg.de\/index.php?rest_route=\/wp\/v2\/users\/707"}],"replies":[{"embeddable":true,"href":"https:\/\/rebbz-winterhude.hamburg.de\/index.php?rest_route=%2Fwp%2Fv2%2Fcomments&post=701"}],"version-history":[{"count":11,"href":"https:\/\/rebbz-winterhude.hamburg.de\/index.php?rest_route=\/wp\/v2\/pages\/701\/revisions"}],"predecessor-version":[{"id":2008,"href":"https:\/\/rebbz-winterhude.hamburg.de\/index.php?rest_route=\/wp\/v2\/pages\/701\/revisions\/2008"}],"wp:attachment":[{"href":"https:\/\/rebbz-winterhude.hamburg.de\/index.php?rest_route=%2Fwp%2Fv2%2Fmedia&parent=701"}],"curies":[{"name":"wp","href":"https:\/\/api.w.org\/{rel}","templated":true}]}}