{"id":732,"date":"2017-05-08T15:25:27","date_gmt":"2017-05-08T13:25:27","guid":{"rendered":"http:\/\/rebbz-winterhude.hamburg.de\/?page_id=732"},"modified":"2018-04-16T18:40:44","modified_gmt":"2018-04-16T16:40:44","slug":"esa","status":"publish","type":"page","link":"https:\/\/rebbz-winterhude.hamburg.de\/?page_id=732","title":{"rendered":"ESA"},"content":{"rendered":"<p><strong>Das ESA-Profil<\/strong><\/p>\n<p style=\"text-align: justify\">Wir bieten in Kooperation mit dem ReBBZ Nord f\u00fcr Sch\u00fclerinnen und Sch\u00fcler die Profilklassen ESA an.<\/p>\n<p style=\"text-align: justify\">Die Profilklassen ESA umfassen einen dreij\u00e4hrigen Bildungsgang der <img loading=\"lazy\" decoding=\"async\" class=\"wp-image-1072 alignright\" src=\"https:\/\/rebbz-winterhude.hamburg.de\/wp-content\/uploads\/sites\/656\/2018\/04\/Abschluss-300x256.jpg\" alt=\"\" width=\"217\" height=\"185\" srcset=\"https:\/\/rebbz-winterhude.hamburg.de\/wp-content\/uploads\/sites\/656\/2018\/04\/Abschluss-300x256.jpg 300w, https:\/\/rebbz-winterhude.hamburg.de\/wp-content\/uploads\/sites\/656\/2018\/04\/Abschluss-768x655.jpg 768w, https:\/\/rebbz-winterhude.hamburg.de\/wp-content\/uploads\/sites\/656\/2018\/04\/Abschluss.jpg 996w\" sizes=\"auto, (max-width: 217px) 100vw, 217px\" \/>Klassenstufen 8 bis 10. Die Klassenfrequenz liegt bei maximal 16 Sch\u00fclerinnen und Sch\u00fclern. Der Unterricht wird durch Sonderp\u00e4dagoginnen und Sonderp\u00e4dagogen beider Kooperationspartner erteilt, die die Profilklassen intensiv auf die zentralen Abschlusspr\u00fcfungen in den F\u00e4chern Deutsch, Mathematik und Englisch vorbereiten.<\/p>\n<p style=\"text-align: justify\">Die Sch\u00fclerinnen und Sch\u00fcler der Profilklassen ESA k\u00f6nnen in dieser Ma\u00dfnahme den ersten allgemeinbildenden Schulabschluss (ESA), ehemals Hauptschulabschluss, erzielen.<\/p>\n<p style=\"text-align: justify\">Im Rahmen von Betriebserkundungen, Praxiskursen der Handwerkskammer sowie mehreren zweiw\u00f6chigen Praktika\u00a0 und eines Sozialpraktikums findet eine eng begleitete Berufsorientierung statt.<\/p>\n<p>&nbsp;<\/p>\n<p>&nbsp;<\/p>\n","protected":false},"excerpt":{"rendered":"<p>Das ESA-Profil Wir bieten in Kooperation mit dem ReBBZ Nord f\u00fcr Sch\u00fclerinnen und Sch\u00fcler die Profilklassen ESA an. Die Profilklassen ESA umfassen einen dreij\u00e4hrigen Bildungsgang der Klassenstufen 8 bis 10. Die Klassenfrequenz liegt bei maximal 16 Sch\u00fclerinnen und Sch\u00fclern. Der Unterricht wird durch Sonderp\u00e4dagoginnen und Sonderp\u00e4dagogen beider Kooperationspartner erteilt, die die Profilklassen intensiv auf die &hellip; <a href=\"https:\/\/rebbz-winterhude.hamburg.de\/?page_id=732\" class=\"more-link\"><span class=\"screen-reader-text\">ESA<\/span> weiterlesen <span class=\"meta-nav\">&rarr;<\/span><\/a><\/p>\n","protected":false},"author":707,"featured_media":0,"parent":0,"menu_order":0,"comment_status":"closed","ping_status":"closed","template":"","meta":{"_acf_changed":false,"footnotes":""},"class_list":["post-732","page","type-page","status-publish","hentry"],"acf":[],"_links":{"self":[{"href":"https:\/\/rebbz-winterhude.hamburg.de\/index.php?rest_route=\/wp\/v2\/pages\/732","targetHints":{"allow":["GET"]}}],"collection":[{"href":"https:\/\/rebbz-winterhude.hamburg.de\/index.php?rest_route=\/wp\/v2\/pages"}],"about":[{"href":"https:\/\/rebbz-winterhude.hamburg.de\/index.php?rest_route=\/wp\/v2\/types\/page"}],"author":[{"embeddable":true,"href":"https:\/\/rebbz-winterhude.hamburg.de\/index.php?rest_route=\/wp\/v2\/users\/707"}],"replies":[{"embeddable":true,"href":"https:\/\/rebbz-winterhude.hamburg.de\/index.php?rest_route=%2Fwp%2Fv2%2Fcomments&post=732"}],"version-history":[{"count":1,"href":"https:\/\/rebbz-winterhude.hamburg.de\/index.php?rest_route=\/wp\/v2\/pages\/732\/revisions"}],"predecessor-version":[{"id":742,"href":"https:\/\/rebbz-winterhude.hamburg.de\/index.php?rest_route=\/wp\/v2\/pages\/732\/revisions\/742"}],"wp:attachment":[{"href":"https:\/\/rebbz-winterhude.hamburg.de\/index.php?rest_route=%2Fwp%2Fv2%2Fmedia&parent=732"}],"curies":[{"name":"wp","href":"https:\/\/api.w.org\/{rel}","templated":true}]}}