{"id":769,"date":"2017-07-10T16:19:45","date_gmt":"2017-07-10T14:19:45","guid":{"rendered":"http:\/\/rebbz-winterhude.hamburg.de\/?page_id=769"},"modified":"2018-09-04T10:42:48","modified_gmt":"2018-09-04T08:42:48","slug":"sonderpaedagogische-diagnostik-und-beratung","status":"publish","type":"page","link":"https:\/\/rebbz-winterhude.hamburg.de\/?page_id=769","title":{"rendered":"Sonderp\u00e4dagogische Diagnostik und Beratung"},"content":{"rendered":"<p style=\"text-align: justify\"><img loading=\"lazy\" decoding=\"async\" class=\"wp-image-1016 aligncenter\" src=\"https:\/\/rebbz-winterhude.hamburg.de\/wp-content\/uploads\/sites\/656\/2018\/04\/Strich-senkrecht-gr\u00fcn-e1523892587386.jpg\" alt=\"\" width=\"323\" height=\"58\" \/>Die durch das ReBBZ durchgef\u00fchrte vertiefende sonderp\u00e4dagogische Diagnostik und Beratung hat zum Ziel, Kindern mit sonderp\u00e4dagogischem F\u00f6rderbedarf eine ad\u00e4quate Teilhabe an Unterricht und Bildung zu erm\u00f6glichen. Bei Bedarf wird die fachliche Expertise anderer mit dem Kind befassten Fachleute (z. B. \u00c4rztinnen und \u00c4rzte, Therapeutinnen und Therapeuten) hinzugezogen. <img loading=\"lazy\" decoding=\"async\" class=\"wp-image-1014 alignright\" src=\"https:\/\/rebbz-winterhude.hamburg.de\/wp-content\/uploads\/sites\/656\/2018\/04\/Kleckse-gelb.jpg\" alt=\"\" width=\"103\" height=\"99\" srcset=\"https:\/\/rebbz-winterhude.hamburg.de\/wp-content\/uploads\/sites\/656\/2018\/04\/Kleckse-gelb.jpg 615w, https:\/\/rebbz-winterhude.hamburg.de\/wp-content\/uploads\/sites\/656\/2018\/04\/Kleckse-gelb-300x288.jpg 300w\" sizes=\"auto, (max-width: 103px) 100vw, 103px\" \/><\/p>\n<p style=\"text-align: justify\">In enger Kooperation mit den Lehrkr\u00e4ften, Eltern und den Sch\u00fclerinnen und Sch\u00fclern entwickeln wir Gelingensbedingungen f\u00fcr das erfolgreiche Lernen an der Schule. In diesen Prozess haben wir die gesamte Entwicklung des Kindes im Blick.<\/p>\n<p style=\"text-align: justify\">Die Sorgeberechtigten entscheiden am Ende, welche Schulform ihr Kind besuchen soll: eine allgemeine Schule, die Bildungsabteilung des ReBBZ oder bei Bedarf auch eine spezielle Sonderschule.<br \/>\nDie sonderp\u00e4dagogische Diagnostik in den allgemeinen Schulen wird von den Fachkr\u00e4ften des ReBBZ unterst\u00fctzt, z.T. selbst durchgef\u00fchrt und koordiniert.<\/p>\n<p style=\"text-align: justify\">Im Hamburgischen Schulgesetz ist in \u00a7 12 festgelegt:<br \/>\nKinder und Jugendliche mit sonderp\u00e4dagogischem F\u00f6rderbedarf haben das Recht, allgemeine Schulen zu besuchen.<br \/>\nBei der Festlegung des Lernortes sind die W\u00fcnsche der Sorgeberechtigten zu ber\u00fccksichtigen.<\/p>\n","protected":false},"excerpt":{"rendered":"<p>Die durch das ReBBZ durchgef\u00fchrte vertiefende sonderp\u00e4dagogische Diagnostik und Beratung hat zum Ziel, Kindern mit sonderp\u00e4dagogischem F\u00f6rderbedarf eine ad\u00e4quate Teilhabe an Unterricht und Bildung zu erm\u00f6glichen. Bei Bedarf wird die fachliche Expertise anderer mit dem Kind befassten Fachleute (z. B. \u00c4rztinnen und \u00c4rzte, Therapeutinnen und Therapeuten) hinzugezogen. In enger Kooperation mit den Lehrkr\u00e4ften, Eltern und &hellip; <a href=\"https:\/\/rebbz-winterhude.hamburg.de\/?page_id=769\" class=\"more-link\"><span class=\"screen-reader-text\">Sonderp\u00e4dagogische Diagnostik und Beratung<\/span> weiterlesen <span class=\"meta-nav\">&rarr;<\/span><\/a><\/p>\n","protected":false},"author":707,"featured_media":0,"parent":0,"menu_order":0,"comment_status":"closed","ping_status":"closed","template":"","meta":{"_acf_changed":false,"footnotes":""},"class_list":["post-769","page","type-page","status-publish","hentry"],"acf":[],"_links":{"self":[{"href":"https:\/\/rebbz-winterhude.hamburg.de\/index.php?rest_route=\/wp\/v2\/pages\/769","targetHints":{"allow":["GET"]}}],"collection":[{"href":"https:\/\/rebbz-winterhude.hamburg.de\/index.php?rest_route=\/wp\/v2\/pages"}],"about":[{"href":"https:\/\/rebbz-winterhude.hamburg.de\/index.php?rest_route=\/wp\/v2\/types\/page"}],"author":[{"embeddable":true,"href":"https:\/\/rebbz-winterhude.hamburg.de\/index.php?rest_route=\/wp\/v2\/users\/707"}],"replies":[{"embeddable":true,"href":"https:\/\/rebbz-winterhude.hamburg.de\/index.php?rest_route=%2Fwp%2Fv2%2Fcomments&post=769"}],"version-history":[{"count":1,"href":"https:\/\/rebbz-winterhude.hamburg.de\/index.php?rest_route=\/wp\/v2\/pages\/769\/revisions"}],"predecessor-version":[{"id":1115,"href":"https:\/\/rebbz-winterhude.hamburg.de\/index.php?rest_route=\/wp\/v2\/pages\/769\/revisions\/1115"}],"wp:attachment":[{"href":"https:\/\/rebbz-winterhude.hamburg.de\/index.php?rest_route=%2Fwp%2Fv2%2Fmedia&parent=769"}],"curies":[{"name":"wp","href":"https:\/\/api.w.org\/{rel}","templated":true}]}}