{"id":811,"date":"2017-09-17T15:15:09","date_gmt":"2017-09-17T13:15:09","guid":{"rendered":"http:\/\/rebbz-winterhude.hamburg.de\/?page_id=811"},"modified":"2022-09-29T13:30:02","modified_gmt":"2022-09-29T11:30:02","slug":"gbs-ganztaetgige-bildung-an-schulen","status":"publish","type":"page","link":"https:\/\/rebbz-winterhude.hamburg.de\/?page_id=811","title":{"rendered":"Ganztag"},"content":{"rendered":"<p><strong><img loading=\"lazy\" decoding=\"async\" class=\" wp-image-1066 alignright\" src=\"https:\/\/rebbz-winterhude.hamburg.de\/wp-content\/uploads\/sites\/656\/2018\/04\/Dreiecke-blau-300x297.jpg\" alt=\"\" width=\"141\" height=\"139\" srcset=\"https:\/\/rebbz-winterhude.hamburg.de\/wp-content\/uploads\/sites\/656\/2018\/04\/Dreiecke-blau-300x297.jpg 300w, https:\/\/rebbz-winterhude.hamburg.de\/wp-content\/uploads\/sites\/656\/2018\/04\/Dreiecke-blau.jpg 534w\" sizes=\"auto, (max-width: 141px) 100vw, 141px\" \/>Kooperationspartner der Schule L\u00e4mmersieth (ReBBZ Winterhude)<br \/>\nist die Stiftung Finkenau.<\/strong><\/p>\n<p>Mehr Informationen finden Sie hier:<\/p>\n<p><a href=\"https:\/\/finkenau.de\/\">https:\/\/finkenau.de\/<\/a><\/p>\n<p><strong><img loading=\"lazy\" decoding=\"async\" class=\" wp-image-1014 alignleft\" src=\"https:\/\/rebbz-winterhude.hamburg.de\/wp-content\/uploads\/sites\/656\/2018\/04\/Kleckse-gelb-300x288.jpg\" alt=\"\" width=\"145\" height=\"139\" srcset=\"https:\/\/rebbz-winterhude.hamburg.de\/wp-content\/uploads\/sites\/656\/2018\/04\/Kleckse-gelb-300x288.jpg 300w, https:\/\/rebbz-winterhude.hamburg.de\/wp-content\/uploads\/sites\/656\/2018\/04\/Kleckse-gelb.jpg 615w\" sizes=\"auto, (max-width: 145px) 100vw, 145px\" \/>GBS- auch nach der Schule in guten H\u00e4nden!<\/strong><\/p>\n<p style=\"text-align: justify\">W\u00e4hrend der Schulzeit findet eine kostenfreie Betreuung statt (Kernzeit 13:00-16:00 Uhr). Falls Eltern eine Fr\u00fch- und Sp\u00e4tbetreuung oder in den Ferien eine ganzt\u00e4gige Betreuung w\u00fcnschen k\u00f6nnen diese kostenpflichtig zur Kernzeit hinzugebucht werden.<\/p>\n<h5 style=\"text-align: center\">&nbsp;Informationen zum Thema Mittagessen finden Sie unter folgendem Link:<\/h5>\n<p style=\"text-align: center\">&nbsp; &nbsp; &nbsp; &nbsp; &nbsp; &nbsp;<strong> &nbsp; &nbsp; &nbsp; <a href=\"https:\/\/speedcatering.de\/rebbz-winterhude\/\">&nbsp;Hier geht&#8217;s zum Speiseplan!<\/a><\/strong><\/p>\n<p>&nbsp;<\/p>\n","protected":false},"excerpt":{"rendered":"<p>Kooperationspartner der Schule L\u00e4mmersieth (ReBBZ Winterhude) ist die Stiftung Finkenau. Mehr Informationen finden Sie hier: https:\/\/finkenau.de\/ GBS- auch nach der Schule in guten H\u00e4nden! W\u00e4hrend der Schulzeit findet eine kostenfreie Betreuung statt (Kernzeit 13:00-16:00 Uhr). Falls Eltern eine Fr\u00fch- und Sp\u00e4tbetreuung oder in den Ferien eine ganzt\u00e4gige Betreuung w\u00fcnschen k\u00f6nnen diese kostenpflichtig zur Kernzeit hinzugebucht &hellip; <a href=\"https:\/\/rebbz-winterhude.hamburg.de\/?page_id=811\" class=\"more-link\"><span class=\"screen-reader-text\">Ganztag<\/span> weiterlesen <span class=\"meta-nav\">&rarr;<\/span><\/a><\/p>\n","protected":false},"author":761,"featured_media":0,"parent":0,"menu_order":0,"comment_status":"closed","ping_status":"closed","template":"","meta":{"_acf_changed":false,"footnotes":""},"class_list":["post-811","page","type-page","status-publish","hentry"],"acf":[],"_links":{"self":[{"href":"https:\/\/rebbz-winterhude.hamburg.de\/index.php?rest_route=\/wp\/v2\/pages\/811","targetHints":{"allow":["GET"]}}],"collection":[{"href":"https:\/\/rebbz-winterhude.hamburg.de\/index.php?rest_route=\/wp\/v2\/pages"}],"about":[{"href":"https:\/\/rebbz-winterhude.hamburg.de\/index.php?rest_route=\/wp\/v2\/types\/page"}],"author":[{"embeddable":true,"href":"https:\/\/rebbz-winterhude.hamburg.de\/index.php?rest_route=\/wp\/v2\/users\/761"}],"replies":[{"embeddable":true,"href":"https:\/\/rebbz-winterhude.hamburg.de\/index.php?rest_route=%2Fwp%2Fv2%2Fcomments&post=811"}],"version-history":[{"count":4,"href":"https:\/\/rebbz-winterhude.hamburg.de\/index.php?rest_route=\/wp\/v2\/pages\/811\/revisions"}],"predecessor-version":[{"id":1906,"href":"https:\/\/rebbz-winterhude.hamburg.de\/index.php?rest_route=\/wp\/v2\/pages\/811\/revisions\/1906"}],"wp:attachment":[{"href":"https:\/\/rebbz-winterhude.hamburg.de\/index.php?rest_route=%2Fwp%2Fv2%2Fmedia&parent=811"}],"curies":[{"name":"wp","href":"https:\/\/api.w.org\/{rel}","templated":true}]}}