{"id":870,"date":"2017-11-14T11:32:04","date_gmt":"2017-11-14T10:32:04","guid":{"rendered":"http:\/\/rebbz-winterhude.hamburg.de\/?page_id=870"},"modified":"2021-06-16T10:02:20","modified_gmt":"2021-06-16T08:02:20","slug":"lernfoerderung","status":"publish","type":"page","link":"https:\/\/rebbz-winterhude.hamburg.de\/?page_id=870","title":{"rendered":"Lernf\u00f6rderung"},"content":{"rendered":"<p style=\"text-align: justify\"><img loading=\"lazy\" decoding=\"async\" width=\"96\" height=\"217\" class=\"wp-image-1068 alignright\" alt=\"\" src=\"https:\/\/rebbz-winterhude.hamburg.de\/wp-content\/uploads\/sites\/656\/2018\/04\/Sch\u00fcler-denkt-133x300.jpg\" srcset=\"https:\/\/rebbz-winterhude.hamburg.de\/wp-content\/uploads\/sites\/656\/2018\/04\/Sch\u00fcler-denkt-133x300.jpg 133w, https:\/\/rebbz-winterhude.hamburg.de\/wp-content\/uploads\/sites\/656\/2018\/04\/Sch\u00fcler-denkt.jpg 389w\" sizes=\"auto, (max-width: 96px) 100vw, 96px\" \/>Es findet zwei Mal in der Woche eine <strong>offene Lernf\u00f6rderung<\/strong> statt. Hier sind alle Jugendlichen der Schule Brucknerstra\u00dfe eingeladen, ihre Hausaufgaben zu erledigen, f\u00fcr Klausuren zu lernen oder Fragen zum Unterricht zu stellen.<\/p>\n<p style=\"text-align: justify\">Hierf\u00fcr melden Sie Ihr Kind bitte \u00fcber das Schulsekretariat an.<\/p>\n<p style=\"text-align: justify\">Wir arbeiten sehr eng mit den jeweiligen Klassenlehrerinnen und Klassenlehrern zusammen und tauschen uns regelm\u00e4\u00dfig mit ihnen aus.<\/p>\n","protected":false},"excerpt":{"rendered":"<p>Es findet zwei Mal in der Woche eine offene Lernf\u00f6rderung statt. Hier sind alle Jugendlichen der Schule Brucknerstra\u00dfe eingeladen, ihre Hausaufgaben zu erledigen, f\u00fcr Klausuren zu lernen oder Fragen zum Unterricht zu stellen. Hierf\u00fcr melden Sie Ihr Kind bitte \u00fcber das Schulsekretariat an. Wir arbeiten sehr eng mit den jeweiligen Klassenlehrerinnen und Klassenlehrern zusammen und &hellip; <a href=\"https:\/\/rebbz-winterhude.hamburg.de\/?page_id=870\" class=\"more-link\"><span class=\"screen-reader-text\">Lernf\u00f6rderung<\/span> weiterlesen <span class=\"meta-nav\">&rarr;<\/span><\/a><\/p>\n","protected":false},"author":761,"featured_media":0,"parent":0,"menu_order":0,"comment_status":"closed","ping_status":"closed","template":"","meta":{"_acf_changed":false,"footnotes":""},"class_list":["post-870","page","type-page","status-publish","hentry"],"acf":[],"_links":{"self":[{"href":"https:\/\/rebbz-winterhude.hamburg.de\/index.php?rest_route=\/wp\/v2\/pages\/870","targetHints":{"allow":["GET"]}}],"collection":[{"href":"https:\/\/rebbz-winterhude.hamburg.de\/index.php?rest_route=\/wp\/v2\/pages"}],"about":[{"href":"https:\/\/rebbz-winterhude.hamburg.de\/index.php?rest_route=\/wp\/v2\/types\/page"}],"author":[{"embeddable":true,"href":"https:\/\/rebbz-winterhude.hamburg.de\/index.php?rest_route=\/wp\/v2\/users\/761"}],"replies":[{"embeddable":true,"href":"https:\/\/rebbz-winterhude.hamburg.de\/index.php?rest_route=%2Fwp%2Fv2%2Fcomments&post=870"}],"version-history":[{"count":3,"href":"https:\/\/rebbz-winterhude.hamburg.de\/index.php?rest_route=\/wp\/v2\/pages\/870\/revisions"}],"predecessor-version":[{"id":1687,"href":"https:\/\/rebbz-winterhude.hamburg.de\/index.php?rest_route=\/wp\/v2\/pages\/870\/revisions\/1687"}],"wp:attachment":[{"href":"https:\/\/rebbz-winterhude.hamburg.de\/index.php?rest_route=%2Fwp%2Fv2%2Fmedia&parent=870"}],"curies":[{"name":"wp","href":"https:\/\/api.w.org\/{rel}","templated":true}]}}