{"id":878,"date":"2017-11-14T12:24:18","date_gmt":"2017-11-14T11:24:18","guid":{"rendered":"http:\/\/rebbz-winterhude.hamburg.de\/?page_id=878"},"modified":"2023-03-20T11:26:09","modified_gmt":"2023-03-20T10:26:09","slug":"mittagspause","status":"publish","type":"page","link":"https:\/\/rebbz-winterhude.hamburg.de\/?page_id=878","title":{"rendered":"Mittagspause"},"content":{"rendered":"<p style=\"text-align: justify\"><img loading=\"lazy\" decoding=\"async\" class=\"wp-image-1067 alignright\" src=\"https:\/\/rebbz-winterhude.hamburg.de\/wp-content\/uploads\/sites\/656\/2018\/04\/Essen-245x300.jpg\" alt=\"\" width=\"122\" height=\"149\" srcset=\"https:\/\/rebbz-winterhude.hamburg.de\/wp-content\/uploads\/sites\/656\/2018\/04\/Essen-245x300.jpg 245w, https:\/\/rebbz-winterhude.hamburg.de\/wp-content\/uploads\/sites\/656\/2018\/04\/Essen.jpg 452w\" sizes=\"auto, (max-width: 122px) 100vw, 122px\" \/><strong>In Zusammenarbeit mit dem Caterer CC Campus werden die Sch\u00fclerinnen und Sch\u00fcler t\u00e4glich mit frischem Essen versorgt.<\/strong><\/p>\n<p style=\"text-align: justify\">Die <strong>Anmeldung<\/strong> f\u00fcr das Mittagessen kann unter<strong> folgenden Links<\/strong> abgerufen werden und muss im&nbsp; Schulsekretariat abgegeben werden.<\/p>\n<p style=\"text-align: justify\"><a href=\"https:\/\/rebbz-winterhude.hamburg.de\/wp-content\/uploads\/sites\/656\/2023\/03\/Infobrief-Brucknerstrasse.pdf\">Infobrief Brucknerstra\u00dfe<\/a><\/p>\n<p><a href=\"https:\/\/rebbz-winterhude.hamburg.de\/wp-content\/uploads\/sites\/656\/2023\/03\/Einzugsermaechtigung-Brucknerstrasse.pdf\">Einzugserm\u00e4chtigung Brucknerstra\u00dfe<\/a><\/p>\n<p>&nbsp;<\/p>\n","protected":false},"excerpt":{"rendered":"<p>In Zusammenarbeit mit dem Caterer CC Campus werden die Sch\u00fclerinnen und Sch\u00fcler t\u00e4glich mit frischem Essen versorgt. Die Anmeldung f\u00fcr das Mittagessen kann unter folgenden Links abgerufen werden und muss im&nbsp; Schulsekretariat abgegeben werden. Infobrief Brucknerstra\u00dfe Einzugserm\u00e4chtigung Brucknerstra\u00dfe &nbsp;<\/p>\n","protected":false},"author":761,"featured_media":0,"parent":0,"menu_order":0,"comment_status":"closed","ping_status":"closed","template":"","meta":{"_acf_changed":false,"footnotes":""},"class_list":["post-878","page","type-page","status-publish","hentry"],"acf":[],"_links":{"self":[{"href":"https:\/\/rebbz-winterhude.hamburg.de\/index.php?rest_route=\/wp\/v2\/pages\/878","targetHints":{"allow":["GET"]}}],"collection":[{"href":"https:\/\/rebbz-winterhude.hamburg.de\/index.php?rest_route=\/wp\/v2\/pages"}],"about":[{"href":"https:\/\/rebbz-winterhude.hamburg.de\/index.php?rest_route=\/wp\/v2\/types\/page"}],"author":[{"embeddable":true,"href":"https:\/\/rebbz-winterhude.hamburg.de\/index.php?rest_route=\/wp\/v2\/users\/761"}],"replies":[{"embeddable":true,"href":"https:\/\/rebbz-winterhude.hamburg.de\/index.php?rest_route=%2Fwp%2Fv2%2Fcomments&post=878"}],"version-history":[{"count":5,"href":"https:\/\/rebbz-winterhude.hamburg.de\/index.php?rest_route=\/wp\/v2\/pages\/878\/revisions"}],"predecessor-version":[{"id":2047,"href":"https:\/\/rebbz-winterhude.hamburg.de\/index.php?rest_route=\/wp\/v2\/pages\/878\/revisions\/2047"}],"wp:attachment":[{"href":"https:\/\/rebbz-winterhude.hamburg.de\/index.php?rest_route=%2Fwp%2Fv2%2Fmedia&parent=878"}],"curies":[{"name":"wp","href":"https:\/\/api.w.org\/{rel}","templated":true}]}}