{"id":929,"date":"2018-02-20T13:19:17","date_gmt":"2018-02-20T12:19:17","guid":{"rendered":"http:\/\/rebbz-winterhude.hamburg.de\/?page_id=929"},"modified":"2023-02-23T14:20:40","modified_gmt":"2023-02-23T13:20:40","slug":"klasse-7","status":"publish","type":"page","link":"https:\/\/rebbz-winterhude.hamburg.de\/?page_id=929","title":{"rendered":"Klasse 7"},"content":{"rendered":"<p><span style=\"color: #008000\"><strong>Die Klasse 7 ist der j\u00fcngste Jahrgang am Schulstandort Brucknerstra\u00dfe.<\/strong><\/span><\/p>\n<ul>\n<li style=\"list-style-type: none\">\n<ul>\n<li style=\"list-style-type: none\">\n<ul>\n<li style=\"list-style-type: none\">\n<ul style=\"text-align: justify\">\n<li>In diese Klasse kommen Sch\u00fcler:innen aus dem Schulstandort L\u00e4mmersieth sowie aus verschiedenen umliegenden Schule neu an die Schule Brucknerstra\u00dfe. Sie bleiben f\u00fcr ein Jahr in<img loading=\"lazy\" decoding=\"async\" class=\"wp-image-1071 alignright\" src=\"https:\/\/rebbz-winterhude.hamburg.de\/wp-content\/uploads\/sites\/656\/2018\/04\/Tafel-300x227.jpg\" alt=\"\" width=\"174\" height=\"132\" srcset=\"https:\/\/rebbz-winterhude.hamburg.de\/wp-content\/uploads\/sites\/656\/2018\/04\/Tafel-300x227.jpg 300w, https:\/\/rebbz-winterhude.hamburg.de\/wp-content\/uploads\/sites\/656\/2018\/04\/Tafel-768x580.jpg 768w, https:\/\/rebbz-winterhude.hamburg.de\/wp-content\/uploads\/sites\/656\/2018\/04\/Tafel.jpg 871w\" sizes=\"auto, (max-width: 174px) 100vw, 174px\" \/> dieser Besetzung zusammen.<\/li>\n<\/ul>\n<ul style=\"text-align: justify\">\n<li>Es erfolgt Unterricht nach der Stundentafel. Im Laufe des Schuljahres werden wichtige schulische Inhalte wiederholt und vertieft.&nbsp; Weitere Schwerpunkte liegen auf den Themen \u201eArbeit und Beruf\u201c und \u201ePC-Kenntnisse\u201c.<\/li>\n<li>Im Fr\u00fchjahr wird der <strong>Profilklassentest <\/strong>durchgef\u00fchrt<strong>.<\/strong>&nbsp;<span style=\"color: #008000\"><strong><img loading=\"lazy\" decoding=\"async\" class=\"wp-image-1063 alignright\" src=\"https:\/\/rebbz-winterhude.hamburg.de\/wp-content\/uploads\/sites\/656\/2018\/04\/Lupe-278x300.jpg\" alt=\"\" width=\"72\" height=\"78\" srcset=\"https:\/\/rebbz-winterhude.hamburg.de\/wp-content\/uploads\/sites\/656\/2018\/04\/Lupe-278x300.jpg 278w, https:\/\/rebbz-winterhude.hamburg.de\/wp-content\/uploads\/sites\/656\/2018\/04\/Lupe.jpg 666w\" sizes=\"auto, (max-width: 72px) 100vw, 72px\" \/><\/strong><\/span>Zusammen mit den bisherigen Schulleistungen und weiteren Faktoren bilden die Testergebnisse die Grundlage f\u00fcr die weitere Schullaufbahn&nbsp; ab Klasse 8 am Standort Brucknerstra\u00dfe:<\/li>\n<\/ul>\n<ul>\n<li style=\"text-align: justify\"><a href=\"https:\/\/rebbz-winterhude.hamburg.de\/?page_id=728\"><strong><u>Profilklasse KOMPASS<\/u><\/strong><\/a> oder <a href=\"https:\/\/rebbz-winterhude.hamburg.de\/?page_id=732\"><strong><u>Profilklasse ESA<\/u><\/strong><\/a> <strong>:&nbsp;&nbsp;&nbsp;&nbsp;&nbsp;&nbsp;&nbsp;&nbsp; &nbsp; &nbsp; &nbsp; &nbsp; <\/strong>In Einzelgespr\u00e4chen mit den Sch\u00fcler:innen und den Erziehungsberechtigten wird ausf\u00fchrlich besprochen, welches Profil f\u00fcr das folgende Schuljahr&nbsp; vorgesehen ist.<\/li>\n<\/ul>\n<\/li>\n<\/ul>\n<\/li>\n<\/ul>\n<\/li>\n<\/ul>\n","protected":false},"excerpt":{"rendered":"<p>Die Klasse 7 ist der j\u00fcngste Jahrgang am Schulstandort Brucknerstra\u00dfe. In diese Klasse kommen Sch\u00fcler:innen aus dem Schulstandort L\u00e4mmersieth sowie aus verschiedenen umliegenden Schule neu an die Schule Brucknerstra\u00dfe. Sie bleiben f\u00fcr ein Jahr in dieser Besetzung zusammen. Es erfolgt Unterricht nach der Stundentafel. Im Laufe des Schuljahres werden wichtige schulische Inhalte wiederholt und vertieft.&nbsp; &hellip; <a href=\"https:\/\/rebbz-winterhude.hamburg.de\/?page_id=929\" class=\"more-link\"><span class=\"screen-reader-text\">Klasse 7<\/span> weiterlesen <span class=\"meta-nav\">&rarr;<\/span><\/a><\/p>\n","protected":false},"author":761,"featured_media":0,"parent":0,"menu_order":0,"comment_status":"closed","ping_status":"closed","template":"","meta":{"_acf_changed":false,"footnotes":""},"class_list":["post-929","page","type-page","status-publish","hentry"],"acf":[],"_links":{"self":[{"href":"https:\/\/rebbz-winterhude.hamburg.de\/index.php?rest_route=\/wp\/v2\/pages\/929","targetHints":{"allow":["GET"]}}],"collection":[{"href":"https:\/\/rebbz-winterhude.hamburg.de\/index.php?rest_route=\/wp\/v2\/pages"}],"about":[{"href":"https:\/\/rebbz-winterhude.hamburg.de\/index.php?rest_route=\/wp\/v2\/types\/page"}],"author":[{"embeddable":true,"href":"https:\/\/rebbz-winterhude.hamburg.de\/index.php?rest_route=\/wp\/v2\/users\/761"}],"replies":[{"embeddable":true,"href":"https:\/\/rebbz-winterhude.hamburg.de\/index.php?rest_route=%2Fwp%2Fv2%2Fcomments&post=929"}],"version-history":[{"count":3,"href":"https:\/\/rebbz-winterhude.hamburg.de\/index.php?rest_route=\/wp\/v2\/pages\/929\/revisions"}],"predecessor-version":[{"id":1975,"href":"https:\/\/rebbz-winterhude.hamburg.de\/index.php?rest_route=\/wp\/v2\/pages\/929\/revisions\/1975"}],"wp:attachment":[{"href":"https:\/\/rebbz-winterhude.hamburg.de\/index.php?rest_route=%2Fwp%2Fv2%2Fmedia&parent=929"}],"curies":[{"name":"wp","href":"https:\/\/api.w.org\/{rel}","templated":true}]}}