{"id":955,"date":"2018-03-01T10:38:33","date_gmt":"2018-03-01T09:38:33","guid":{"rendered":"http:\/\/rebbz-winterhude.hamburg.de\/?page_id=955"},"modified":"2023-03-27T10:47:25","modified_gmt":"2023-03-27T08:47:25","slug":"berufsvorbereitung-klasse-8-10","status":"publish","type":"page","link":"https:\/\/rebbz-winterhude.hamburg.de\/?page_id=955","title":{"rendered":"Berufsvorbereitung Klasse 8-10"},"content":{"rendered":"<p>&nbsp;<\/p>\n<p><img loading=\"lazy\" decoding=\"async\" class=\" wp-image-1073 aligncenter\" src=\"https:\/\/rebbz-winterhude.hamburg.de\/wp-content\/uploads\/sites\/656\/2018\/04\/Berufe-Klasse-300x204.jpg\" alt=\"\" width=\"259\" height=\"176\" srcset=\"https:\/\/rebbz-winterhude.hamburg.de\/wp-content\/uploads\/sites\/656\/2018\/04\/Berufe-Klasse-300x204.jpg 300w, https:\/\/rebbz-winterhude.hamburg.de\/wp-content\/uploads\/sites\/656\/2018\/04\/Berufe-Klasse-768x522.jpg 768w, https:\/\/rebbz-winterhude.hamburg.de\/wp-content\/uploads\/sites\/656\/2018\/04\/Berufe-Klasse-1024x697.jpg 1024w, https:\/\/rebbz-winterhude.hamburg.de\/wp-content\/uploads\/sites\/656\/2018\/04\/Berufe-Klasse.jpg 2048w\" sizes=\"auto, (max-width: 259px) 100vw, 259px\" \/><\/p>\n<p style=\"text-align: center\"><span style=\"color: #333300\"><strong><u>Ziel f\u00fcr ESA- und Kompass-Klassen:<\/u><\/strong><\/span><\/p>\n<p style=\"text-align: center\"><span style=\"color: #008000\"><strong>Anschlussf\u00e4higkeit<\/strong><\/span><\/p>\n<p style=\"text-align: center\"><span style=\"color: #008000\"><strong>Ausbildungsf\u00e4higkeit<\/strong><\/span><\/p>\n<p style=\"text-align: center\"><span style=\"color: #008000\"><strong>Arbeitsf\u00e4higkeit<\/strong><\/span><\/p>\n<table style=\"width: 101.45%;height: 449px\" border=\"5\">\n<tbody>\n<tr style=\"height: 18px\">\n<td style=\"background-color: #f7e645;width: 14.3426%;height: 24px\"><strong>Klasse 7<\/strong><\/td>\n<td style=\"width: 78.044%;height: 24px;background-color: #62bfb6;text-align: center\" colspan=\"2\"><strong>Girls and Boys Day<\/strong><\/td>\n<\/tr>\n<tr style=\"height: 18px\">\n<td style=\"background-color: #f7e645;width: 14.3426%;height: 24px\"><strong>&nbsp;<\/strong><\/td>\n<td style=\"background-color: #80c932;text-align: center;width: 32.2708%;height: 24px\"><strong>Profil ESA<\/strong><\/td>\n<td style=\"background-color: #aaf252;text-align: center;width: 45.7732%;height: 24px\"><strong>Profil Kompass<\/strong><\/td>\n<\/tr>\n<tr style=\"height: 54px\">\n<td style=\"background-color: #f7e645;width: 14.3426%;height: 72px;text-align: center\"><strong>Klasse 8<\/strong><\/td>\n<td style=\"background-color: #80c932;width: 32.2708%;text-align: center;height: 72px\">&nbsp;<\/td>\n<td style=\"background-color: #aaf252;width: 45.7732%;text-align: center;height: 72px\">1 Kompass-Praktikum&nbsp; im 2.Halbjahr<br \/>\n(3 Monate, je 2 Tage \/Woche)<\/td>\n<\/tr>\n<tr style=\"height: 54px\">\n<td style=\"background-color: #f7e645;width: 14.3426%;height: 72px;text-align: center\"><strong>Klasse 9<\/strong><\/td>\n<td style=\"background-color: #80c932;width: 32.2708%;text-align: center;height: 72px\">2 Praktika<br \/>\n(je 2 Wochen)<\/td>\n<td style=\"background-color: #aaf252;width: 45.7732%;text-align: center;height: 72px\">2 Kompass-Praktika<br \/>\n(jeweils 3 Monate lang,<br \/>\nje 2 Tage pro Woche)<\/td>\n<\/tr>\n<tr style=\"height: 110px\">\n<td style=\"background-color: #f7e645;width: 14.3426%;height: 257px;text-align: center\"><strong>Klasse 10<\/strong><\/td>\n<td style=\"background-color: #80c932;width: 32.2708%;text-align: center;height: 257px\">\n<ul>\n<li>1 Betriebspraktikum&nbsp; &nbsp; &nbsp; (2 Wochen)<\/li>\n<li>1 Sozialpraktikum&nbsp; &nbsp; &nbsp; &nbsp; &nbsp; &nbsp;(1 Woche)&nbsp;<\/li>\n<\/ul>\n<p><strong>Individuelle Berufsberatung durch Berater:in im Haus<\/strong><\/td>\n<td style=\"background-color: #aaf252;width: 45.7732%;text-align: center;height: 257px\">&nbsp; &nbsp; &nbsp; &nbsp; &nbsp; &nbsp; &nbsp;2 Kompass-Praktika&nbsp; &nbsp; &nbsp; &nbsp; &nbsp; &nbsp; &nbsp;(jeweils 3 Monate lang, je 2 Tage pro Woche)<\/p>\n<p>&nbsp;<\/p>\n<p><strong>Individuelle <\/strong><strong>Berufsberatung durch Berater:in im Haus<\/strong><\/td>\n<\/tr>\n<\/tbody>\n<\/table>\n<p>&nbsp;<\/p>\n","protected":false},"excerpt":{"rendered":"<p>&nbsp; Ziel f\u00fcr ESA- und Kompass-Klassen: Anschlussf\u00e4higkeit Ausbildungsf\u00e4higkeit Arbeitsf\u00e4higkeit Klasse 7 Girls and Boys Day &nbsp; Profil ESA Profil Kompass Klasse 8 &nbsp; 1 Kompass-Praktikum&nbsp; im 2.Halbjahr (3 Monate, je 2 Tage \/Woche) Klasse 9 2 Praktika (je 2 Wochen) 2 Kompass-Praktika (jeweils 3 Monate lang, je 2 Tage pro Woche) Klasse 10 1 Betriebspraktikum&nbsp; &hellip; <a href=\"https:\/\/rebbz-winterhude.hamburg.de\/?page_id=955\" class=\"more-link\"><span class=\"screen-reader-text\">Berufsvorbereitung Klasse 8-10<\/span> weiterlesen <span class=\"meta-nav\">&rarr;<\/span><\/a><\/p>\n","protected":false},"author":761,"featured_media":0,"parent":0,"menu_order":0,"comment_status":"closed","ping_status":"closed","template":"","meta":{"_acf_changed":false,"footnotes":""},"class_list":["post-955","page","type-page","status-publish","hentry"],"acf":[],"_links":{"self":[{"href":"https:\/\/rebbz-winterhude.hamburg.de\/index.php?rest_route=\/wp\/v2\/pages\/955","targetHints":{"allow":["GET"]}}],"collection":[{"href":"https:\/\/rebbz-winterhude.hamburg.de\/index.php?rest_route=\/wp\/v2\/pages"}],"about":[{"href":"https:\/\/rebbz-winterhude.hamburg.de\/index.php?rest_route=\/wp\/v2\/types\/page"}],"author":[{"embeddable":true,"href":"https:\/\/rebbz-winterhude.hamburg.de\/index.php?rest_route=\/wp\/v2\/users\/761"}],"replies":[{"embeddable":true,"href":"https:\/\/rebbz-winterhude.hamburg.de\/index.php?rest_route=%2Fwp%2Fv2%2Fcomments&post=955"}],"version-history":[{"count":3,"href":"https:\/\/rebbz-winterhude.hamburg.de\/index.php?rest_route=\/wp\/v2\/pages\/955\/revisions"}],"predecessor-version":[{"id":2052,"href":"https:\/\/rebbz-winterhude.hamburg.de\/index.php?rest_route=\/wp\/v2\/pages\/955\/revisions\/2052"}],"wp:attachment":[{"href":"https:\/\/rebbz-winterhude.hamburg.de\/index.php?rest_route=%2Fwp%2Fv2%2Fmedia&parent=955"}],"curies":[{"name":"wp","href":"https:\/\/api.w.org\/{rel}","templated":true}]}}